{"id":117,"date":"2016-11-15T14:50:35","date_gmt":"2016-11-15T14:50:35","guid":{"rendered":"http:\/\/www.ehu.eus\/cdsea\/cdseawp\/?page_id=117"},"modified":"2017-02-19T22:58:08","modified_gmt":"2017-02-19T22:58:08","slug":"servicios-ecosistema-bizkaia","status":"publish","type":"page","link":"https:\/\/www.ehu.eus\/cdsea\/web\/index.php\/investigacion\/servicios-ecosistema-bizkaia\/","title":{"rendered":"Servicios Ecosistema Bizkaia"},"content":{"rendered":"<p>[vc_row][vc_column width=\u00bb1\/4&#8243;][vc_wp_custommenu nav_menu=\u00bb10&#8243;][\/vc_column][vc_column width=\u00bb3\/4&#8243;][vc_custom_heading text=\u00bbEVALUACI\u00d3N DE LOS ECOSISTEMAS DEL MILENIO EN BIZKAIA\u00bb font_container=\u00bbtag:h3|text_align:left|color:%23198c49&#8243; google_fonts=\u00bbfont_family:Droid%20Sans%3Aregular%2C700|font_style:400%20regular%3A400%3Anormal\u00bb][vc_column_text]<\/p>\n<p style=\"text-align: justify;\"><span style=\"font-size: 12pt;\"><img loading=\"lazy\" decoding=\"async\" class=\"size-medium wp-image-592 alignright\" src=\"http:\/\/www.ehu.eus\/cdsea\/web\/wp-content\/uploads\/2016\/11\/Logo_Bizkaia-300x122.jpg\" alt=\"logo_bizkaia\" width=\"300\" height=\"122\" srcset=\"https:\/\/www.ehu.eus\/cdsea\/web\/wp-content\/uploads\/2016\/11\/Logo_Bizkaia-300x122.jpg 300w, https:\/\/www.ehu.eus\/cdsea\/web\/wp-content\/uploads\/2016\/11\/Logo_Bizkaia.jpg 340w\" sizes=\"(max-width: 300px) 100vw, 300px\" \/>La C\u00e1tedra UNESCO sobre Desarrollo Sostenible y Educaci\u00f3n Ambiental\u00a0de la Universidad del Pa\u00eds Vasco, con el apoyo de la Diputaci\u00f3n Foral de Bizkaia, ha llevado a cabo el proyecto de investigaci\u00f3n <em><strong>\u201cEvaluaci\u00f3n de los Ecosistemas del Mileni<\/strong><strong>o en Bizkaia\u201d.<\/strong><\/em><\/span><\/p>\n<p style=\"text-align: justify;\"><span style=\"font-size: 12pt;\">La finalidad de este proyecto ha sido desarrollar en Bizkaia el marco conceptual y metodol\u00f3gico del Programa Cient\u00edfico Internacional de Naciones Unidas, <a href=\"http:\/\/www.millenniumassessment.org\/es\/\" target=\"_blank\"><em><strong>Evaluaci\u00f3n de Ecosistemas del Milenio<\/strong><\/em>,<\/a> con el objetivo de generar conocimiento cient\u00edfico sobre las consecuencias de las alteraciones en los ecosistemas debidas al impacto de las pol\u00edticas actuales de gesti\u00f3n, que pueda ser aplicado en el \u00e1mbito p\u00fablico y privado; as\u00ed como presentar posibles opciones de respuesta. Se presta una especial atenci\u00f3n al concepto de capital natural, a la estimaci\u00f3n de los servicios que prestan los ecosistemas y a la forma en que \u00e9stos se ven afectados por las actividades humanas. Tambi\u00e9n se pretende establecer en lo posible, el capital natural cr\u00edtico, definido como los recursos naturales esenciales e insustituibles a corto-medio plazo en Bizkaia.<\/span><\/p>\n<p style=\"text-align: justify;\"><span style=\"font-size: 12pt;\">En este proyecto ha participado la Universidad Aut\u00f3noma de Madrid, a trav\u00e9s del laboratorio de socioecosistemas del Departamento Interuniversitario de Ecolog\u00eda, en cuestiones relacionadas con asesoramiento y unificaci\u00f3n de metodolog\u00edas y criterios, as\u00ed como UNESCO Etxea (Centro UNESCO Pa\u00eds Vasco) en la difusi\u00f3n del proyecto y puesta en valor del mismo a nivel internacional.<\/span><\/p>\n<p style=\"text-align: justify;\"><span style=\"font-size: 12pt;\">El trabajo realizado dentro de este proyecto queda recogido en el <strong><a href=\"http:\/\/www.ehu.eus\/cdsea\/web\/wp-content\/uploads\/2016\/11\/LibroReducido.pdf\" target=\"_blank\">libro \u00abNaturaleza y Bienestar en Bizkaia\u00bb<\/a>.<\/strong><\/span><\/p>\n<p style=\"text-align: justify;\"><a href=\"http:\/\/www.ehu.eus\/cdsea\/web\/wp-content\/uploads\/2016\/11\/LibroReducido.pdf\"><img loading=\"lazy\" decoding=\"async\" class=\"aligncenter wp-image-867 size-medium\" src=\"http:\/\/www.ehu.eus\/cdsea\/web\/wp-content\/uploads\/2016\/11\/Libro_Bizkaia-225x300.jpg\" alt=\"libro_bizkaia\" width=\"225\" height=\"300\" \/><\/a><\/p>\n<p>[\/vc_column_text][\/vc_column][\/vc_row]<\/p>\n","protected":false},"excerpt":{"rendered":"<p>[vc_row][vc_column width=\u00bb1\/4&#8243;][vc_wp_custommenu nav_menu=\u00bb10&#8243;][\/vc_column][vc_column width=\u00bb3\/4&#8243;][vc_custom_heading text=\u00bbEVALUACI\u00d3N DE LOS ECOSISTEMAS DEL MILENIO EN BIZKAIA\u00bb font_container=\u00bbtag:h3|text_align:left|color:%23198c49&#8243; google_fonts=\u00bbfont_family:Droid%20Sans%3Aregular%2C700|font_style:400%20regular%3A400%3Anormal\u00bb][vc_column_text] La C\u00e1tedra UNESCO sobre Desarrollo Sostenible y Educaci\u00f3n Ambiental\u00a0de la Universidad del Pa\u00eds Vasco, con el apoyo de la Diputaci\u00f3n Foral de Bizkaia, ha llevado a cabo el proyecto de investigaci\u00f3n \u201cEvaluaci\u00f3n de los Ecosistemas del Milenio en Bizkaia\u201d. La finalidad [&hellip;]<\/p>\n","protected":false},"author":1,"featured_media":0,"parent":9,"menu_order":2,"comment_status":"closed","ping_status":"closed","template":"","meta":{"footnotes":""},"class_list":["post-117","page","type-page","status-publish","hentry"],"_links":{"self":[{"href":"https:\/\/www.ehu.eus\/cdsea\/web\/index.php\/wp-json\/wp\/v2\/pages\/117"}],"collection":[{"href":"https:\/\/www.ehu.eus\/cdsea\/web\/index.php\/wp-json\/wp\/v2\/pages"}],"about":[{"href":"https:\/\/www.ehu.eus\/cdsea\/web\/index.php\/wp-json\/wp\/v2\/types\/page"}],"author":[{"embeddable":true,"href":"https:\/\/www.ehu.eus\/cdsea\/web\/index.php\/wp-json\/wp\/v2\/users\/1"}],"replies":[{"embeddable":true,"href":"https:\/\/www.ehu.eus\/cdsea\/web\/index.php\/wp-json\/wp\/v2\/comments?post=117"}],"version-history":[{"count":0,"href":"https:\/\/www.ehu.eus\/cdsea\/web\/index.php\/wp-json\/wp\/v2\/pages\/117\/revisions"}],"up":[{"embeddable":true,"href":"https:\/\/www.ehu.eus\/cdsea\/web\/index.php\/wp-json\/wp\/v2\/pages\/9"}],"wp:attachment":[{"href":"https:\/\/www.ehu.eus\/cdsea\/web\/index.php\/wp-json\/wp\/v2\/media?parent=117"}],"curies":[{"name":"wp","href":"https:\/\/api.w.org\/{rel}","templated":true}]}}