{"id":11878,"date":"2020-05-11T14:48:48","date_gmt":"2020-05-11T14:48:48","guid":{"rendered":"http:\/\/www.ehu.eus\/cdsea\/web\/?page_id=11878"},"modified":"2020-05-11T14:49:27","modified_gmt":"2020-05-11T14:49:27","slug":"11878-2","status":"publish","type":"page","link":"https:\/\/www.ehu.eus\/cdsea\/web\/index.php\/11878-2\/","title":{"rendered":"Informe:contribuci\u00f3n de la red espa\u00f1ola reservas biosfera a los ODS"},"content":{"rendered":"<p style=\"text-align: justify;\"><span style=\"font-size: 14pt; color: #003300;\"><strong>INFORME: CONTRIBUCI\u00d3N DE LA RED ESPA\u00d1OLA DE RESERVAS DE LA BIOSFERA AL CUMPLIMIENTO DE LOS ODS<\/strong><\/span><\/p>\n<p style=\"text-align: justify;\"><span style=\"font-size: 12pt;\"><a href=\"http:\/\/rerb.oapn.es\/images\/PDF_publicaciones\/Informe_ODS_en_RB.pdf\"><img loading=\"lazy\" decoding=\"async\" class=\"wp-image-11879 alignleft\" src=\"http:\/\/www.ehu.eus\/cdsea\/web\/wp-content\/uploads\/2017\/03\/Presentaci\u00f3n1-257x300.jpg\" alt=\"\" width=\"164\" height=\"192\" srcset=\"https:\/\/www.ehu.eus\/cdsea\/web\/wp-content\/uploads\/2017\/03\/Presentaci\u00f3n1-257x300.jpg 257w, https:\/\/www.ehu.eus\/cdsea\/web\/wp-content\/uploads\/2017\/03\/Presentaci\u00f3n1.jpg 467w\" sizes=\"(max-width: 164px) 100vw, 164px\" \/><\/a>El informe <strong><a href=\"http:\/\/rerb.oapn.es\/images\/PDF_publicaciones\/Informe_ODS_en_RB.pdf\">\u201cContribuci\u00f3n de la Red Espa\u00f1ola de Reserva de la Biosfera al cumplimiento de los Objetivos de Desarrollo Sostenible (ODS). An\u00e1lisis cualitativo\u201d<\/a><\/strong>, publicado en abril 2020, es resultado de uno de los estudios realizados por el Consejo Cient\u00edfico del Programa MaB Espa\u00f1a. Este informe ha sido coordinado por Miren Onaindia, coordinadora de la C\u00e1tedra UNESCO, y miembro del Consejo Cient\u00edfico del Programa MaB.<\/span><\/p>\n<p style=\"text-align: justify;\"><span style=\"font-size: 12pt;\">En este informe se trata de identificar el papel que realizan las Reservas de Biosfera (RB) hacia el desarrollo sostenible, y las lecciones aprendidas que se pueden sistematizar y aplicar en otros contextos. Uno de los objetivos principales es el de visibilizar a las RB como \u00e1reas modelo para la implementaci\u00f3n de los ODS. Esto permitir\u00e1 aportar datos a los an\u00e1lisis nacionales anuales sobre los ODS y asimismo permitir\u00e1 a las reservas integrar sus acciones en pol\u00edticas nacionales m\u00e1s amplias de sostenibilidad en el marco de proyectos de mayor alcance para el cumplimiento de los ODS. El trabajo tiene como objetivo realizar un diagn\u00f3stico inicial sobre la contribuci\u00f3n a los ODS en varias reservas, que responden a diferentes condiciones ambientales y socioecon\u00f3micas. Asimismo se propone una metodolog\u00eda de estudio y una serie de indicadores de an\u00e1lisis cualitativos para su aplicaci\u00f3n en la totalidad de la Red Espa\u00f1ola de Reservas de Biosfera (RERB).<\/span><\/p>\n","protected":false},"excerpt":{"rendered":"<p>INFORME: CONTRIBUCI\u00d3N DE LA RED ESPA\u00d1OLA DE RESERVAS DE LA BIOSFERA AL CUMPLIMIENTO DE LOS ODS El informe \u201cContribuci\u00f3n de la Red Espa\u00f1ola de Reserva de la Biosfera al cumplimiento de los Objetivos de Desarrollo Sostenible (ODS). An\u00e1lisis cualitativo\u201d, publicado en abril 2020, es resultado de uno de los estudios realizados por el Consejo Cient\u00edfico [&hellip;]<\/p>\n","protected":false},"author":4,"featured_media":0,"parent":0,"menu_order":0,"comment_status":"closed","ping_status":"closed","template":"","meta":{"footnotes":""},"class_list":["post-11878","page","type-page","status-publish","hentry"],"_links":{"self":[{"href":"https:\/\/www.ehu.eus\/cdsea\/web\/index.php\/wp-json\/wp\/v2\/pages\/11878"}],"collection":[{"href":"https:\/\/www.ehu.eus\/cdsea\/web\/index.php\/wp-json\/wp\/v2\/pages"}],"about":[{"href":"https:\/\/www.ehu.eus\/cdsea\/web\/index.php\/wp-json\/wp\/v2\/types\/page"}],"author":[{"embeddable":true,"href":"https:\/\/www.ehu.eus\/cdsea\/web\/index.php\/wp-json\/wp\/v2\/users\/4"}],"replies":[{"embeddable":true,"href":"https:\/\/www.ehu.eus\/cdsea\/web\/index.php\/wp-json\/wp\/v2\/comments?post=11878"}],"version-history":[{"count":2,"href":"https:\/\/www.ehu.eus\/cdsea\/web\/index.php\/wp-json\/wp\/v2\/pages\/11878\/revisions"}],"predecessor-version":[{"id":11882,"href":"https:\/\/www.ehu.eus\/cdsea\/web\/index.php\/wp-json\/wp\/v2\/pages\/11878\/revisions\/11882"}],"wp:attachment":[{"href":"https:\/\/www.ehu.eus\/cdsea\/web\/index.php\/wp-json\/wp\/v2\/media?parent=11878"}],"curies":[{"name":"wp","href":"https:\/\/api.w.org\/{rel}","templated":true}]}}