{"id":12029,"date":"2020-05-19T20:33:06","date_gmt":"2020-05-19T20:33:06","guid":{"rendered":"http:\/\/www.ehu.eus\/cdsea\/web\/?page_id=12029"},"modified":"2020-06-05T16:49:50","modified_gmt":"2020-06-05T16:49:50","slug":"story-map","status":"publish","type":"page","link":"https:\/\/www.ehu.eus\/cdsea\/web\/index.php\/story-map\/","title":{"rendered":"Story map"},"content":{"rendered":"<p style=\"text-align: justify;\"><span style=\"color: #003300;\"><strong><span style=\"font-size: 14pt;\">STORY MAP SOBRE SERVICIOS DE LOS ECOSISTEMAS DE EUSKADI<\/span><\/strong><\/span><\/p>\n<p style=\"text-align: justify;\"><span style=\"font-size: 12pt;\"><a href=\"https:\/\/www.geo.euskadi.eus\/geoestudioa\/apps\/MapSeries\/index.html?appid=006cdbb30ee44c76a41a0ebd952d560e\"><img loading=\"lazy\" decoding=\"async\" class=\"size-medium wp-image-12035 alignright\" src=\"http:\/\/www.ehu.eus\/cdsea\/web\/wp-content\/uploads\/2017\/03\/imagen_storymap-300x164.jpg\" alt=\"\" width=\"300\" height=\"164\" srcset=\"https:\/\/www.ehu.eus\/cdsea\/web\/wp-content\/uploads\/2017\/03\/imagen_storymap-300x164.jpg 300w, https:\/\/www.ehu.eus\/cdsea\/web\/wp-content\/uploads\/2017\/03\/imagen_storymap-768x419.jpg 768w, https:\/\/www.ehu.eus\/cdsea\/web\/wp-content\/uploads\/2017\/03\/imagen_storymap-600x327.jpg 600w, https:\/\/www.ehu.eus\/cdsea\/web\/wp-content\/uploads\/2017\/03\/imagen_storymap.jpg 937w\" sizes=\"(max-width: 300px) 100vw, 300px\" \/><\/a><a href=\"https:\/\/www.euskadi.eus\/gobierno-vasco\/departamento-medio-ambiente-planificacion-territorial-vivienda\/\">El Departamento de Medio Ambiente, Planificaci\u00f3n Territorial y Vivienda de Gobierno Vasco<\/a> ha elaborado un <strong><a href=\"https:\/\/www.geo.euskadi.eus\/geoestudioa\/apps\/MapSeries\/index.html?appid=006cdbb30ee44c76a41a0ebd952d560e\">story map <\/a><\/strong>en el cual se recogen las investigaciones y actividades llevadas a cabo en el marco del proyecto <a href=\"http:\/\/www.ehu.eus\/cdsea\/web\/index.php\/investigacion\/servicios-ecosistema-euskadi\/antecedentes\/\">Servicios de los Ecosistemas de Euskadi desde sus inicios, en 2008.<\/a><\/span><\/p>\n<p style=\"text-align: justify;\"><span style=\"font-size: 12pt;\">Se pueden consultar, entre otros, los principales servicios que nos proporcionan los ecosistemas (abastecimiento de alimentos, mantenimiento del h\u00e1bitat, polinizaci\u00f3n, recreo..), as\u00ed como el cartografiado de los mismos, y diferente material did\u00e1ctico y divulgativo elaborado para su difusi\u00f3n.<br \/>\n<\/span><\/p>\n<p style=\"text-align: justify;\"><a href=\"http:\/\/www.ehu.eus\/cdsea\/web\/index.php\/servicios-de-los-ecosistemas-webmap\/\"><strong><span style=\"font-size: 12pt;\">Acceso al story map<\/span><\/strong><\/a><\/p>\n","protected":false},"excerpt":{"rendered":"<p>STORY MAP SOBRE SERVICIOS DE LOS ECOSISTEMAS DE EUSKADI El Departamento de Medio Ambiente, Planificaci\u00f3n Territorial y Vivienda de Gobierno Vasco ha elaborado un story map en el cual se recogen las investigaciones y actividades llevadas a cabo en el marco del proyecto Servicios de los Ecosistemas de Euskadi desde sus inicios, en 2008. Se [&hellip;]<\/p>\n","protected":false},"author":4,"featured_media":0,"parent":0,"menu_order":0,"comment_status":"closed","ping_status":"closed","template":"","meta":{"footnotes":""},"class_list":["post-12029","page","type-page","status-publish","hentry"],"_links":{"self":[{"href":"https:\/\/www.ehu.eus\/cdsea\/web\/index.php\/wp-json\/wp\/v2\/pages\/12029"}],"collection":[{"href":"https:\/\/www.ehu.eus\/cdsea\/web\/index.php\/wp-json\/wp\/v2\/pages"}],"about":[{"href":"https:\/\/www.ehu.eus\/cdsea\/web\/index.php\/wp-json\/wp\/v2\/types\/page"}],"author":[{"embeddable":true,"href":"https:\/\/www.ehu.eus\/cdsea\/web\/index.php\/wp-json\/wp\/v2\/users\/4"}],"replies":[{"embeddable":true,"href":"https:\/\/www.ehu.eus\/cdsea\/web\/index.php\/wp-json\/wp\/v2\/comments?post=12029"}],"version-history":[{"count":8,"href":"https:\/\/www.ehu.eus\/cdsea\/web\/index.php\/wp-json\/wp\/v2\/pages\/12029\/revisions"}],"predecessor-version":[{"id":12260,"href":"https:\/\/www.ehu.eus\/cdsea\/web\/index.php\/wp-json\/wp\/v2\/pages\/12029\/revisions\/12260"}],"wp:attachment":[{"href":"https:\/\/www.ehu.eus\/cdsea\/web\/index.php\/wp-json\/wp\/v2\/media?parent=12029"}],"curies":[{"name":"wp","href":"https:\/\/api.w.org\/{rel}","templated":true}]}}