{"id":12052,"date":"2020-05-19T21:43:21","date_gmt":"2020-05-19T21:43:21","guid":{"rendered":"http:\/\/www.ehu.eus\/cdsea\/web\/?page_id=12052"},"modified":"2020-05-21T22:20:23","modified_gmt":"2020-05-21T22:20:23","slug":"22-mayo-cast","status":"publish","type":"page","link":"https:\/\/www.ehu.eus\/cdsea\/web\/index.php\/22-mayo-cast\/","title":{"rendered":"22 mayo-cast"},"content":{"rendered":"<p style=\"text-align: left;\"><span style=\"font-size: 14pt; color: #003300;\"><strong>\u00abNUESTRAS SOLUCIONES EST\u00c1N EN LA NATURALEZA\u201c<\/strong><\/span><\/p>\n<p style=\"text-align: left;\"><strong>22 mayo: D\u00eda Mundial de la Diversidad Biol\u00f3gica<\/strong><\/p>\n<p style=\"text-align: justify;\"><span style=\"font-size: 12pt;\">El lema este a\u00f1o de la <a href=\"https:\/\/www.cbd.int\/idb\/2020\">Convenci\u00f3n de la Diversidad Biol\u00f3gica (CDB) para su d\u00eda internacional (IBD 2020)<\/a>, y que se celebra este 22 de mayo de 2020, es \u201cNuestras soluciones est\u00e1n en la naturaleza\u201d. Este a\u00f1o, se enfatiza la esperanza, la solidaridad y la importancia de construir de manera conjunta un futuro sostenible en armon\u00eda con la naturaleza. En estos d\u00edas de incertidumbre, cabe recordar m\u00e1s que nunca la completa dependencia que los seres humanos tenemos de unos ecosistemas sanos y vibrantes para nuestra supervivencia en todos sus aspectos, salud, agua, comida, medicinas, o ropa, por mencionar algunos.<\/span><\/p>\n<p style=\"text-align: justify;\"><span style=\"font-size: 12pt;\"><img loading=\"lazy\" decoding=\"async\" class=\"size-medium wp-image-12049 alignright\" src=\"http:\/\/www.ehu.eus\/cdsea\/web\/wp-content\/uploads\/2017\/03\/idb-2020-logo-es-vertical-web-215x300.png\" alt=\"\" width=\"215\" height=\"300\" srcset=\"https:\/\/www.ehu.eus\/cdsea\/web\/wp-content\/uploads\/2017\/03\/idb-2020-logo-es-vertical-web-215x300.png 215w, https:\/\/www.ehu.eus\/cdsea\/web\/wp-content\/uploads\/2017\/03\/idb-2020-logo-es-vertical-web.png 300w\" sizes=\"(max-width: 215px) 100vw, 215px\" \/>Desde hace m\u00e1s de 15 a\u00f1os en la <a href=\"http:\/\/www.ehu.eus\/cdsea\/web\/\">C\u00e1tedra UNESCO sobre Desarrollo Sostenible y Educaci\u00f3n Ambiental<\/a> trabajamos en esta l\u00ednea, para erigir sociedades y ecosistemas resilientes y sostenibles. De este modo, estamos impulsando el proyecto de <a href=\"https:\/\/www.bizkaia21.eus\/interior.asp?idpagina=209&amp;idioma=eu\">Servicios de los Ecosistemas<\/a> de Euskadi desde 2008, cuyo lema es \u201c<a href=\"https:\/\/www.geo.euskadi.eus\/geoestudioa\/apps\/MapSeries\/index.html?appid=006cdbb30ee44c76a41a0ebd952d560e\">Naturaleza, base del bienestar<\/a>\u201d, aun\u00e1ndonos ahora m\u00e1s que nunca con la CDB en est\u00e9 d\u00eda internacional tan significativo. Los seres humanos no podr\u00edamos sobrevivir sin la naturaleza, ya que somos parte de ella. Por eso, conservar la naturaleza no s\u00f3lo es conservar la vida, es conservar nuestra calidad de vida, es proporcionar oportunidades de desarrollo humano\u2026 es nuestro seguro de vida.<\/span><\/p>\n<p style=\"text-align: justify;\"><span style=\"font-size: 12pt;\">Las actuales tasas de p\u00e9rdida de biodiversidad est\u00e1n poniendo en riesgo nuestra supervivencia y generan desigualdades. Por lo que la preservaci\u00f3n de la biodiversidad es clave a largo plazo para contener futuras pandemias. Tenemos cada vez m\u00e1s evidencias cient\u00edficas de que la conservaci\u00f3n de la biodiversidad es una garant\u00eda para la contenci\u00f3n de las enfermedades infecciosas. \u00a0Adem\u00e1s, \u00a0m\u00faltiples estudios cient\u00edficos indican el valor del papel que ejerce la naturaleza en la salud de las personas, por ejemplo, incrementar los espacios verdes urbanos y su calidad favorece el bienestar mental y puede evitar muchas muertes prematuras por a\u00f1o, sobretodo en la poblaci\u00f3n de m\u00e1s edad. Los r\u00e1pidos procesos de urbanizaci\u00f3n causan grandes p\u00e9rdidas de h\u00e1bitat y consecuentemente de especies. Por tanto, la gesti\u00f3n del espacio urbano tiene un papel crucial para afrontar un futuro resiliente y alcanzar los <a href=\"https:\/\/www.un.org\/sustainabledevelopment\/es\/objetivos-de-desarrollo-sostenible\/\">Objetivos de Desarrollo Sostenible<\/a> en 2030. Incorporar en la planificaci\u00f3n urbana estrategias basadas en la infraestructura verde y las soluciones basadas en la naturaleza es un aspecto clave para la conservaci\u00f3n de la biodiversidad y el bienestar de las personas.<\/span><\/p>\n","protected":false},"excerpt":{"rendered":"<p>\u00abNUESTRAS SOLUCIONES EST\u00c1N EN LA NATURALEZA\u201c 22 mayo: D\u00eda Mundial de la Diversidad Biol\u00f3gica El lema este a\u00f1o de la Convenci\u00f3n de la Diversidad Biol\u00f3gica (CDB) para su d\u00eda internacional (IBD 2020), y que se celebra este 22 de mayo de 2020, es \u201cNuestras soluciones est\u00e1n en la naturaleza\u201d. Este a\u00f1o, se enfatiza la esperanza, [&hellip;]<\/p>\n","protected":false},"author":4,"featured_media":0,"parent":0,"menu_order":0,"comment_status":"closed","ping_status":"closed","template":"","meta":{"footnotes":""},"class_list":["post-12052","page","type-page","status-publish","hentry"],"_links":{"self":[{"href":"https:\/\/www.ehu.eus\/cdsea\/web\/index.php\/wp-json\/wp\/v2\/pages\/12052"}],"collection":[{"href":"https:\/\/www.ehu.eus\/cdsea\/web\/index.php\/wp-json\/wp\/v2\/pages"}],"about":[{"href":"https:\/\/www.ehu.eus\/cdsea\/web\/index.php\/wp-json\/wp\/v2\/types\/page"}],"author":[{"embeddable":true,"href":"https:\/\/www.ehu.eus\/cdsea\/web\/index.php\/wp-json\/wp\/v2\/users\/4"}],"replies":[{"embeddable":true,"href":"https:\/\/www.ehu.eus\/cdsea\/web\/index.php\/wp-json\/wp\/v2\/comments?post=12052"}],"version-history":[{"count":4,"href":"https:\/\/www.ehu.eus\/cdsea\/web\/index.php\/wp-json\/wp\/v2\/pages\/12052\/revisions"}],"predecessor-version":[{"id":12110,"href":"https:\/\/www.ehu.eus\/cdsea\/web\/index.php\/wp-json\/wp\/v2\/pages\/12052\/revisions\/12110"}],"wp:attachment":[{"href":"https:\/\/www.ehu.eus\/cdsea\/web\/index.php\/wp-json\/wp\/v2\/media?parent=12052"}],"curies":[{"name":"wp","href":"https:\/\/api.w.org\/{rel}","templated":true}]}}