{"id":12152,"date":"2020-05-26T13:02:04","date_gmt":"2020-05-26T13:02:04","guid":{"rendered":"http:\/\/www.ehu.eus\/cdsea\/web\/?page_id=12152"},"modified":"2020-05-26T13:30:32","modified_gmt":"2020-05-26T13:30:32","slug":"12152-2","status":"publish","type":"page","link":"https:\/\/www.ehu.eus\/cdsea\/web\/index.php\/12152-2\/","title":{"rendered":"PROYECTO RENATUR: mejorar las politicas regionales para protecci\u00f3n"},"content":{"rendered":"<p style=\"text-align: justify;\"><span style=\"color: #003300;\"><strong><span style=\"font-size: 14pt;\">PROYECTO RENATUR: Mejorar las pol\u00edticas regionales para la protecci\u00f3n del patrimonio natural de los espacios abiertos periurbanos<\/span><\/strong><\/span><\/p>\n<p style=\"text-align: justify;\"><span style=\"font-size: 12pt;\">Investigadoras del Departamento de Biolog\u00eda Vegetal y Ecolog\u00eda y de la \u201cC\u00e1tedra UNESCO sobre Desarrollo Sostenible y Educaci\u00f3n Ambiental\u201d de la UPV\/EHU participan como socias en el proyecto <strong><a href=\"https:\/\/www.interregeurope.eu\/renatur\/\">RENATUR-INTERREG Europe<\/a> <\/strong>de cooperaci\u00f3n interregional junto a otras 6 instituciones europeas: Martin Luther University Halle-Wittenberg (MLU, Alemania)-l\u00edder del proyecto, Agencia Territorial Flamenca (B\u00e9lgica), Ministerio para el Desarrollo Regional y Transporte de Alta-Sajonia (Alemania), Gobierno del Condado de Hajd\u00fa-Bihar (Hungr\u00eda), Agencia de Desarrollo de Mazovia (Polonia) y Centro de Apoyo Empresarial de Kranj (Slovenia). <img loading=\"lazy\" decoding=\"async\" class=\"size-medium wp-image-11330 alignright\" src=\"http:\/\/www.ehu.eus\/cdsea\/web\/wp-content\/uploads\/2017\/03\/RENATUR_EU_FLAG-300x214.jpg\" alt=\"\" width=\"300\" height=\"214\" srcset=\"https:\/\/www.ehu.eus\/cdsea\/web\/wp-content\/uploads\/2017\/03\/RENATUR_EU_FLAG-300x214.jpg 300w, https:\/\/www.ehu.eus\/cdsea\/web\/wp-content\/uploads\/2017\/03\/RENATUR_EU_FLAG-768x549.jpg 768w, https:\/\/www.ehu.eus\/cdsea\/web\/wp-content\/uploads\/2017\/03\/RENATUR_EU_FLAG-1024x732.jpg 1024w, https:\/\/www.ehu.eus\/cdsea\/web\/wp-content\/uploads\/2017\/03\/RENATUR_EU_FLAG-600x429.jpg 600w, https:\/\/www.ehu.eus\/cdsea\/web\/wp-content\/uploads\/2017\/03\/RENATUR_EU_FLAG.jpg 1654w\" sizes=\"(max-width: 300px) 100vw, 300px\" \/>El proyecto tiene una duraci\u00f3n de 4 a\u00f1os (agosto 2019-julio 2023) y cuenta con un presupuesto de 1,27 millones de euros FEDER para mejorar las pol\u00edticas regionales con el fin de mejorar la protecci\u00f3n del patrimonio natural en los espacios abiertos periurbano (PUOS- Peri-Urban Open Spaces).<\/span><\/p>\n<p style=\"text-align: justify;\"><span style=\"font-size: 12pt;\">En el marco del proyecto RENATUR, se identificar\u00e1n, analizar\u00e1n y transferir\u00e1n ejemplos de instrumentos pol\u00edticos y buenas pr\u00e1cticas relacionadas con la protecci\u00f3n del patrimonio natural en los PUOS. Los objetivos finales son <strong>PROTEGER<\/strong> l<em>os ecosistemas y sus servicios<\/em>, <strong>CONSERVAR<\/strong> <em>la biodiversidad<\/em> y <strong>REDUCIR<\/strong> <em>su p\u00e9rdida,<\/em> <strong>EVITAR<\/strong> <em>la fragmentaci\u00f3n de los ecosistemas<\/em> y <strong>MEJORAR<\/strong> <em>su conexi\u00f3n,<\/em> <strong>REDUCIR<\/strong> <em>la impermeabilizaci\u00f3n del suelo<\/em> y <strong>CONCIENCIAR<\/strong> s<em>obre el concepto de infraestructuras verdes en la ordenaci\u00f3n territorial.<\/em> En palabras del coordinador del proyecto, el Dr. Marcin Spyra del Instituto de Geociencias y Geograf\u00eda de la MLU \u201c<em>con el proyecto RENATUR pretendemos crear concienciaci\u00f3n de los diversos significados de los espacios abiertos periurbanos de las ciudades para sus habitantes y para la naturaleza\u201d.<\/em><\/span><\/p>\n<p style=\"text-align: justify;\"><span style=\"font-size: 12pt;\">Dentro del proyecto RENATUR se van a realizar diferentes jornadas tem\u00e1ticas regionales mediante la participaci\u00f3n activa de los agentes relevantes del territorio: t\u00e9cnicos y autoridades regionales, grupos de inter\u00e9s, asociaciones, sector privado, \u00e1mbito acad\u00e9mico y medio de comunicaci\u00f3n, entre otros. Se realizar\u00e1n un total de 6 jornadas, aproximadamente cada 6 meses, hasta la finalizaci\u00f3n de la Fase 1 del proyecto (junio 2022). Con el fin de poder realizar un Plan de Acci\u00f3n en cada regi\u00f3n participante en el proyecto que permitan concretar estrategias de acci\u00f3n, <em>\u201ces importante la participaci\u00f3n de tod@s l@s agentes relevantes del territorio\u201d r<\/em>ecalca la Dra. Ibone Ametzaga, Investigadora Principal del proyecto RENATUR en la UPV\/EHU. <em>\u201cLos ecosistemas naturales de Euskadi se encuentran altamente fragmentados, y existe una gran diversidad de usos en el territorio\u201d,<\/em> comenta Ibone. La primera jornada regional se realiz\u00f3 en enero de este a\u00f1o, y se prev\u00e9 la realizaci\u00f3n de una nueva jornada en junio. <em>\u201cNos gustar\u00eda trabajar con los agentes de Euskadi, incluyendo a l@s ciudadan@s que quieran asistir, en la identificaci\u00f3n de los diferentes PUOS de Euskadi, y evaluar aquellos casos que puedan convertirse en buenas pr\u00e1cticas por la adecuada gesti\u00f3n que se ha realizado para conservar el patrimonio natural\u201d,<\/em> afirma Ibone. Ante la situaci\u00f3n de crisis sanitaria que vivimos, se optar\u00e1 por un formato semi-presencial, con aforo limitado, y r<a href=\"http:\/\/www.ehu.eus\/cdsea\/web\/index.php\/renatur-jornadas-regionales\/\">etrasmisi\u00f3n en directo el d\u00eda 12 de junio en el Bizkaia Aretoa.<\/a><\/span><\/p>\n<p style=\"text-align: justify;\"><span style=\"font-size: 12pt;\">Finalmente, aunque no menos importante, en el proyecto RENATUR-INTERREG Europe se realizan diferentes j<a href=\"http:\/\/www.ehu.eus\/cdsea\/web\/index.php\/11308-2\/\">ornadas tem\u00e1ticas interregionales<\/a> mediante la participaci\u00f3n activa de los agentes relevantes de cada regi\u00f3n. Estas jornadas consisten en un Intercambio de Experiencias, mediante la visita in situ y revisi\u00f3n por pares de expertos de la problem\u00e1tica de la regi\u00f3n de estudio. La <a href=\"https:\/\/www.interregeurope.eu\/renatur\/events\/event\/3263\/first-interregional-workshop-for-flanders-online\/\">primera jornada tem\u00e1tica Interregional se realiza en Amberes (B\u00e9lgica) entre el 25 y 28 de mayo<\/a>, organizada por la <a href=\"https:\/\/www.interregeurope.eu\/renatur\/events\/event\/3263\/first-interregional-workshop-in-antwerp\/\">Agencia Territorial Flamenca (VLM).<\/a> La realizaci\u00f3n de este evento, en formato online debido a la crisis sanitaria, ha sido un desaf\u00edo t\u00e9cnico y personal, donde los organizadores y sus participantes han puesto lo mejor de s\u00ed mismos para realizar este evento. A la jornada asisten los diferentes agentes relevantes de la regi\u00f3n Flamenca, una representante de Ihobe y las socias del proyecto de la UPV\/EHU, que aportaron su conocimiento de expert@s sobre <a href=\"https:\/\/www.vlm.be\/nl\/SiteCollectionDocuments\/Landinrichting\/brochure%20landinrichting%20ENGELS.pdf\">la tem\u00e1tica de estudio en Flandes.<\/a><\/span><\/p>\n","protected":false},"excerpt":{"rendered":"<p>PROYECTO RENATUR: Mejorar las pol\u00edticas regionales para la protecci\u00f3n del patrimonio natural de los espacios abiertos periurbanos Investigadoras del Departamento de Biolog\u00eda Vegetal y Ecolog\u00eda y de la \u201cC\u00e1tedra UNESCO sobre Desarrollo Sostenible y Educaci\u00f3n Ambiental\u201d de la UPV\/EHU participan como socias en el proyecto RENATUR-INTERREG Europe de cooperaci\u00f3n interregional junto a otras 6 instituciones [&hellip;]<\/p>\n","protected":false},"author":4,"featured_media":0,"parent":0,"menu_order":0,"comment_status":"closed","ping_status":"closed","template":"","meta":{"footnotes":""},"class_list":["post-12152","page","type-page","status-publish","hentry"],"_links":{"self":[{"href":"https:\/\/www.ehu.eus\/cdsea\/web\/index.php\/wp-json\/wp\/v2\/pages\/12152"}],"collection":[{"href":"https:\/\/www.ehu.eus\/cdsea\/web\/index.php\/wp-json\/wp\/v2\/pages"}],"about":[{"href":"https:\/\/www.ehu.eus\/cdsea\/web\/index.php\/wp-json\/wp\/v2\/types\/page"}],"author":[{"embeddable":true,"href":"https:\/\/www.ehu.eus\/cdsea\/web\/index.php\/wp-json\/wp\/v2\/users\/4"}],"replies":[{"embeddable":true,"href":"https:\/\/www.ehu.eus\/cdsea\/web\/index.php\/wp-json\/wp\/v2\/comments?post=12152"}],"version-history":[{"count":6,"href":"https:\/\/www.ehu.eus\/cdsea\/web\/index.php\/wp-json\/wp\/v2\/pages\/12152\/revisions"}],"predecessor-version":[{"id":12161,"href":"https:\/\/www.ehu.eus\/cdsea\/web\/index.php\/wp-json\/wp\/v2\/pages\/12152\/revisions\/12161"}],"wp:attachment":[{"href":"https:\/\/www.ehu.eus\/cdsea\/web\/index.php\/wp-json\/wp\/v2\/media?parent=12152"}],"curies":[{"name":"wp","href":"https:\/\/api.w.org\/{rel}","templated":true}]}}