{"id":122,"date":"2016-11-15T14:53:13","date_gmt":"2016-11-15T14:53:13","guid":{"rendered":"http:\/\/www.ehu.eus\/cdsea\/cdseawp\/?page_id=122"},"modified":"2017-07-27T19:40:32","modified_gmt":"2017-07-27T19:40:32","slug":"prog-marco-ambiental-2020","status":"publish","type":"page","link":"https:\/\/www.ehu.eus\/cdsea\/web\/index.php\/investigacion\/prog-marco-ambiental-2020\/","title":{"rendered":"Prog. Marco Ambiental 2020"},"content":{"rendered":"<p>[vc_row][vc_column width=\u00bb1\/4&#8243;][vc_wp_custommenu nav_menu=\u00bb10&#8243;][\/vc_column][vc_column width=\u00bb3\/4&#8243;][vc_custom_heading text=\u00bbPROCESO PARTICIPATIVO &#8211; PROGRAMA MARCO AMBIENTAL 2020&#8243; font_container=\u00bbtag:h3|text_align:left|color:%23198c49&#8243; google_fonts=\u00bbfont_family:Droid%20Sans%3Aregular%2C700|font_style:400%20regular%3A400%3Anormal\u00bb][vc_column_text]<\/p>\n<p style=\"text-align: justify;\"><span style=\"font-size: 12pt;\">El Departamento de Medio Ambiente y Pol\u00edtica<img loading=\"lazy\" decoding=\"async\" class=\"alignright wp-image-1008 size-full\" src=\"http:\/\/www.ehu.eus\/cdsea\/web\/wp-content\/uploads\/2016\/11\/Marcoambiental.jpg\" alt=\"marcoambiental\" width=\"200\" height=\"200\" srcset=\"https:\/\/www.ehu.eus\/cdsea\/web\/wp-content\/uploads\/2016\/11\/Marcoambiental.jpg 200w, https:\/\/www.ehu.eus\/cdsea\/web\/wp-content\/uploads\/2016\/11\/Marcoambiental-150x150.jpg 150w\" sizes=\"(max-width: 200px) 100vw, 200px\" \/> Territorial del Gobierno Vasco para dar respuesta a los grandes desaf\u00edos ambientales y de sostenibilidad que se plantean en el horizonte global, se ha marcado un nuevo reto \u00ab<strong>Construir<\/strong> <strong>de\u00a0<\/strong><strong>forma conjunta<\/strong> <strong>un nuevo escenario medioambiental en Euskadi\u00bb<\/strong> de aqu\u00ed al a\u00f1o 2020.<\/span><\/p>\n<p style=\"text-align: justify;\"><span style=\"font-size: 12pt;\">Se trata de impulsar un cambio de <strong>rumbo en la pol\u00edtica medioambiental<\/strong> del Pa\u00eds Vasco que ayude a <strong>construir el medio ambiente del futuro<\/strong>. Para lograrlo es imprescindible la colaboraci\u00f3n con la ciudadan\u00eda para consensuar entre todos y todas el <strong>modelo de pa\u00eds m\u00e1s adecuado en materia medioambiental<\/strong>. Por esta raz\u00f3n, se lleva a cabo este proyecto de <strong>participaci\u00f3n ciudadana<\/strong> en la que la C\u00e1tedra UNESCO y la empresa Kualitate Lantaldea\u00a0recoger\u00e1n\u00a0las reflexiones, inquietudes \u00a0y sugerencias de la ciudadan\u00eda sobre las cuestiones m\u00e1s importantes del medio ambiente en la CAPV.<\/span><\/p>\n<p style=\"text-align: justify;\"><span style=\"font-size: 12pt;\">Procesos participativos llevados a cabo en junio 2014:<\/span><\/p>\n<ul>\n<li style=\"text-align: justify;\"><span style=\"font-size: 12pt;\"><a href=\"http:\/\/www.ihobe.net\/Eventos\/ficha.aspx?IdMenu=74e0675a-2235-4892-af39-e5bf7072bc20&amp;Cod=729\">Programa Marco Ambiental 2020: Participa en la definici\u00f3n en la pol\u00edtica ambiental del Pa\u00eds Vasco. Ciudadan\u00eda y agentes sociales<\/a> (5 junio 2014)<\/span><\/li>\n<li style=\"text-align: justify;\"><span style=\"font-size: 12pt;\"><a href=\"http:\/\/www.ihobe.net\/Eventos\/ficha.aspx?IdMenu=74e0675a-2235-4892-af39-e5bf7072bc20&amp;Cod=731\">Programa Marco Ambiental 2020: Proceso participativo Empresa. 50 ideas para construir un nuevo escenario medioambiental en Euskadi <\/a>(10 junio 2014)<\/span><\/li>\n<\/ul>\n<p>[\/vc_column_text][\/vc_column][\/vc_row]<\/p>\n","protected":false},"excerpt":{"rendered":"<p>[vc_row][vc_column width=\u00bb1\/4&#8243;][vc_wp_custommenu nav_menu=\u00bb10&#8243;][\/vc_column][vc_column width=\u00bb3\/4&#8243;][vc_custom_heading text=\u00bbPROCESO PARTICIPATIVO &#8211; PROGRAMA MARCO AMBIENTAL 2020&#8243; font_container=\u00bbtag:h3|text_align:left|color:%23198c49&#8243; google_fonts=\u00bbfont_family:Droid%20Sans%3Aregular%2C700|font_style:400%20regular%3A400%3Anormal\u00bb][vc_column_text] El Departamento de Medio Ambiente y Pol\u00edtica Territorial del Gobierno Vasco para dar respuesta a los grandes desaf\u00edos ambientales y de sostenibilidad que se plantean en el horizonte global, se ha marcado un nuevo reto \u00abConstruir de\u00a0forma conjunta un nuevo escenario medioambiental [&hellip;]<\/p>\n","protected":false},"author":1,"featured_media":0,"parent":9,"menu_order":4,"comment_status":"closed","ping_status":"closed","template":"","meta":{"footnotes":""},"class_list":["post-122","page","type-page","status-publish","hentry"],"_links":{"self":[{"href":"https:\/\/www.ehu.eus\/cdsea\/web\/index.php\/wp-json\/wp\/v2\/pages\/122"}],"collection":[{"href":"https:\/\/www.ehu.eus\/cdsea\/web\/index.php\/wp-json\/wp\/v2\/pages"}],"about":[{"href":"https:\/\/www.ehu.eus\/cdsea\/web\/index.php\/wp-json\/wp\/v2\/types\/page"}],"author":[{"embeddable":true,"href":"https:\/\/www.ehu.eus\/cdsea\/web\/index.php\/wp-json\/wp\/v2\/users\/1"}],"replies":[{"embeddable":true,"href":"https:\/\/www.ehu.eus\/cdsea\/web\/index.php\/wp-json\/wp\/v2\/comments?post=122"}],"version-history":[{"count":1,"href":"https:\/\/www.ehu.eus\/cdsea\/web\/index.php\/wp-json\/wp\/v2\/pages\/122\/revisions"}],"predecessor-version":[{"id":4450,"href":"https:\/\/www.ehu.eus\/cdsea\/web\/index.php\/wp-json\/wp\/v2\/pages\/122\/revisions\/4450"}],"up":[{"embeddable":true,"href":"https:\/\/www.ehu.eus\/cdsea\/web\/index.php\/wp-json\/wp\/v2\/pages\/9"}],"wp:attachment":[{"href":"https:\/\/www.ehu.eus\/cdsea\/web\/index.php\/wp-json\/wp\/v2\/media?parent=122"}],"curies":[{"name":"wp","href":"https:\/\/api.w.org\/{rel}","templated":true}]}}