{"id":12211,"date":"2020-06-03T08:29:13","date_gmt":"2020-06-03T08:29:13","guid":{"rendered":"http:\/\/www.ehu.eus\/cdsea\/web\/?page_id=12211"},"modified":"2020-06-03T08:53:49","modified_gmt":"2020-06-03T08:53:49","slug":"leire-mendez","status":"publish","type":"page","link":"https:\/\/www.ehu.eus\/cdsea\/web\/index.php\/leire-mendez\/","title":{"rendered":"Leire M\u00e9ndez"},"content":{"rendered":"<h2><span style=\"color: #008000; font-size: 24pt;\">Leire M\u00e9ndez<\/span><\/h2>\n<p class=\"Default\" style=\"text-align: justify; text-justify: inter-ideograph;\"><span lang=\"ES-TRAD\"><img loading=\"lazy\" decoding=\"async\" class=\"size-medium wp-image-12212 alignright\" src=\"http:\/\/www.ehu.eus\/cdsea\/web\/wp-content\/uploads\/2017\/03\/Foto-vadeador-140x300.jpg\" alt=\"\" width=\"140\" height=\"300\" srcset=\"https:\/\/www.ehu.eus\/cdsea\/web\/wp-content\/uploads\/2017\/03\/Foto-vadeador-140x300.jpg 140w, https:\/\/www.ehu.eus\/cdsea\/web\/wp-content\/uploads\/2017\/03\/Foto-vadeador.jpg 447w\" sizes=\"(max-width: 140px) 100vw, 140px\" \/><span style=\"font-size: 12pt;\">Soy Licenciada en Biolog\u00eda por la Universidad del Pa\u00eds Vasco\/Euskal Herriko Unibertsitea (UPV\/EHU), en 2007. El a\u00f1o siguiente a mi graduaci\u00f3n, realic\u00e9 el m\u00e1ster en \u201cContaminaci\u00f3n y Toxicolog\u00eda Ambiental\u201d de la UPV\/EHU, lo cual me dio acceso al Programa de Doctorado del mismo nombre, en el Departamento de Zoolog\u00eda y Biolog\u00eda Celular Animal. Defend\u00ed mi tesis doctoral en 2013, bajo la direcci\u00f3n de las Dras. Pilar Rodriguez y Maite Mart\u00ednez Madrid. Mi l\u00ednea de investiga<\/span><\/span><span lang=\"ES-TRAD\" style=\"font-size: 12pt;\">ci\u00f3n es la ecotoxicolog\u00eda en ecosistemas fluviales, especialmente toxicidad de bioacumulaci\u00f3n de metales en macroinvertebrados acu\u00e1ticos, habiendo participado como investigadora postdoctoral en el proyecto de \u00e1mbito nacional CBRMinas (CGL2013-44655-R).<\/span><\/p>\n<p class=\"Default\" style=\"text-align: justify; text-justify: inter-ideograph;\"><span lang=\"ES-TRAD\" style=\"font-size: 12pt;\">Por otro lado, siempre he tenido inquietudes acerca de c\u00f3mo solventar los problemas ambientales, desde un punto de vista m\u00e1s hol\u00edstico, por lo que decid\u00ed cursar el T\u00edtulo Propio de \u201cMedio Ambiente y Sostenibilidad\u201d (2016) de la UPV\/EHU, y dirigido por la C\u00e1tedra UNESCO en Desarrollo Sostenible y Educaci\u00f3n Ambiental (CDSEA), del Dpto. de Biolog\u00eda Vegetal y Ecolog\u00eda. Desde entonces surgi\u00f3 una estrecha colaboraci\u00f3n con la coordinadora de la CDSEA, Dra. Miren Onaindia, lo cual me permiti\u00f3 integrarme en su equipo de trabajo en 2018. Desde entonces mi l\u00ednea de trabajo se ha centrado en la evaluaci\u00f3n de los Servicios de los Ecosistemas del medio acu\u00e1tico, con un enfoque aplicado a la Directiva Marco del Agua. Desde 2019, tambi\u00e9n formo parte del equipo del proyecto RENATUR Interreg Europe, junto con la Investigadora Principal del mismo, la Dra. Ibone Ametzaga.<\/span><\/p>\n","protected":false},"excerpt":{"rendered":"<p>Leire M\u00e9ndez Soy Licenciada en Biolog\u00eda por la Universidad del Pa\u00eds Vasco\/Euskal Herriko Unibertsitea (UPV\/EHU), en 2007. El a\u00f1o siguiente a mi graduaci\u00f3n, realic\u00e9 el m\u00e1ster en \u201cContaminaci\u00f3n y Toxicolog\u00eda Ambiental\u201d de la UPV\/EHU, lo cual me dio acceso al Programa de Doctorado del mismo nombre, en el Departamento de Zoolog\u00eda y Biolog\u00eda Celular Animal. [&hellip;]<\/p>\n","protected":false},"author":4,"featured_media":0,"parent":0,"menu_order":0,"comment_status":"closed","ping_status":"closed","template":"","meta":{"footnotes":""},"class_list":["post-12211","page","type-page","status-publish","hentry"],"_links":{"self":[{"href":"https:\/\/www.ehu.eus\/cdsea\/web\/index.php\/wp-json\/wp\/v2\/pages\/12211"}],"collection":[{"href":"https:\/\/www.ehu.eus\/cdsea\/web\/index.php\/wp-json\/wp\/v2\/pages"}],"about":[{"href":"https:\/\/www.ehu.eus\/cdsea\/web\/index.php\/wp-json\/wp\/v2\/types\/page"}],"author":[{"embeddable":true,"href":"https:\/\/www.ehu.eus\/cdsea\/web\/index.php\/wp-json\/wp\/v2\/users\/4"}],"replies":[{"embeddable":true,"href":"https:\/\/www.ehu.eus\/cdsea\/web\/index.php\/wp-json\/wp\/v2\/comments?post=12211"}],"version-history":[{"count":8,"href":"https:\/\/www.ehu.eus\/cdsea\/web\/index.php\/wp-json\/wp\/v2\/pages\/12211\/revisions"}],"predecessor-version":[{"id":12228,"href":"https:\/\/www.ehu.eus\/cdsea\/web\/index.php\/wp-json\/wp\/v2\/pages\/12211\/revisions\/12228"}],"wp:attachment":[{"href":"https:\/\/www.ehu.eus\/cdsea\/web\/index.php\/wp-json\/wp\/v2\/media?parent=12211"}],"curies":[{"name":"wp","href":"https:\/\/api.w.org\/{rel}","templated":true}]}}