{"id":12391,"date":"2020-06-28T16:44:29","date_gmt":"2020-06-28T16:44:29","guid":{"rendered":"http:\/\/www.ehu.eus\/cdsea\/web\/?page_id=12391"},"modified":"2020-07-02T14:12:33","modified_gmt":"2020-07-02T14:12:33","slug":"guia-esp","status":"publish","type":"page","link":"https:\/\/www.ehu.eus\/cdsea\/web\/index.php\/guia-esp\/","title":{"rendered":"Guia-esp"},"content":{"rendered":"<p style=\"text-align: justify;\"><span style=\"color: #003300;\"><strong><span style=\"font-size: 14pt;\">GUIA PR\u00c1CTICA PARA LA INTEGRACI\u00d3N DE LOS SERVICIOS DE LOS ECOSISTEMAS EN LA FORMULACI\u00d3N DE PLANES Y PROGRAMAS TERRITORIALES Y URBAN\u00cdSTICOS<\/span><\/strong><\/span><\/p>\n<p style=\"text-align: justify;\"><span style=\"font-size: 12pt;\">Uno de los resultados del proyecto de investigaci\u00f3n Evaluaci\u00f3n de los Servicios de los Ecosistemas de Euskadi es la\u00a0<a href=\"http:\/\/www.ehu.eus\/cdsea\/web\/wp-content\/uploads\/2017\/03\/UCPDF202383.pdf\"> <strong>Gu\u00eda pr\u00e1ctica para la integraci\u00f3n de los servicios de los ecosistemas en la formulaci\u00f3n de planes y programa territoriales y urban\u00edsticos<\/strong>,<\/a> la cual ofrece un marco metodol\u00f3gico para facilitar la incorporaci\u00f3n de los servicios de los ecosistemas al proceso de formulaci\u00f3n de planes y programas territoriales de ordenaci\u00f3n de los recursos naturales y urban\u00edsticos.<\/span><\/p>\n<p style=\"text-align: justify;\"><span style=\"font-size: 12pt;\"><a href=\"http:\/\/www.ehu.eus\/cdsea\/web\/wp-content\/uploads\/2017\/03\/UCPDF202383.pdf\"><img loading=\"lazy\" decoding=\"async\" class=\"size-medium wp-image-12392 alignleft\" src=\"http:\/\/www.ehu.eus\/cdsea\/web\/wp-content\/uploads\/2017\/03\/guia2-209x300.jpg\" alt=\"\" width=\"209\" height=\"300\" srcset=\"https:\/\/www.ehu.eus\/cdsea\/web\/wp-content\/uploads\/2017\/03\/guia2-209x300.jpg 209w, https:\/\/www.ehu.eus\/cdsea\/web\/wp-content\/uploads\/2017\/03\/guia2.jpg 333w\" sizes=\"(max-width: 209px) 100vw, 209px\" \/><\/a>Presenta contenidos especializados y metodolog\u00edas contrastadas que ayudar\u00e1n a las administraciones locales y regionales a comprender la contribuci\u00f3n de los ecosistemas al bienestar y salud de las personas, as\u00ed como a promover un cambio en la planificaci\u00f3n y gesti\u00f3n del territorio mediante la priorizaci\u00f3n de alternativas m\u00e1s sostenibles.<\/span><\/p>\n<p style=\"text-align: justify;\"><span style=\"font-size: 12pt;\">Esta gu\u00eda ha sido elaborada por la <a href=\"http:\/\/www.ehu.eus\/cdsea\">C\u00e1tedra UNESCO sobre Desarrollo Sostenible y Educaci\u00f3n Ambiental de la UPV\/EHU<\/a> en coordinaci\u00f3n con la Diputaci\u00f3n Foral de Bizkaia; y financiada por el <a href=\"https:\/\/www.euskadi.eus\/gobierno-vasco\/departamento-medio-ambiente-politica-territorial\/inicio\/\">Departamento de Medio Ambiente, Planificaci\u00f3n Territorial y Vivienda de Gobierno Vasco<\/a> y <a href=\"https:\/\/web.bizkaia.eus\/es\/sostenibilidad-y-medio-natural\">Departamento de Sostenibilidad y Medio Natural de la Diputaci\u00f3n Foral de Bizkaia<\/a>.<\/span><\/p>\n<p><a href=\"http:\/\/www.ehu.eus\/cdsea\/web\/wp-content\/uploads\/2017\/03\/UCPDF202383.pdf\"><strong><span style=\"font-size: 12pt;\">Descargar gu\u00eda<\/span><\/strong><\/a><\/p>\n","protected":false},"excerpt":{"rendered":"<p>GUIA PR\u00c1CTICA PARA LA INTEGRACI\u00d3N DE LOS SERVICIOS DE LOS ECOSISTEMAS EN LA FORMULACI\u00d3N DE PLANES Y PROGRAMAS TERRITORIALES Y URBAN\u00cdSTICOS Uno de los resultados del proyecto de investigaci\u00f3n Evaluaci\u00f3n de los Servicios de los Ecosistemas de Euskadi es la\u00a0 Gu\u00eda pr\u00e1ctica para la integraci\u00f3n de los servicios de los ecosistemas en la formulaci\u00f3n de [&hellip;]<\/p>\n","protected":false},"author":4,"featured_media":0,"parent":0,"menu_order":0,"comment_status":"closed","ping_status":"closed","template":"","meta":{"footnotes":""},"class_list":["post-12391","page","type-page","status-publish","hentry"],"_links":{"self":[{"href":"https:\/\/www.ehu.eus\/cdsea\/web\/index.php\/wp-json\/wp\/v2\/pages\/12391"}],"collection":[{"href":"https:\/\/www.ehu.eus\/cdsea\/web\/index.php\/wp-json\/wp\/v2\/pages"}],"about":[{"href":"https:\/\/www.ehu.eus\/cdsea\/web\/index.php\/wp-json\/wp\/v2\/types\/page"}],"author":[{"embeddable":true,"href":"https:\/\/www.ehu.eus\/cdsea\/web\/index.php\/wp-json\/wp\/v2\/users\/4"}],"replies":[{"embeddable":true,"href":"https:\/\/www.ehu.eus\/cdsea\/web\/index.php\/wp-json\/wp\/v2\/comments?post=12391"}],"version-history":[{"count":4,"href":"https:\/\/www.ehu.eus\/cdsea\/web\/index.php\/wp-json\/wp\/v2\/pages\/12391\/revisions"}],"predecessor-version":[{"id":12445,"href":"https:\/\/www.ehu.eus\/cdsea\/web\/index.php\/wp-json\/wp\/v2\/pages\/12391\/revisions\/12445"}],"wp:attachment":[{"href":"https:\/\/www.ehu.eus\/cdsea\/web\/index.php\/wp-json\/wp\/v2\/media?parent=12391"}],"curies":[{"name":"wp","href":"https:\/\/api.w.org\/{rel}","templated":true}]}}