{"id":124,"date":"2016-11-15T14:53:36","date_gmt":"2016-11-15T14:53:36","guid":{"rendered":"http:\/\/www.ehu.eus\/cdsea\/cdseawp\/?page_id=124"},"modified":"2017-02-22T21:27:45","modified_gmt":"2017-02-22T21:27:45","slug":"plan-vasco-cambio-climatico","status":"publish","type":"page","link":"https:\/\/www.ehu.eus\/cdsea\/web\/index.php\/investigacion\/plan-vasco-cambio-climatico\/","title":{"rendered":"Plan Vasco Cambio Clim\u00e1tico 2020"},"content":{"rendered":"<p>[vc_row][vc_column width=\u00bb1\/4&#8243;][vc_wp_custommenu nav_menu=\u00bb10&#8243;][\/vc_column][vc_column width=\u00bb3\/4&#8243;][vc_custom_heading text=\u00bbPLAN VASCO DE CAMBIO CLIM\u00c1TICO 2020&#8243; font_container=\u00bbtag:h3|text_align:left|color:%23198c49&#8243; google_fonts=\u00bbfont_family:Droid%20Sans%3Aregular%2C700|font_style:400%20regular%3A400%3Anormal\u00bb][vc_column_text]<\/p>\n<p style=\"text-align: justify;\"><span style=\"font-size: 12pt;\">El <a href=\"http:\/\/www.ingurumena.ejgv.euskadi.eus\/r49-11293\/es\/contenidos\/plan_programa_proyecto\/plan_cambio_climatico\/es_cc\/plan.html\" target=\"_blank\"><strong>Plan Vasco de Cambio Clim\u00e1tico 2008-2012<\/strong><\/a> <a href=\"http:\/\/www.ehu.eus\/cdsea\/web\/wp-content\/uploads\/2016\/11\/Cambio-climatico.pdf\" target=\"_blank\"><img loading=\"lazy\" decoding=\"async\" class=\"alignright wp-image-1019 size-medium\" title=\"Ver aqu\u00ed\" src=\"http:\/\/www.ehu.eus\/cdsea\/web\/wp-content\/uploads\/2016\/11\/Cambio-Climatico-211x300.png\" alt=\"cambio-climatico\" width=\"211\" height=\"300\" srcset=\"https:\/\/www.ehu.eus\/cdsea\/web\/wp-content\/uploads\/2016\/11\/Cambio-Climatico-211x300.png 211w, https:\/\/www.ehu.eus\/cdsea\/web\/wp-content\/uploads\/2016\/11\/Cambio-Climatico-768x1090.png 768w, https:\/\/www.ehu.eus\/cdsea\/web\/wp-content\/uploads\/2016\/11\/Cambio-Climatico-722x1024.png 722w, https:\/\/www.ehu.eus\/cdsea\/web\/wp-content\/uploads\/2016\/11\/Cambio-Climatico-600x852.png 600w, https:\/\/www.ehu.eus\/cdsea\/web\/wp-content\/uploads\/2016\/11\/Cambio-Climatico.png 792w\" sizes=\"(max-width: 211px) 100vw, 211px\" \/><\/a>supuso el primer gran hito planificador en Euskadi en relaci\u00f3n al cambio clim\u00e1tico. El Gobierno Vasco consider\u00f3 necesario llevar a cabo una actualizaci\u00f3n del plan, con la mirada puesta en los pr\u00f3ximos a\u00f1os. Para ello,\u00a0han propuesto la elaboraci\u00f3n de una <a href=\"http:\/\/www.euskadi.eus\/contenidos\/plan_programa_proyecto\/klima2050\/es_def\/adjuntos\/LineasEstrategicasEconomicasBasicasEVCC.pdf\" target=\"_blank\"><strong>Estrategia Vasca de Cambio climatico 2050<\/strong><\/a> que permita un mejor encaje en los horizontes Europeos de planificaci\u00f3n incorporando planteamientos estrat\u00e9gicos que respondan a un horizonte temporal de medio-largo plazo, atendiendo a los \u00faltimos avances, tendencias y compromisos a nivel europeo e internacional (2030-2050).<\/span><\/p>\n<p style=\"text-align: justify;\"><span style=\"font-size: 12pt;\">En este contexto, la C\u00e1tedra UNESCO\u00a0ha sido encargada de realizar un<strong> Informe sobre\u00a0el an\u00e1lisis de las interrelaciones entre los ecosistemas terrestres y el cambio clim\u00e1tico en el Pa\u00eds Vasco<\/strong>. En \u00e9l se atiende especialmente a los ecosistemas terrestres m\u00e1s afectados por el cambio clim\u00e1tico y a las zonas m\u00e1s vulnerables a eventos clim\u00e1ticos extremos, y se realiza una evaluaci\u00f3n global del impacto sobre el capital natural y los principales servicios de los ecosistemas. Adem\u00e1s, se trata de conocer el impacto del cambio clim\u00e1tico en la configuraci\u00f3n del paisaje y definir los procesos que puedan ser principalmente afectados.<\/span><\/p>\n<p>[\/vc_column_text][\/vc_column][\/vc_row]<\/p>\n","protected":false},"excerpt":{"rendered":"<p>[vc_row][vc_column width=\u00bb1\/4&#8243;][vc_wp_custommenu nav_menu=\u00bb10&#8243;][\/vc_column][vc_column width=\u00bb3\/4&#8243;][vc_custom_heading text=\u00bbPLAN VASCO DE CAMBIO CLIM\u00c1TICO 2020&#8243; font_container=\u00bbtag:h3|text_align:left|color:%23198c49&#8243; google_fonts=\u00bbfont_family:Droid%20Sans%3Aregular%2C700|font_style:400%20regular%3A400%3Anormal\u00bb][vc_column_text] El Plan Vasco de Cambio Clim\u00e1tico 2008-2012 supuso el primer gran hito planificador en Euskadi en relaci\u00f3n al cambio clim\u00e1tico. El Gobierno Vasco consider\u00f3 necesario llevar a cabo una actualizaci\u00f3n del plan, con la mirada puesta en los pr\u00f3ximos a\u00f1os. Para ello,\u00a0han propuesto [&hellip;]<\/p>\n","protected":false},"author":1,"featured_media":0,"parent":9,"menu_order":5,"comment_status":"closed","ping_status":"closed","template":"","meta":{"footnotes":""},"class_list":["post-124","page","type-page","status-publish","hentry"],"_links":{"self":[{"href":"https:\/\/www.ehu.eus\/cdsea\/web\/index.php\/wp-json\/wp\/v2\/pages\/124"}],"collection":[{"href":"https:\/\/www.ehu.eus\/cdsea\/web\/index.php\/wp-json\/wp\/v2\/pages"}],"about":[{"href":"https:\/\/www.ehu.eus\/cdsea\/web\/index.php\/wp-json\/wp\/v2\/types\/page"}],"author":[{"embeddable":true,"href":"https:\/\/www.ehu.eus\/cdsea\/web\/index.php\/wp-json\/wp\/v2\/users\/1"}],"replies":[{"embeddable":true,"href":"https:\/\/www.ehu.eus\/cdsea\/web\/index.php\/wp-json\/wp\/v2\/comments?post=124"}],"version-history":[{"count":0,"href":"https:\/\/www.ehu.eus\/cdsea\/web\/index.php\/wp-json\/wp\/v2\/pages\/124\/revisions"}],"up":[{"embeddable":true,"href":"https:\/\/www.ehu.eus\/cdsea\/web\/index.php\/wp-json\/wp\/v2\/pages\/9"}],"wp:attachment":[{"href":"https:\/\/www.ehu.eus\/cdsea\/web\/index.php\/wp-json\/wp\/v2\/media?parent=124"}],"curies":[{"name":"wp","href":"https:\/\/api.w.org\/{rel}","templated":true}]}}