{"id":12528,"date":"2020-07-20T13:48:39","date_gmt":"2020-07-20T13:48:39","guid":{"rendered":"http:\/\/www.ehu.eus\/cdsea\/web\/?page_id=12528"},"modified":"2020-07-20T15:10:09","modified_gmt":"2020-07-20T15:10:09","slug":"12528-2","status":"publish","type":"page","link":"https:\/\/www.ehu.eus\/cdsea\/web\/index.php\/12528-2\/","title":{"rendered":"development studies_esp"},"content":{"rendered":"<p style=\"text-align: justify;\"><span style=\"color: #003300; font-size: 14pt;\"><strong>CONFERENCIA DEVELOPMENT STUDIES ASSOCIATION: NEW LEADERSHIP FOR GLOBAL CHALLENGES<\/strong><\/span><\/p>\n<p style=\"text-align: justify;\"><span style=\"font-size: 12pt;\">Mar\u00eda Viota, colaboradora de la C\u00e1tedra UNESCO, ha participado en la conferencia anual de la <a href=\"https:\/\/www.devstud.org.uk\/conference\/conference-2020\/\">Development Studies Association (DSA2020),<\/a> cuyo lema ha sido \u201cNuevos liderazgos para cambios globales\u201d y ha abordado los variados retos que se plantean en cuanto a emergencia clim\u00e1tica, desigualdades, pobreza, violencia o salud. <\/span><\/p>\n<p style=\"text-align: justify;\"><span style=\"font-size: 12pt;\"><a href=\"https:\/\/www.devstud.org.uk\/conference\/conference-2020\/\"><img loading=\"lazy\" decoding=\"async\" class=\"size-medium wp-image-12566 alignleft\" src=\"http:\/\/www.ehu.eus\/cdsea\/web\/wp-content\/uploads\/2017\/03\/imagen-congreso-2-300x157.jpg\" alt=\"\" width=\"300\" height=\"157\" srcset=\"https:\/\/www.ehu.eus\/cdsea\/web\/wp-content\/uploads\/2017\/03\/imagen-congreso-2-300x157.jpg 300w, https:\/\/www.ehu.eus\/cdsea\/web\/wp-content\/uploads\/2017\/03\/imagen-congreso-2-600x314.jpg 600w, https:\/\/www.ehu.eus\/cdsea\/web\/wp-content\/uploads\/2017\/03\/imagen-congreso-2.jpg 680w\" sizes=\"(max-width: 300px) 100vw, 300px\" \/><\/a>Durante esta conferencia, se tuvo la oportunidad de presentar la comunicaci\u00f3n oral <em><a href=\"http:\/\/www.ehu.eus\/cdsea\/web\/wp-content\/uploads\/2017\/03\/Maria-Viota_DSA-2.pdf\">\u201cContribution of urban green spaces on city dwellers\u2019 health in the Basque Country (Spain): towards guiding a sustainable and inclusive urban planning\u201d<\/a> <\/em>en la que se compartieron resultados del trabajo en marcha sobre los aportes de la infraestructura verde urbana a la salud de la poblaci\u00f3n vasca en el marco del Proyecto Servicios de los Ecosistemas de Euskadi. Adem\u00e1s, se particip\u00f3 en un debate con expertas panelistas y j\u00f3venes investigadores, en el que se compartieron reflexiones en torno a los impactos ambientales sobre los medios de vida y el bienestar de las personas y se discuti\u00f3 sobre los aspectos en com\u00fan de los diferentes contextos presentados para poner en relieve nuevas cuestiones sobre las que trabajar orientadas a la sostenibilidad global.<\/span><\/p>\n","protected":false},"excerpt":{"rendered":"<p>CONFERENCIA DEVELOPMENT STUDIES ASSOCIATION: NEW LEADERSHIP FOR GLOBAL CHALLENGES Mar\u00eda Viota, colaboradora de la C\u00e1tedra UNESCO, ha participado en la conferencia anual de la Development Studies Association (DSA2020), cuyo lema ha sido \u201cNuevos liderazgos para cambios globales\u201d y ha abordado los variados retos que se plantean en cuanto a emergencia clim\u00e1tica, desigualdades, pobreza, violencia o [&hellip;]<\/p>\n","protected":false},"author":4,"featured_media":0,"parent":0,"menu_order":0,"comment_status":"closed","ping_status":"closed","template":"","meta":{"footnotes":""},"class_list":["post-12528","page","type-page","status-publish","hentry"],"_links":{"self":[{"href":"https:\/\/www.ehu.eus\/cdsea\/web\/index.php\/wp-json\/wp\/v2\/pages\/12528"}],"collection":[{"href":"https:\/\/www.ehu.eus\/cdsea\/web\/index.php\/wp-json\/wp\/v2\/pages"}],"about":[{"href":"https:\/\/www.ehu.eus\/cdsea\/web\/index.php\/wp-json\/wp\/v2\/types\/page"}],"author":[{"embeddable":true,"href":"https:\/\/www.ehu.eus\/cdsea\/web\/index.php\/wp-json\/wp\/v2\/users\/4"}],"replies":[{"embeddable":true,"href":"https:\/\/www.ehu.eus\/cdsea\/web\/index.php\/wp-json\/wp\/v2\/comments?post=12528"}],"version-history":[{"count":4,"href":"https:\/\/www.ehu.eus\/cdsea\/web\/index.php\/wp-json\/wp\/v2\/pages\/12528\/revisions"}],"predecessor-version":[{"id":12572,"href":"https:\/\/www.ehu.eus\/cdsea\/web\/index.php\/wp-json\/wp\/v2\/pages\/12528\/revisions\/12572"}],"wp:attachment":[{"href":"https:\/\/www.ehu.eus\/cdsea\/web\/index.php\/wp-json\/wp\/v2\/media?parent=12528"}],"curies":[{"name":"wp","href":"https:\/\/api.w.org\/{rel}","templated":true}]}}