{"id":126,"date":"2016-11-15T14:54:00","date_gmt":"2016-11-15T14:54:00","guid":{"rendered":"http:\/\/www.ehu.eus\/cdsea\/cdseawp\/?page_id=126"},"modified":"2016-11-24T12:45:22","modified_gmt":"2016-11-24T12:45:22","slug":"geodibertsitatea-estrategia","status":"publish","type":"page","link":"https:\/\/www.ehu.eus\/cdsea\/web\/index.php\/investigacion\/geodibertsitatea-estrategia\/","title":{"rendered":"Estrategia de Geodiversidad de la CAPV"},"content":{"rendered":"<p>[vc_row][vc_column width=\u00bb1\/4&#8243;][vc_wp_custommenu nav_menu=\u00bb10&#8243;][\/vc_column][vc_column width=\u00bb3\/4&#8243;][vc_custom_heading text=\u00bbPROCESO DE PARTICIPACI\u00d3N P\u00daBLICA PARA LA ELABORACI\u00d3N DE LA ESTRATEGIA DE GEODIVERSIDAD DE LA CAPV\u00bb font_container=\u00bbtag:h3|text_align:left|color:%23198c49&#8243; google_fonts=\u00bbfont_family:Droid%20Sans%3Aregular%2C700|font_style:400%20regular%3A400%3Anormal\u00bb][vc_column_text]<a href=\"http:\/\/www.ehu.eus\/cdsea\/web\/wp-content\/uploads\/2016\/11\/geodivers_2020.pdf\"><img loading=\"lazy\" decoding=\"async\" class=\"alignright wp-image-1028 size-medium\" title=\"Ver aqu\u00ed\" src=\"http:\/\/www.ehu.eus\/cdsea\/web\/wp-content\/uploads\/2016\/11\/Estrategia-Geodiversdiad-225x300.jpg\" alt=\"estrategia-geodiversdiad\" width=\"225\" height=\"300\" srcset=\"https:\/\/www.ehu.eus\/cdsea\/web\/wp-content\/uploads\/2016\/11\/Estrategia-Geodiversdiad-225x300.jpg 225w, https:\/\/www.ehu.eus\/cdsea\/web\/wp-content\/uploads\/2016\/11\/Estrategia-Geodiversdiad-600x800.jpg 600w, https:\/\/www.ehu.eus\/cdsea\/web\/wp-content\/uploads\/2016\/11\/Estrategia-Geodiversdiad.jpg 720w\" sizes=\"(max-width: 225px) 100vw, 225px\" \/><\/a><\/p>\n<p style=\"text-align: justify;\"><span style=\"font-size: 12pt;\">El objetivo de este proyecto era abrir un proceso de participaci\u00f3n p\u00fablica hacia las administraciones p\u00fablicas, la ciudadan\u00eda y los grupos de inter\u00e9s que permitiera recoger el mayor n\u00famero de aportaciones, enmiendas, opiniones y sugerencias a la <a href=\"http:\/\/www.ingurumena.ejgv.euskadi.eus\/contenidos\/plan_programa_proyecto\/geodibertsitatearen_estrategia\/es_def\/adjuntos\/geodivers_2020.pdf\" target=\"_blank\"><strong>Estrategia de Geodiversidad de la CAPV y al Inventario de Lugares de Inter\u00e9s Geol\u00f3gico<\/strong><\/a><strong>.<\/strong><\/span><\/p>\n<p style=\"text-align: justify;\"><span style=\"font-size: 12pt;\">C\u00e1tedra UNESCO particip\u00f3 junto a Kualitate Lantaldea en la elaboraci\u00f3n del <a href=\"http:\/\/www.irekia.euskadi.eus\/es\/debates\/940-participacion-ciudadana-diseno-estrategia-geodiversidad-capv?stage=presentation\" target=\"_blank\"><strong>Proceso de participaci\u00f3n<\/strong> <\/a><a href=\"http:\/\/www.irekia.euskadi.eus\/es\/debates\/940-participacion-ciudadana-diseno-estrategia-geodiversidad-capv?stage=presentation\" target=\"_blank\"><strong>p\u00fablica para la elaboraci\u00f3n de la Estrategia de Geodiversidad de la CAPV.<\/strong><\/a><\/span><\/p>\n<p>[\/vc_column_text][\/vc_column][\/vc_row]<\/p>\n","protected":false},"excerpt":{"rendered":"<p>[vc_row][vc_column width=\u00bb1\/4&#8243;][vc_wp_custommenu nav_menu=\u00bb10&#8243;][\/vc_column][vc_column width=\u00bb3\/4&#8243;][vc_custom_heading text=\u00bbPROCESO DE PARTICIPACI\u00d3N P\u00daBLICA PARA LA ELABORACI\u00d3N DE LA ESTRATEGIA DE GEODIVERSIDAD DE LA CAPV\u00bb font_container=\u00bbtag:h3|text_align:left|color:%23198c49&#8243; google_fonts=\u00bbfont_family:Droid%20Sans%3Aregular%2C700|font_style:400%20regular%3A400%3Anormal\u00bb][vc_column_text] El objetivo de este proyecto era abrir un proceso de participaci\u00f3n p\u00fablica hacia las administraciones p\u00fablicas, la ciudadan\u00eda y los grupos de inter\u00e9s que permitiera recoger el mayor n\u00famero de aportaciones, enmiendas, opiniones y [&hellip;]<\/p>\n","protected":false},"author":1,"featured_media":0,"parent":9,"menu_order":6,"comment_status":"closed","ping_status":"closed","template":"","meta":{"footnotes":""},"class_list":["post-126","page","type-page","status-publish","hentry"],"_links":{"self":[{"href":"https:\/\/www.ehu.eus\/cdsea\/web\/index.php\/wp-json\/wp\/v2\/pages\/126"}],"collection":[{"href":"https:\/\/www.ehu.eus\/cdsea\/web\/index.php\/wp-json\/wp\/v2\/pages"}],"about":[{"href":"https:\/\/www.ehu.eus\/cdsea\/web\/index.php\/wp-json\/wp\/v2\/types\/page"}],"author":[{"embeddable":true,"href":"https:\/\/www.ehu.eus\/cdsea\/web\/index.php\/wp-json\/wp\/v2\/users\/1"}],"replies":[{"embeddable":true,"href":"https:\/\/www.ehu.eus\/cdsea\/web\/index.php\/wp-json\/wp\/v2\/comments?post=126"}],"version-history":[{"count":0,"href":"https:\/\/www.ehu.eus\/cdsea\/web\/index.php\/wp-json\/wp\/v2\/pages\/126\/revisions"}],"up":[{"embeddable":true,"href":"https:\/\/www.ehu.eus\/cdsea\/web\/index.php\/wp-json\/wp\/v2\/pages\/9"}],"wp:attachment":[{"href":"https:\/\/www.ehu.eus\/cdsea\/web\/index.php\/wp-json\/wp\/v2\/media?parent=126"}],"curies":[{"name":"wp","href":"https:\/\/api.w.org\/{rel}","templated":true}]}}