{"id":12683,"date":"2020-08-31T12:37:29","date_gmt":"2020-08-31T12:37:29","guid":{"rendered":"http:\/\/www.ehu.eus\/cdsea\/web\/?page_id=12683"},"modified":"2020-09-03T14:51:11","modified_gmt":"2020-09-03T14:51:11","slug":"webinar-e-life-esp","status":"publish","type":"page","link":"https:\/\/www.ehu.eus\/cdsea\/web\/index.php\/webinar-e-life-esp\/","title":{"rendered":"Webinar E-Life-esp"},"content":{"rendered":"<p><span style=\"font-size: 14pt; color: #003300;\"><strong>PARTICIPACI\u00d3N EN WEBINAR SOBRE E-LIFEFONG LEARNING<\/strong><\/span><\/p>\n<p style=\"text-align: justify;\"><span style=\"font-size: 12pt;\"><img loading=\"lazy\" decoding=\"async\" class=\"size-medium wp-image-12686 alignright\" src=\"http:\/\/www.ehu.eus\/cdsea\/web\/wp-content\/uploads\/2017\/03\/Imagen1_mv-300x300.jpg\" alt=\"\" width=\"300\" height=\"300\" srcset=\"https:\/\/www.ehu.eus\/cdsea\/web\/wp-content\/uploads\/2017\/03\/Imagen1_mv-300x300.jpg 300w, https:\/\/www.ehu.eus\/cdsea\/web\/wp-content\/uploads\/2017\/03\/Imagen1_mv-150x150.jpg 150w, https:\/\/www.ehu.eus\/cdsea\/web\/wp-content\/uploads\/2017\/03\/Imagen1_mv-768x768.jpg 768w, https:\/\/www.ehu.eus\/cdsea\/web\/wp-content\/uploads\/2017\/03\/Imagen1_mv-1024x1024.jpg 1024w, https:\/\/www.ehu.eus\/cdsea\/web\/wp-content\/uploads\/2017\/03\/Imagen1_mv-600x600.jpg 600w, https:\/\/www.ehu.eus\/cdsea\/web\/wp-content\/uploads\/2017\/03\/Imagen1_mv-350x350.jpg 350w, https:\/\/www.ehu.eus\/cdsea\/web\/wp-content\/uploads\/2017\/03\/Imagen1_mv.jpg 1282w\" sizes=\"(max-width: 300px) 100vw, 300px\" \/>El 12 de agosto participamos en el webinar \u201cE-Lifelong Learning for Youth in Bunaken-Tangkoko-Minahasa Biosphere Reserve proposal during COVID-19 Pandemic\u201d organizado por la Universidad Sam Ratulangi UNSRAT (Manado, Indonesia) y con el apoyo de UNESCO.<\/span><\/p>\n<p style=\"text-align: justify;\"><span style=\"font-size: 12pt;\">El webinar se ha desarrollado en el marco de un proyecto que promueve el aprendizaje online durante la pandemia por COVID-19 tomando como referencia la Reserva de la Biosfera Bunaken-Tangkoko- Minahasa. El proyecto persigue contribuir al cumplimiento del ODS 4 de la Agenda 2030 (\u201cgarantizar una educaci\u00f3n inclusiva, equitativa y de calidad y promover las oportunidades de aprendizaje durante toda la vida para todos\u201d) a trav\u00e9s de la capacitaci\u00f3n de j\u00f3venes universitarios del entorno de la Reserva sobre la importancia de conservar la naturaleza y promover el desarrollo sostenible para facilitar su visi\u00f3n y participaci\u00f3n.<\/span><\/p>\n<p style=\"text-align: justify;\"><span style=\"font-size: 12pt;\">Representado a la C\u00e1tedra,\u00a0 y en colaboraci\u00f3n cient\u00edfica con la UNSRAT, ha participado Mar\u00eda Viota, quien ha presentado y explicado el marco conceptual de los servicios de los ecosistemas que se aplica para el Proyecto Servicios de los Ecosistemas de Euskadi. Se ha contextualizado la importancia de la creaci\u00f3n de una comunidad de pr\u00e1ctica que incluya la participaci\u00f3n de la juventud como conjunto clave en la sociedad civil, y se han compartido las explicaciones para poder examinar la percepci\u00f3n de la juventud en cuanto a los ecosistemas y los servicios que proporcionan en la Reserva de la Biosfera Bunaken-Tangkoko- Minahasa.<\/span><\/p>\n<table style=\"height: 32px;\" width=\"454\">\n<tbody>\n<tr>\n<td style=\"width: 144.533px;\"><img loading=\"lazy\" decoding=\"async\" class=\"alignnone size-medium wp-image-12691\" src=\"http:\/\/www.ehu.eus\/cdsea\/web\/wp-content\/uploads\/2017\/03\/Imagen3-300x300.jpeg\" alt=\"\" width=\"300\" height=\"300\" srcset=\"https:\/\/www.ehu.eus\/cdsea\/web\/wp-content\/uploads\/2017\/03\/Imagen3-300x300.jpeg 300w, https:\/\/www.ehu.eus\/cdsea\/web\/wp-content\/uploads\/2017\/03\/Imagen3-150x150.jpeg 150w, https:\/\/www.ehu.eus\/cdsea\/web\/wp-content\/uploads\/2017\/03\/Imagen3-768x768.jpeg 768w, https:\/\/www.ehu.eus\/cdsea\/web\/wp-content\/uploads\/2017\/03\/Imagen3-1024x1024.jpeg 1024w, https:\/\/www.ehu.eus\/cdsea\/web\/wp-content\/uploads\/2017\/03\/Imagen3-600x600.jpeg 600w, https:\/\/www.ehu.eus\/cdsea\/web\/wp-content\/uploads\/2017\/03\/Imagen3-350x350.jpeg 350w, https:\/\/www.ehu.eus\/cdsea\/web\/wp-content\/uploads\/2017\/03\/Imagen3.jpeg 1280w\" sizes=\"(max-width: 300px) 100vw, 300px\" \/><\/td>\n<td style=\"width: 144.533px;\"><img loading=\"lazy\" decoding=\"async\" class=\"alignnone size-medium wp-image-12685\" src=\"http:\/\/www.ehu.eus\/cdsea\/web\/wp-content\/uploads\/2017\/03\/difusi\u00f3n1-300x300.jpeg\" alt=\"\" width=\"300\" height=\"300\" srcset=\"https:\/\/www.ehu.eus\/cdsea\/web\/wp-content\/uploads\/2017\/03\/difusi\u00f3n1-300x300.jpeg 300w, https:\/\/www.ehu.eus\/cdsea\/web\/wp-content\/uploads\/2017\/03\/difusi\u00f3n1-150x150.jpeg 150w, https:\/\/www.ehu.eus\/cdsea\/web\/wp-content\/uploads\/2017\/03\/difusi\u00f3n1-768x768.jpeg 768w, https:\/\/www.ehu.eus\/cdsea\/web\/wp-content\/uploads\/2017\/03\/difusi\u00f3n1-1024x1024.jpeg 1024w, https:\/\/www.ehu.eus\/cdsea\/web\/wp-content\/uploads\/2017\/03\/difusi\u00f3n1-600x600.jpeg 600w, https:\/\/www.ehu.eus\/cdsea\/web\/wp-content\/uploads\/2017\/03\/difusi\u00f3n1-350x350.jpeg 350w, https:\/\/www.ehu.eus\/cdsea\/web\/wp-content\/uploads\/2017\/03\/difusi\u00f3n1.jpeg 1280w\" sizes=\"(max-width: 300px) 100vw, 300px\" \/><\/td>\n<td style=\"width: 144.533px;\"><img loading=\"lazy\" decoding=\"async\" class=\"alignnone size-medium wp-image-12684\" src=\"http:\/\/www.ehu.eus\/cdsea\/web\/wp-content\/uploads\/2017\/03\/agenda2-300x300.jpeg\" alt=\"\" width=\"300\" height=\"300\" srcset=\"https:\/\/www.ehu.eus\/cdsea\/web\/wp-content\/uploads\/2017\/03\/agenda2-300x300.jpeg 300w, https:\/\/www.ehu.eus\/cdsea\/web\/wp-content\/uploads\/2017\/03\/agenda2-150x150.jpeg 150w, https:\/\/www.ehu.eus\/cdsea\/web\/wp-content\/uploads\/2017\/03\/agenda2-768x768.jpeg 768w, https:\/\/www.ehu.eus\/cdsea\/web\/wp-content\/uploads\/2017\/03\/agenda2-1024x1024.jpeg 1024w, https:\/\/www.ehu.eus\/cdsea\/web\/wp-content\/uploads\/2017\/03\/agenda2-600x600.jpeg 600w, https:\/\/www.ehu.eus\/cdsea\/web\/wp-content\/uploads\/2017\/03\/agenda2-350x350.jpeg 350w, https:\/\/www.ehu.eus\/cdsea\/web\/wp-content\/uploads\/2017\/03\/agenda2.jpeg 1280w\" sizes=\"(max-width: 300px) 100vw, 300px\" \/><\/td>\n<\/tr>\n<\/tbody>\n<\/table>\n","protected":false},"excerpt":{"rendered":"<p>PARTICIPACI\u00d3N EN WEBINAR SOBRE E-LIFEFONG LEARNING El 12 de agosto participamos en el webinar \u201cE-Lifelong Learning for Youth in Bunaken-Tangkoko-Minahasa Biosphere Reserve proposal during COVID-19 Pandemic\u201d organizado por la Universidad Sam Ratulangi UNSRAT (Manado, Indonesia) y con el apoyo de UNESCO. El webinar se ha desarrollado en el marco de un proyecto que promueve el [&hellip;]<\/p>\n","protected":false},"author":4,"featured_media":0,"parent":0,"menu_order":0,"comment_status":"closed","ping_status":"closed","template":"","meta":{"footnotes":""},"class_list":["post-12683","page","type-page","status-publish","hentry"],"_links":{"self":[{"href":"https:\/\/www.ehu.eus\/cdsea\/web\/index.php\/wp-json\/wp\/v2\/pages\/12683"}],"collection":[{"href":"https:\/\/www.ehu.eus\/cdsea\/web\/index.php\/wp-json\/wp\/v2\/pages"}],"about":[{"href":"https:\/\/www.ehu.eus\/cdsea\/web\/index.php\/wp-json\/wp\/v2\/types\/page"}],"author":[{"embeddable":true,"href":"https:\/\/www.ehu.eus\/cdsea\/web\/index.php\/wp-json\/wp\/v2\/users\/4"}],"replies":[{"embeddable":true,"href":"https:\/\/www.ehu.eus\/cdsea\/web\/index.php\/wp-json\/wp\/v2\/comments?post=12683"}],"version-history":[{"count":7,"href":"https:\/\/www.ehu.eus\/cdsea\/web\/index.php\/wp-json\/wp\/v2\/pages\/12683\/revisions"}],"predecessor-version":[{"id":12716,"href":"https:\/\/www.ehu.eus\/cdsea\/web\/index.php\/wp-json\/wp\/v2\/pages\/12683\/revisions\/12716"}],"wp:attachment":[{"href":"https:\/\/www.ehu.eus\/cdsea\/web\/index.php\/wp-json\/wp\/v2\/media?parent=12683"}],"curies":[{"name":"wp","href":"https:\/\/api.w.org\/{rel}","templated":true}]}}