{"id":12720,"date":"2020-09-03T20:14:59","date_gmt":"2020-09-03T20:14:59","guid":{"rendered":"http:\/\/www.ehu.eus\/cdsea\/web\/?page_id=12720"},"modified":"2020-09-03T20:28:45","modified_gmt":"2020-09-03T20:28:45","slug":"urban-growth-esp","status":"publish","type":"page","link":"https:\/\/www.ehu.eus\/cdsea\/web\/index.php\/urban-growth-esp\/","title":{"rendered":"Urban Growth-esp"},"content":{"rendered":"<p style=\"text-align: justify;\"><span style=\"font-size: 12pt;\"><strong><span style=\"font-size: 14pt; color: #003300;\">ART\u00cdCULO: URBAN GROWTH AND BIODIVERSITY CONSERVATON<\/span><br \/>\n<\/strong><\/span><\/p>\n<p style=\"text-align: justify;\"><span style=\"font-size: 12pt;\"><a href=\"http:\/\/www.ehu.eus\/cdsea\/web\/wp-content\/uploads\/2017\/03\/Onaindia-Fisher2020_ReferenceWorkEntry_UrbanGrowthAndBiodiversityCons.pdf\"><img loading=\"lazy\" decoding=\"async\" class=\"size-medium wp-image-12728 alignleft\" src=\"http:\/\/www.ehu.eus\/cdsea\/web\/wp-content\/uploads\/2017\/03\/articulo-worth-258x300.jpg\" alt=\"\" width=\"258\" height=\"300\" srcset=\"https:\/\/www.ehu.eus\/cdsea\/web\/wp-content\/uploads\/2017\/03\/articulo-worth-258x300.jpg 258w, https:\/\/www.ehu.eus\/cdsea\/web\/wp-content\/uploads\/2017\/03\/articulo-worth.jpg 570w\" sizes=\"(max-width: 258px) 100vw, 258px\" \/><\/a>El art\u00edculo <a href=\"http:\/\/www.ehu.eus\/cdsea\/web\/wp-content\/uploads\/2017\/03\/Onaindia-Fisher2020_ReferenceWorkEntry_UrbanGrowthAndBiodiversityCons.pdf\"><em>Urban Growth and Biodiversity Conservation<\/em><\/a> de Miren Onaindia, coordinadora de la C\u00e1tedra UNESCO y \u00a0Joshua Fisher, profesor de la Universidad de Columbia, New York; ha sido publicado en el marco de la <a href=\"https:\/\/www.springer.com\/series\/15893\">enciclopedia sobre Objetivos de Desarrollo Sostenible de Naciones Unidas.<\/a><\/span><\/p>\n<p style=\"text-align: justify;\"><span style=\"font-size: 12pt;\">En este cap\u00edtulo se analiza el estado actual del conocimiento sobre los impactos de la urbanizaci\u00f3n en la biodiversidad y se presentan casos recientes en la gesti\u00f3n eficaz.<\/span><\/p>\n","protected":false},"excerpt":{"rendered":"<p>ART\u00cdCULO: URBAN GROWTH AND BIODIVERSITY CONSERVATON El art\u00edculo Urban Growth and Biodiversity Conservation de Miren Onaindia, coordinadora de la C\u00e1tedra UNESCO y \u00a0Joshua Fisher, profesor de la Universidad de Columbia, New York; ha sido publicado en el marco de la enciclopedia sobre Objetivos de Desarrollo Sostenible de Naciones Unidas. En este cap\u00edtulo se analiza el [&hellip;]<\/p>\n","protected":false},"author":4,"featured_media":0,"parent":0,"menu_order":0,"comment_status":"closed","ping_status":"closed","template":"","meta":{"footnotes":""},"class_list":["post-12720","page","type-page","status-publish","hentry"],"_links":{"self":[{"href":"https:\/\/www.ehu.eus\/cdsea\/web\/index.php\/wp-json\/wp\/v2\/pages\/12720"}],"collection":[{"href":"https:\/\/www.ehu.eus\/cdsea\/web\/index.php\/wp-json\/wp\/v2\/pages"}],"about":[{"href":"https:\/\/www.ehu.eus\/cdsea\/web\/index.php\/wp-json\/wp\/v2\/types\/page"}],"author":[{"embeddable":true,"href":"https:\/\/www.ehu.eus\/cdsea\/web\/index.php\/wp-json\/wp\/v2\/users\/4"}],"replies":[{"embeddable":true,"href":"https:\/\/www.ehu.eus\/cdsea\/web\/index.php\/wp-json\/wp\/v2\/comments?post=12720"}],"version-history":[{"count":6,"href":"https:\/\/www.ehu.eus\/cdsea\/web\/index.php\/wp-json\/wp\/v2\/pages\/12720\/revisions"}],"predecessor-version":[{"id":12731,"href":"https:\/\/www.ehu.eus\/cdsea\/web\/index.php\/wp-json\/wp\/v2\/pages\/12720\/revisions\/12731"}],"wp:attachment":[{"href":"https:\/\/www.ehu.eus\/cdsea\/web\/index.php\/wp-json\/wp\/v2\/media?parent=12720"}],"curies":[{"name":"wp","href":"https:\/\/api.w.org\/{rel}","templated":true}]}}