{"id":13585,"date":"2020-12-06T12:24:55","date_gmt":"2020-12-06T12:24:55","guid":{"rendered":"http:\/\/www.ehu.eus\/cdsea\/web\/?page_id=13585"},"modified":"2020-12-06T12:25:05","modified_gmt":"2020-12-06T12:25:05","slug":"3as-jornadas-renatur-2","status":"publish","type":"page","link":"https:\/\/www.ehu.eus\/cdsea\/web\/index.php\/3as-jornadas-renatur-2\/","title":{"rendered":"3as JORNADAS RENATUR"},"content":{"rendered":"<p><span style=\"font-size: 14pt; color: #003300;\"><strong>TERCERA JORNADA REGIONAL DEL PROYECTO RENATUR-INTERREG-EUROPE<\/strong><\/span><\/p>\n<p style=\"text-align: justify;\"><span style=\"color: #000000; font-size: 12pt;\"><img loading=\"lazy\" decoding=\"async\" class=\"size-medium wp-image-11401 alignleft\" src=\"http:\/\/www.ehu.eus\/cdsea\/web\/wp-content\/uploads\/2017\/03\/RENATUR-300x145.jpg\" alt=\"\" width=\"300\" height=\"145\" srcset=\"https:\/\/www.ehu.eus\/cdsea\/web\/wp-content\/uploads\/2017\/03\/RENATUR-300x145.jpg 300w, https:\/\/www.ehu.eus\/cdsea\/web\/wp-content\/uploads\/2017\/03\/RENATUR-768x371.jpg 768w, https:\/\/www.ehu.eus\/cdsea\/web\/wp-content\/uploads\/2017\/03\/RENATUR-1024x494.jpg 1024w, https:\/\/www.ehu.eus\/cdsea\/web\/wp-content\/uploads\/2017\/03\/RENATUR-600x290.jpg 600w, https:\/\/www.ehu.eus\/cdsea\/web\/wp-content\/uploads\/2017\/03\/RENATUR.jpg 1471w\" sizes=\"(max-width: 300px) 100vw, 300px\" \/>La <strong>tercera jornada regional<\/strong> se realizar\u00e1 en <strong>Bilbao<\/strong> el <strong>d\u00eda 4 de diciembre de 2020 en el Bizkaia Aretoa (Bilbao)<\/strong>. Es por ello, que creemos que su asistencia como expert@ en el tema es de gran relevancia, para poder compartir experiencias y conocimientos mutuos durante esta TERCERA jornada. Debido a la actual situaci\u00f3n de pandemia por COVID-19 en la que nos encontramos, ser\u00e1n tomadas todas las medidas de seguridad e higiene necesarias atendiendo a las normas establecidas para la realizaci\u00f3n de eventos estipuladas por las autoridades sanitarias competentes.\u00a0 Actualmente, el aforo es limitado, y rogamos confirme su participaci\u00f3n como se indica al final de esta carta. As\u00ed mismo, le informamos que este evento ser\u00e1 retrasmitido en \u201cstreaming\u201d y utilizado posteriormente para su difusi\u00f3n, de modo que necesitamos consienta su grabaci\u00f3n (a trav\u00e9s del documento de inscripci\u00f3n).<\/span><\/p>\n<p style=\"text-align: justify;\"><span style=\"color: #000000; font-size: 12pt;\"><strong>M\u00e1s informaci\u00f3n:<\/strong>\u00a0<a style=\"color: #000000;\" href=\"mailto:info.renatur@ehu.es\">info.renatur@ehu.es\u00a0<\/a><\/span><\/p>\n","protected":false},"excerpt":{"rendered":"<p>TERCERA JORNADA REGIONAL DEL PROYECTO RENATUR-INTERREG-EUROPE La tercera jornada regional se realizar\u00e1 en Bilbao el d\u00eda 4 de diciembre de 2020 en el Bizkaia Aretoa (Bilbao). Es por ello, que creemos que su asistencia como expert@ en el tema es de gran relevancia, para poder compartir experiencias y conocimientos mutuos durante esta TERCERA jornada. Debido [&hellip;]<\/p>\n","protected":false},"author":4,"featured_media":0,"parent":0,"menu_order":0,"comment_status":"closed","ping_status":"closed","template":"","meta":{"footnotes":""},"class_list":["post-13585","page","type-page","status-publish","hentry"],"_links":{"self":[{"href":"https:\/\/www.ehu.eus\/cdsea\/web\/index.php\/wp-json\/wp\/v2\/pages\/13585"}],"collection":[{"href":"https:\/\/www.ehu.eus\/cdsea\/web\/index.php\/wp-json\/wp\/v2\/pages"}],"about":[{"href":"https:\/\/www.ehu.eus\/cdsea\/web\/index.php\/wp-json\/wp\/v2\/types\/page"}],"author":[{"embeddable":true,"href":"https:\/\/www.ehu.eus\/cdsea\/web\/index.php\/wp-json\/wp\/v2\/users\/4"}],"replies":[{"embeddable":true,"href":"https:\/\/www.ehu.eus\/cdsea\/web\/index.php\/wp-json\/wp\/v2\/comments?post=13585"}],"version-history":[{"count":1,"href":"https:\/\/www.ehu.eus\/cdsea\/web\/index.php\/wp-json\/wp\/v2\/pages\/13585\/revisions"}],"predecessor-version":[{"id":13587,"href":"https:\/\/www.ehu.eus\/cdsea\/web\/index.php\/wp-json\/wp\/v2\/pages\/13585\/revisions\/13587"}],"wp:attachment":[{"href":"https:\/\/www.ehu.eus\/cdsea\/web\/index.php\/wp-json\/wp\/v2\/media?parent=13585"}],"curies":[{"name":"wp","href":"https:\/\/api.w.org\/{rel}","templated":true}]}}