{"id":138,"date":"2016-11-15T14:56:47","date_gmt":"2016-11-15T14:56:47","guid":{"rendered":"http:\/\/www.ehu.eus\/cdsea\/cdseawp\/?page_id=138"},"modified":"2025-10-13T14:25:12","modified_gmt":"2025-10-13T12:25:12","slug":"programa","status":"publish","type":"page","link":"https:\/\/www.ehu.eus\/cdsea\/web\/index.php\/master_propio\/programa\/","title":{"rendered":"Programa"},"content":{"rendered":"\n<div class=\"wp-block-columns alignwide is-layout-flex wp-container-core-columns-is-layout-1 wp-block-columns-is-layout-flex\">\n<div class=\"wp-block-column is-vertically-aligned-top has-base-background-color has-background is-layout-flow wp-block-column-is-layout-flow\" style=\"flex-basis:33.33%\"><nav class=\"is-responsive items-justified-center wp-block-navigation is-content-justification-center is-layout-flex wp-container-core-navigation-is-layout-1 wp-block-navigation-is-layout-flex\" aria-label=\"Men\u00fa Formaci\u00f3n\" \n\t\t data-wp-interactive=\"core\/navigation\" data-wp-context='{\"overlayOpenedBy\":{\"click\":false,\"hover\":false,\"focus\":false},\"type\":\"overlay\",\"roleAttribute\":\"\",\"ariaLabel\":\"Men\\u00fa\"}'><button aria-haspopup=\"dialog\" aria-label=\"Abrir el men\u00fa\" class=\"wp-block-navigation__responsive-container-open \" \n\t\t\t\tdata-wp-on-async--click=\"actions.openMenuOnClick\"\n\t\t\t\tdata-wp-on--keydown=\"actions.handleMenuKeydown\"\n\t\t\t><svg width=\"24\" height=\"24\" xmlns=\"http:\/\/www.w3.org\/2000\/svg\" viewBox=\"0 0 24 24\" aria-hidden=\"true\" focusable=\"false\"><rect x=\"4\" y=\"7.5\" width=\"16\" height=\"1.5\" \/><rect x=\"4\" y=\"15\" width=\"16\" height=\"1.5\" \/><\/svg><\/button>\n\t\t\t\t<div class=\"wp-block-navigation__responsive-container  \"  id=\"modal-1\" \n\t\t\t\tdata-wp-class--has-modal-open=\"state.isMenuOpen\"\n\t\t\t\tdata-wp-class--is-menu-open=\"state.isMenuOpen\"\n\t\t\t\tdata-wp-watch=\"callbacks.initMenu\"\n\t\t\t\tdata-wp-on--keydown=\"actions.handleMenuKeydown\"\n\t\t\t\tdata-wp-on-async--focusout=\"actions.handleMenuFocusout\"\n\t\t\t\ttabindex=\"-1\"\n\t\t\t>\n\t\t\t\t\t<div class=\"wp-block-navigation__responsive-close\" tabindex=\"-1\">\n\t\t\t\t\t\t<div class=\"wp-block-navigation__responsive-dialog\" \n\t\t\t\tdata-wp-bind--aria-modal=\"state.ariaModal\"\n\t\t\t\tdata-wp-bind--aria-label=\"state.ariaLabel\"\n\t\t\t\tdata-wp-bind--role=\"state.roleAttribute\"\n\t\t\t>\n\t\t\t\t\t\t\t<button aria-label=\"Cerrar el men\u00fa\" class=\"wp-block-navigation__responsive-container-close\" \n\t\t\t\tdata-wp-on-async--click=\"actions.closeMenuOnClick\"\n\t\t\t><svg xmlns=\"http:\/\/www.w3.org\/2000\/svg\" viewBox=\"0 0 24 24\" width=\"24\" height=\"24\" aria-hidden=\"true\" focusable=\"false\"><path d=\"M13 11.8l6.1-6.3-1-1-6.1 6.2-6.1-6.2-1 1 6.1 6.3-6.5 6.7 1 1 6.5-6.6 6.5 6.6 1-1z\"><\/path><\/svg><\/button>\n\t\t\t\t\t\t\t<div class=\"wp-block-navigation__responsive-container-content\" \n\t\t\t\tdata-wp-watch=\"callbacks.focusFirstElement\"\n\t\t\t id=\"modal-1-content\">\n\t\t\t\t\t\t\t\t<ul class=\"wp-block-navigation__container is-responsive items-justified-center wp-block-navigation\"><li data-wp-context=\"{ &quot;submenuOpenedBy&quot;: { &quot;click&quot;: false, &quot;hover&quot;: false, &quot;focus&quot;: false }, &quot;type&quot;: &quot;submenu&quot; }\" data-wp-interactive=\"core\/navigation\" data-wp-on--focusout=\"actions.handleMenuFocusout\" data-wp-on--keydown=\"actions.handleMenuKeydown\" data-wp-on-async--mouseenter=\"actions.openMenuOnHover\" data-wp-on-async--mouseleave=\"actions.closeMenuOnHover\" data-wp-watch=\"callbacks.initMenu\" tabindex=\"-1\" class=\" wp-block-navigation-item has-child open-on-hover-click wp-block-navigation-submenu\"><a class=\"wp-block-navigation-item__content\" href=\"https:\/\/www.ehu.eus\/cdsea\/web\/index.php\/master_propio\/\">Master Propio<\/a><button data-wp-bind--aria-expanded=\"state.isMenuOpen\" data-wp-on-async--click=\"actions.toggleMenuOnClick\" aria-label=\"Submen\u00fa de Master Propio\" class=\"wp-block-navigation__submenu-icon wp-block-navigation-submenu__toggle\" ><svg xmlns=\"http:\/\/www.w3.org\/2000\/svg\" width=\"12\" height=\"12\" viewBox=\"0 0 12 12\" fill=\"none\" aria-hidden=\"true\" focusable=\"false\"><path d=\"M1.50002 4L6.00002 8L10.5 4\" stroke-width=\"1.5\"><\/path><\/svg><\/button><ul data-wp-on-async--focus=\"actions.openMenuOnFocus\" class=\"wp-block-navigation__submenu-container wp-block-navigation-submenu\"><li class=\" wp-block-navigation-item wp-block-navigation-link\"><a class=\"wp-block-navigation-item__content\"  href=\"https:\/\/www.ehu.eus\/cdsea\/web\/index.php\/master_propio\/programa\/\"><span class=\"wp-block-navigation-item__label\">Programa<\/span><\/a><\/li><li class=\" wp-block-navigation-item wp-block-navigation-link\"><a class=\"wp-block-navigation-item__content\"  href=\"https:\/\/www.ehu.eus\/cdsea\/web\/index.php\/master_propio\/direccion-y-profesorado\/\"><span class=\"wp-block-navigation-item__label\">Direcci\u00f3n y profesorado<\/span><\/a><\/li><li class=\" wp-block-navigation-item wp-block-navigation-link\"><a class=\"wp-block-navigation-item__content\"  href=\"https:\/\/www.ehu.eus\/cdsea\/web\/index.php\/master_propio\/preinscripcion-y-matricula\/\"><span class=\"wp-block-navigation-item__label\">Preinscripci\u00f3n y matr\u00edcula<\/span><\/a><\/li><li class=\" wp-block-navigation-item wp-block-navigation-link\"><a class=\"wp-block-navigation-item__content\"  href=\"https:\/\/www.ehu.eus\/cdsea\/web\/index.php\/master_propio\/secretaria\/\"><span class=\"wp-block-navigation-item__label\">Secretar\u00eda<\/span><\/a><\/li><li class=\" wp-block-navigation-item wp-block-navigation-link\"><a class=\"wp-block-navigation-item__content\"  href=\"https:\/\/www.ehu.eus\/cdsea\/web\/index.php\/posibles-ayudas-y-programas\/\"><span class=\"wp-block-navigation-item__label\">Posibles Ayudas y Programas<\/span><\/a><\/li><\/ul><\/li><li class=\" wp-block-navigation-item wp-block-navigation-link\"><a class=\"wp-block-navigation-item__content\"  href=\"https:\/\/www.ehu.eus\/cdsea\/web\/index.php\/acceso-alumnado\/\"><span class=\"wp-block-navigation-item__label\">Acceso Alumnado<\/span><\/a><\/li><\/ul>\n\t\t\t\t\t\t\t<\/div>\n\t\t\t\t\t\t<\/div>\n\t\t\t\t\t<\/div>\n\t\t\t\t<\/div><\/nav><\/div>\n\n\n\n<div class=\"wp-block-column is-layout-flow wp-block-column-is-layout-flow\" style=\"flex-basis:66.66%\">\n<p><span style=\"font-size: 12pt;\">El m\u00e1ster en Medio Ambiente, Sostenibilidad y ODS (60 ECTS) est\u00e1 organizado en 6 m\u00f3dulos: <\/span><\/p>\n\n\n\n<p><span style=\"font-size: 12pt;\"><strong>M\u00f3dulo 1: LA SOSTENIBILIDAD, UNA VISI\u00d3N GLOBAL (8 cr\u00e9ditos)<\/strong><\/span><\/p>\n\n\n\n<p><span style=\"font-size: 12pt;\"><strong>M\u00f3dulo 2: DESARROLLO SOSTENIBLE, DIVERSIDAD NATURAL Y SERVICIOS DE LOS ECOSISTEMAS (8 cr\u00e9ditos)<\/strong><\/span><\/p>\n\n\n\n<p><span style=\"font-size: 12pt;\"><strong>M\u00f3dulo 3: EDUCACI\u00d3N, SOSTENIBILIDAD Y CALIDAD DE VIDA (5 cr\u00e9ditos)<\/strong><\/span><\/p>\n\n\n\n<p><span style=\"font-size: 12pt;\"><strong>M\u00f3dulo 4: LA SOSTENIBILIDAD EN LA PR\u00c1CTICA: EXPERIENCIAS DE APLICACI\u00d3N DE MODELOS DE GESTI\u00d3N SOSTENIBLES (4 cr\u00e9ditos)<\/strong><\/span><\/p>\n\n\n\n<p><span style=\"font-size: 12pt;\"><strong>M\u00f3dulo 5: PR\u00c1CTICAS EN EMPRESAS (20 cr\u00e9ditos)<\/strong><\/span><\/p>\n\n\n\n<p><span style=\"font-size: 12pt;\"><strong>M\u00f3dulo 6: PERIODO DE INVESTIGACI\u00d3N (15 cr\u00e9ditos)<\/strong><\/span><\/p>\n\n\n\n<p><span style=\"font-size: 12pt;\">Los 4 primeros m\u00f3dulos est\u00e1n formados por clases magistrales, seminarios y salidas de campo, el quinto por la realizaci\u00f3n de pr\u00e1cticas en empresas, y el \u00faltimo, por un trabajo de investigaci\u00f3n tutorizado por profesorado participante en el curso.<\/span><\/p>\n\n\n\n<p><span style=\"font-size: 12pt;\">Las <strong>clases presenciales<\/strong> (m\u00f3dulos del 1 al 4) tendr\u00e1n lugar entre los meses de <strong>octubre 2025 y febrero 2026,<\/strong> en horario de tarde (de <strong>16:00 a 20:00h.<\/strong>) en la Facultad de Ciencia y Tecnolog\u00eda (campus de Leioa).<\/span> <a href=\"http:\/\/www.ehu.eus\/cdsea\/web\/wp-content\/uploads\/2025\/10\/modificable-Master-25_26-1-1.pdf\">Pincha aqui <\/a>para obtener el calendario completo de las clases presenciales (este calendario estar\u00e1 sujeto a peque\u00f1as modificaciones en el orden)<\/p>\n\n\n\n<p><span style=\"font-size: 12pt;\">El horario y fechas de <strong>pr\u00e1cticas (m\u00e1ximo septiembre 2026)<\/strong> ser\u00e1 acordado entre la empresa \/instituci\u00f3n y el alumno\/a.<\/span><\/p>\n\n\n\n<p><span style=\"font-size: 12pt;\"><strong><span style=\"color: #800000;\">CRITERIOS DE EVALUACI\u00d3N<\/span><br><\/strong><\/span><\/p>\n\n\n\n<p><span style=\"font-size: 12pt;\">La evaluaci\u00f3n se har\u00e1 en base a la asistencia a las clases presenciales, un examen sobre contenidos del curso, las pr\u00e1cticas de empresa, y la elaboraci\u00f3n y defensa del trabajo final.<\/span><\/p>\n<\/div>\n<\/div>\n","protected":false},"excerpt":{"rendered":"<p>El m\u00e1ster en Medio Ambiente, Sostenibilidad y ODS (60 ECTS) est\u00e1 organizado en 6 m\u00f3dulos: M\u00f3dulo 1: LA SOSTENIBILIDAD, UNA VISI\u00d3N GLOBAL (8 cr\u00e9ditos) M\u00f3dulo 2: DESARROLLO SOSTENIBLE, DIVERSIDAD NATURAL Y SERVICIOS DE LOS ECOSISTEMAS (8 cr\u00e9ditos) M\u00f3dulo 3: EDUCACI\u00d3N, SOSTENIBILIDAD Y CALIDAD DE VIDA (5 cr\u00e9ditos) M\u00f3dulo 4: LA SOSTENIBILIDAD EN LA PR\u00c1CTICA: EXPERIENCIAS [&hellip;]<\/p>\n","protected":false},"author":1,"featured_media":0,"parent":136,"menu_order":1,"comment_status":"closed","ping_status":"closed","template":"","meta":{"footnotes":""},"class_list":["post-138","page","type-page","status-publish","hentry"],"_links":{"self":[{"href":"https:\/\/www.ehu.eus\/cdsea\/web\/index.php\/wp-json\/wp\/v2\/pages\/138"}],"collection":[{"href":"https:\/\/www.ehu.eus\/cdsea\/web\/index.php\/wp-json\/wp\/v2\/pages"}],"about":[{"href":"https:\/\/www.ehu.eus\/cdsea\/web\/index.php\/wp-json\/wp\/v2\/types\/page"}],"author":[{"embeddable":true,"href":"https:\/\/www.ehu.eus\/cdsea\/web\/index.php\/wp-json\/wp\/v2\/users\/1"}],"replies":[{"embeddable":true,"href":"https:\/\/www.ehu.eus\/cdsea\/web\/index.php\/wp-json\/wp\/v2\/comments?post=138"}],"version-history":[{"count":25,"href":"https:\/\/www.ehu.eus\/cdsea\/web\/index.php\/wp-json\/wp\/v2\/pages\/138\/revisions"}],"predecessor-version":[{"id":18893,"href":"https:\/\/www.ehu.eus\/cdsea\/web\/index.php\/wp-json\/wp\/v2\/pages\/138\/revisions\/18893"}],"up":[{"embeddable":true,"href":"https:\/\/www.ehu.eus\/cdsea\/web\/index.php\/wp-json\/wp\/v2\/pages\/136"}],"wp:attachment":[{"href":"https:\/\/www.ehu.eus\/cdsea\/web\/index.php\/wp-json\/wp\/v2\/media?parent=138"}],"curies":[{"name":"wp","href":"https:\/\/api.w.org\/{rel}","templated":true}]}}