{"id":13869,"date":"2020-12-20T20:41:59","date_gmt":"2020-12-20T20:41:59","guid":{"rendered":"http:\/\/www.ehu.eus\/cdsea\/web\/?page_id=13869"},"modified":"2021-03-22T12:17:05","modified_gmt":"2021-03-22T12:17:05","slug":"nuevo-proyecto-life-via-de-la-plata","status":"publish","type":"page","link":"https:\/\/www.ehu.eus\/cdsea\/web\/index.php\/nuevo-proyecto-life-via-de-la-plata\/","title":{"rendered":"NUEVO PROYECTO LIFE VIA DE LA PLATA"},"content":{"rendered":"<p>[vc_row][vc_column][vc_column_text]<\/p>\n<p style=\"text-align: justify;\"><strong>LA C\u00c1TEDRA UNESCO DE DESARROLLO SOSTENIBLE Y EDUCACI\u00d3N AMBIENTAL DE LA UPV\/EHU SOCIO DEL NUEVO PROYECTO LIFE VIA DE LA PLATA QUE SE DESARROLLAR\u00c1 EN SALAMANCA<\/strong><\/p>\n<p class=\"x_MsoNormal\" style=\"text-align: justify;\">La Universidad del Pa\u00eds Vasco\/Euskal\u00a0Herriko\u00a0Unibertsitatea, a trav\u00e9s de la <strong>C\u00e1tedra UNESCO de Desarrollo Sostenible y Educaci\u00f3n Ambiental, <\/strong>es uno de los socios beneficiarios asociados del <strong>proyecto LIFE V\u00eda de la Plata<\/strong> (LIFE 19 CCA\/ES\/001188) cofinanciado por la Comisi\u00f3n Europea e impulsado desde Patronato Municipal de Vivienda y Urbanismo del Ayuntamiento de Salamanca. Este proyecto cuenta adem\u00e1s con la participaci\u00f3n de, varios departamentos del mismo consistorio y la Universidad de Salamanca (USAL), a trav\u00e9s del Grupo de Geociencias y BISITE.<\/p>\n<p style=\"text-align: justify;\">El LIFE V\u00eda de la Plata es un proyecto piloto elegido por la Comisi\u00f3n Europea en su convocatoria anual del programa de cambio clim\u00e1tico de este a\u00f1o que pretende crear un nuevo corredor de infraestructura verde a trav\u00e9s de los 6,9 kil\u00f3metros del trazado de esta antigua v\u00eda romana en el municipio de Salamanca. Con una inversi\u00f3n que supera los 2,8 millones de euros, de los que Europa subvencionar\u00e1 algo m\u00e1s de 1,4 millones de euros, la iniciativa engloba diferentes elementos claves, cuya uni\u00f3n es pionera por primera vez en un \u00e1mbito urbano para el desarrollo sostenible: adaptaci\u00f3n al cambio clim\u00e1tico, implementaci\u00f3n de la infraestructura verde en una ciudad Patrimonio de la Humanidad, recuperaci\u00f3n y mejora de los servicios proporcionados por dicha infraestructura, <em>machine learning<\/em> e implicaci\u00f3n y participaci\u00f3n ciudadana. El proyecto, que se desarrollar\u00e1 hasta finales de 2023, va a implementar 41 actuaciones tipo en diferentes en aspectos relacionados con la flora, la fauna, el agua, la ciudadan\u00eda y la cultura y el patrimonio. Se van a aplicar soluciones basadas en la naturaleza (SbN) para recuperar hasta 49 servicios de los ecosistemas diferentes que van desde aspectos como el abastecimiento de alimentos, la regulaci\u00f3n clim\u00e1tica o la reducci\u00f3n del ruido, hasta la regulaci\u00f3n de la calidad del aire o el ocio y la educaci\u00f3n ambiental. El proyecto contempla tambi\u00e9n la monitorizaci\u00f3n de todos estos aspectos con la instalaci\u00f3n de innovadoras estaciones de medici\u00f3n que van a permitir obtener una serie de par\u00e1metros que posteriormente se tratar\u00e1n a trav\u00e9s de programas de BIG DATA para poder planificar mejor y anticipar posibles escenarios que ayuden a mitigar el cambio clim\u00e1tico en la ciudad. El LIFE V\u00eda de la Plata cuenta tambi\u00e9n con un ambicioso plan de transferencia de conocimiento para que sus resultados puedan ser utilizados por otras ciudades espa\u00f1olas y europeas.<\/p>\n<p style=\"text-align: justify;\">La C\u00e1tedra UNESCO lleva m\u00e1s de diez a\u00f1os liderando el proyecto de investigaci\u00f3n <strong>Evaluaci\u00f3n de los Servicios de los Ecosistemas de Euskadi<\/strong><em>,<\/em><em><strong>\u00a0<\/strong><\/em>con el apoyo del Gobierno Vasco y la Diputaci\u00f3n Foral de Bizkaia. El objetivo principal del proyecto es identificar que zonas del territorio presentan alta capacidad para proporcionar servicios de los ecosistemas e incorporar esa informaci\u00f3n a la toma de decisiones, lo que ayudar\u00e1 a evitar o minimizar los impactos de las personas sobre los ecosistemas y los servicios que proporcionan.<\/p>\n<p><span lang=\"EN-US\">M\u00e1s informaci\u00f3n <a href=\"https:\/\/www.lifeviadelaplata.com\/\" target=\"_blank\" rel=\"noopener noreferrer\" data-auth=\"NotApplicable\">https:\/\/www.lifeviadelaplata.com\/<\/a><\/span><\/p>\n<p>&nbsp;<\/p>\n<p><img loading=\"lazy\" decoding=\"async\" class=\"aligncenter wp-image-13902\" src=\"http:\/\/www.ehu.eus\/cdsea\/web\/wp-content\/uploads\/2017\/03\/unnamed.jpg\" alt=\"\" width=\"107\" height=\"71\" \/>[\/vc_column_text][\/vc_column][\/vc_row]<\/p>\n","protected":false},"excerpt":{"rendered":"<p>[vc_row][vc_column][vc_column_text] LA C\u00c1TEDRA UNESCO DE DESARROLLO SOSTENIBLE Y EDUCACI\u00d3N AMBIENTAL DE LA UPV\/EHU SOCIO DEL NUEVO PROYECTO LIFE VIA DE LA PLATA QUE SE DESARROLLAR\u00c1 EN SALAMANCA La Universidad del Pa\u00eds Vasco\/Euskal\u00a0Herriko\u00a0Unibertsitatea, a trav\u00e9s de la C\u00e1tedra UNESCO de Desarrollo Sostenible y Educaci\u00f3n Ambiental, es uno de los socios beneficiarios asociados del proyecto LIFE V\u00eda [&hellip;]<\/p>\n","protected":false},"author":4,"featured_media":0,"parent":0,"menu_order":0,"comment_status":"closed","ping_status":"closed","template":"","meta":{"footnotes":""},"class_list":["post-13869","page","type-page","status-publish","hentry"],"_links":{"self":[{"href":"https:\/\/www.ehu.eus\/cdsea\/web\/index.php\/wp-json\/wp\/v2\/pages\/13869"}],"collection":[{"href":"https:\/\/www.ehu.eus\/cdsea\/web\/index.php\/wp-json\/wp\/v2\/pages"}],"about":[{"href":"https:\/\/www.ehu.eus\/cdsea\/web\/index.php\/wp-json\/wp\/v2\/types\/page"}],"author":[{"embeddable":true,"href":"https:\/\/www.ehu.eus\/cdsea\/web\/index.php\/wp-json\/wp\/v2\/users\/4"}],"replies":[{"embeddable":true,"href":"https:\/\/www.ehu.eus\/cdsea\/web\/index.php\/wp-json\/wp\/v2\/comments?post=13869"}],"version-history":[{"count":7,"href":"https:\/\/www.ehu.eus\/cdsea\/web\/index.php\/wp-json\/wp\/v2\/pages\/13869\/revisions"}],"predecessor-version":[{"id":14670,"href":"https:\/\/www.ehu.eus\/cdsea\/web\/index.php\/wp-json\/wp\/v2\/pages\/13869\/revisions\/14670"}],"wp:attachment":[{"href":"https:\/\/www.ehu.eus\/cdsea\/web\/index.php\/wp-json\/wp\/v2\/media?parent=13869"}],"curies":[{"name":"wp","href":"https:\/\/api.w.org\/{rel}","templated":true}]}}