{"id":13906,"date":"2020-12-21T14:54:54","date_gmt":"2020-12-21T14:54:54","guid":{"rendered":"http:\/\/www.ehu.eus\/cdsea\/web\/?page_id=13906"},"modified":"2020-12-21T14:55:54","modified_gmt":"2020-12-21T14:55:54","slug":"higher-education-summit-2020-2","status":"publish","type":"page","link":"https:\/\/www.ehu.eus\/cdsea\/web\/index.php\/higher-education-summit-2020-2\/","title":{"rendered":"Higher Education Summit 2020"},"content":{"rendered":"<p style=\"text-align: justify;\"><span style=\"color: #003300;\"><strong><span style=\"font-size: 14pt;\">HIGHER EDUCATION SUMMIT 2020<\/span><\/strong><\/span><\/p>\n<p style=\"text-align: justify;\"><span style=\"font-size: 12pt;\"><img loading=\"lazy\" decoding=\"async\" class=\"alignleft wp-image-13908\" src=\"http:\/\/www.ehu.eus\/cdsea\/web\/wp-content\/uploads\/2017\/03\/Banner-WSF-2020-virtual-hero-300x122.jpg\" alt=\"\" width=\"350\" height=\"142\" srcset=\"https:\/\/www.ehu.eus\/cdsea\/web\/wp-content\/uploads\/2017\/03\/Banner-WSF-2020-virtual-hero-300x122.jpg 300w, https:\/\/www.ehu.eus\/cdsea\/web\/wp-content\/uploads\/2017\/03\/Banner-WSF-2020-virtual-hero-768x312.jpg 768w, https:\/\/www.ehu.eus\/cdsea\/web\/wp-content\/uploads\/2017\/03\/Banner-WSF-2020-virtual-hero-1024x416.jpg 1024w, https:\/\/www.ehu.eus\/cdsea\/web\/wp-content\/uploads\/2017\/03\/Banner-WSF-2020-virtual-hero-600x244.jpg 600w, https:\/\/www.ehu.eus\/cdsea\/web\/wp-content\/uploads\/2017\/03\/Banner-WSF-2020-virtual-hero.jpg 2000w\" sizes=\"(max-width: 350px) 100vw, 350px\" \/><\/span>Investigadoras de la C\u00e1tedra participaron de forma virtual en el <a href=\"https:\/\/wsf-8.sciforum.net\/\">Congreso Mundial sobre Sostenibilidad<\/a> celebrado de <strong>forma virtual del 15 al 17 de septiembre<\/strong>, con la presentaci\u00f3n del p\u00f3ster <strong>\u201cCanteen food waste: a simple way to open eyes to sustainability\u201d.\u00a0<\/strong>A trav\u00e9s del Congreso el objetivo fue contribuir a construir una plataforma y una red para las agendas de sostenibilidad que fomente nuevas alianzas entre las partes interesadas m\u00e1s all\u00e1 de los l\u00edmites de las disciplinas acad\u00e9micas, las agendas nacionales. La b\u00fasqueda es concebir formas de asegurar el desarrollo sostenible a largo plazo para las personas, las regiones y nuestro planeta. Los temas espec\u00edficos para el 2020 fueron: Seguridad alimentaria y agricultura; y Movilidad y transporte.<\/p>\n","protected":false},"excerpt":{"rendered":"<p>HIGHER EDUCATION SUMMIT 2020 Investigadoras de la C\u00e1tedra participaron de forma virtual en el Congreso Mundial sobre Sostenibilidad celebrado de forma virtual del 15 al 17 de septiembre, con la presentaci\u00f3n del p\u00f3ster \u201cCanteen food waste: a simple way to open eyes to sustainability\u201d.\u00a0A trav\u00e9s del Congreso el objetivo fue contribuir a construir una plataforma [&hellip;]<\/p>\n","protected":false},"author":4,"featured_media":0,"parent":0,"menu_order":0,"comment_status":"closed","ping_status":"closed","template":"","meta":{"footnotes":""},"class_list":["post-13906","page","type-page","status-publish","hentry"],"_links":{"self":[{"href":"https:\/\/www.ehu.eus\/cdsea\/web\/index.php\/wp-json\/wp\/v2\/pages\/13906"}],"collection":[{"href":"https:\/\/www.ehu.eus\/cdsea\/web\/index.php\/wp-json\/wp\/v2\/pages"}],"about":[{"href":"https:\/\/www.ehu.eus\/cdsea\/web\/index.php\/wp-json\/wp\/v2\/types\/page"}],"author":[{"embeddable":true,"href":"https:\/\/www.ehu.eus\/cdsea\/web\/index.php\/wp-json\/wp\/v2\/users\/4"}],"replies":[{"embeddable":true,"href":"https:\/\/www.ehu.eus\/cdsea\/web\/index.php\/wp-json\/wp\/v2\/comments?post=13906"}],"version-history":[{"count":6,"href":"https:\/\/www.ehu.eus\/cdsea\/web\/index.php\/wp-json\/wp\/v2\/pages\/13906\/revisions"}],"predecessor-version":[{"id":13914,"href":"https:\/\/www.ehu.eus\/cdsea\/web\/index.php\/wp-json\/wp\/v2\/pages\/13906\/revisions\/13914"}],"wp:attachment":[{"href":"https:\/\/www.ehu.eus\/cdsea\/web\/index.php\/wp-json\/wp\/v2\/media?parent=13906"}],"curies":[{"name":"wp","href":"https:\/\/api.w.org\/{rel}","templated":true}]}}