{"id":13936,"date":"2020-12-21T15:33:55","date_gmt":"2020-12-21T15:33:55","guid":{"rendered":"http:\/\/www.ehu.eus\/cdsea\/web\/?page_id=13936"},"modified":"2020-12-22T11:05:10","modified_gmt":"2020-12-22T11:05:10","slug":"uhinak","status":"publish","type":"page","link":"https:\/\/www.ehu.eus\/cdsea\/web\/index.php\/uhinak\/","title":{"rendered":"UHINAK. IV Congreso transfronterizo sobre Cambio Clim\u00e1tico y Litoral"},"content":{"rendered":"<p style=\"text-align: justify;\"><strong><span style=\"font-size: 12pt;\">UHINAK. IV Congreso transfronterizo sobre Cambio Clim\u00e1tico y Litoral<\/span><\/strong><\/p>\n<p style=\"text-align: justify;\"><span style=\"font-size: 12pt;\">Investigadoras de la C\u00e1tedra participaron en el Congreso UHINAK celebrado en FICOBA (Ir\u00fan) del 4 al 5 de noviembre, con la presentaci\u00f3n de los posters \u201c<a href=\"http:\/\/www.ehu.eus\/cdsea\/web\/wp-content\/uploads\/2017\/03\/Articulos_Uhina_bea2020.pdf\"><strong>Soluciones basadas en la naturaleza frente al cambio clim\u00e1tico: restauraci\u00f3n de dunas y marismas<\/strong><\/a>\u201d y \u201c<a href=\"http:\/\/www.ehu.eus\/cdsea\/web\/wp-content\/uploads\/2017\/03\/Sand-dune-and-saltmarsh-resilience-in-the-eye-of-Climate-Change.pdf\"><strong>Sand dune and saltmarsh resilience in the eye of Climate Change<\/strong><\/a>\u201d.\u00a0<\/span><\/p>\n<h3 style=\"text-align: justify;\"><span style=\"font-size: 12pt;\"><a href=\"http:\/\/www.uhinak.com\/index.asp\">Informaci\u00f3n del CONGRESO<\/a><\/span><\/h3>\n","protected":false},"excerpt":{"rendered":"<p>UHINAK. IV Congreso transfronterizo sobre Cambio Clim\u00e1tico y Litoral Investigadoras de la C\u00e1tedra participaron en el Congreso UHINAK celebrado en FICOBA (Ir\u00fan) del 4 al 5 de noviembre, con la presentaci\u00f3n de los posters \u201cSoluciones basadas en la naturaleza frente al cambio clim\u00e1tico: restauraci\u00f3n de dunas y marismas\u201d y \u201cSand dune and saltmarsh resilience in [&hellip;]<\/p>\n","protected":false},"author":4,"featured_media":13926,"parent":0,"menu_order":0,"comment_status":"closed","ping_status":"closed","template":"","meta":{"footnotes":""},"class_list":["post-13936","page","type-page","status-publish","has-post-thumbnail","hentry"],"_links":{"self":[{"href":"https:\/\/www.ehu.eus\/cdsea\/web\/index.php\/wp-json\/wp\/v2\/pages\/13936"}],"collection":[{"href":"https:\/\/www.ehu.eus\/cdsea\/web\/index.php\/wp-json\/wp\/v2\/pages"}],"about":[{"href":"https:\/\/www.ehu.eus\/cdsea\/web\/index.php\/wp-json\/wp\/v2\/types\/page"}],"author":[{"embeddable":true,"href":"https:\/\/www.ehu.eus\/cdsea\/web\/index.php\/wp-json\/wp\/v2\/users\/4"}],"replies":[{"embeddable":true,"href":"https:\/\/www.ehu.eus\/cdsea\/web\/index.php\/wp-json\/wp\/v2\/comments?post=13936"}],"version-history":[{"count":5,"href":"https:\/\/www.ehu.eus\/cdsea\/web\/index.php\/wp-json\/wp\/v2\/pages\/13936\/revisions"}],"predecessor-version":[{"id":13940,"href":"https:\/\/www.ehu.eus\/cdsea\/web\/index.php\/wp-json\/wp\/v2\/pages\/13936\/revisions\/13940"}],"wp:featuredmedia":[{"embeddable":true,"href":"https:\/\/www.ehu.eus\/cdsea\/web\/index.php\/wp-json\/wp\/v2\/media\/13926"}],"wp:attachment":[{"href":"https:\/\/www.ehu.eus\/cdsea\/web\/index.php\/wp-json\/wp\/v2\/media?parent=13936"}],"curies":[{"name":"wp","href":"https:\/\/api.w.org\/{rel}","templated":true}]}}