{"id":13965,"date":"2020-12-21T16:28:09","date_gmt":"2020-12-21T16:28:09","guid":{"rendered":"http:\/\/www.ehu.eus\/cdsea\/web\/?page_id=13965"},"modified":"2020-12-22T11:05:28","modified_gmt":"2020-12-22T11:05:28","slug":"curso-ciudat-salud","status":"publish","type":"page","link":"https:\/\/www.ehu.eus\/cdsea\/web\/index.php\/curso-ciudat-salud\/","title":{"rendered":"Jornadas CIUDAD Y SALUD"},"content":{"rendered":"<h3 style=\"text-align: justify;\"><strong><span style=\"font-size: 12pt;\">Jornadas CIUDAD Y SALUD\u00a0<\/span><\/strong><\/h3>\n<h3 style=\"text-align: justify;\"><span style=\"font-size: 12pt;\">Desde la C\u00e1tedra se ha asistido a este curso virtual celebrado entre los d\u00edas 1 y 3 de diciembre, organizado por el CUIMPB &#8211; Centre Ernest de la Universidad Internacional Men\u00e9ndez Pelayo. El curso ha aportado conocimiento, reflexi\u00f3n y debate en relaci\u00f3n al papel central de la salud en el dise\u00f1o, ejecuci\u00f3n, uso y gesti\u00f3n de los entornos urbanos, a partir de la acci\u00f3n desarrollada por el grupo corporativo transversal \u00abEntorno Urbano y Salud\u00bb para incorporar la salud en todas las pol\u00edticas.<\/span><\/h3>\n<p style=\"text-align: justify;\"><span style=\"font-size: 12pt;\">Informaci\u00f3n del curso en este <a href=\"https:\/\/cuimpb.cat\/es\/curso\/234-ciudad-i-salud\">enlace<\/a><\/span><\/p>\n","protected":false},"excerpt":{"rendered":"<p>Jornadas CIUDAD Y SALUD\u00a0 Desde la C\u00e1tedra se ha asistido a este curso virtual celebrado entre los d\u00edas 1 y 3 de diciembre, organizado por el CUIMPB &#8211; Centre Ernest de la Universidad Internacional Men\u00e9ndez Pelayo. El curso ha aportado conocimiento, reflexi\u00f3n y debate en relaci\u00f3n al papel central de la salud en el dise\u00f1o, [&hellip;]<\/p>\n","protected":false},"author":4,"featured_media":0,"parent":0,"menu_order":0,"comment_status":"closed","ping_status":"closed","template":"","meta":{"footnotes":""},"class_list":["post-13965","page","type-page","status-publish","hentry"],"_links":{"self":[{"href":"https:\/\/www.ehu.eus\/cdsea\/web\/index.php\/wp-json\/wp\/v2\/pages\/13965"}],"collection":[{"href":"https:\/\/www.ehu.eus\/cdsea\/web\/index.php\/wp-json\/wp\/v2\/pages"}],"about":[{"href":"https:\/\/www.ehu.eus\/cdsea\/web\/index.php\/wp-json\/wp\/v2\/types\/page"}],"author":[{"embeddable":true,"href":"https:\/\/www.ehu.eus\/cdsea\/web\/index.php\/wp-json\/wp\/v2\/users\/4"}],"replies":[{"embeddable":true,"href":"https:\/\/www.ehu.eus\/cdsea\/web\/index.php\/wp-json\/wp\/v2\/comments?post=13965"}],"version-history":[{"count":3,"href":"https:\/\/www.ehu.eus\/cdsea\/web\/index.php\/wp-json\/wp\/v2\/pages\/13965\/revisions"}],"predecessor-version":[{"id":14210,"href":"https:\/\/www.ehu.eus\/cdsea\/web\/index.php\/wp-json\/wp\/v2\/pages\/13965\/revisions\/14210"}],"wp:attachment":[{"href":"https:\/\/www.ehu.eus\/cdsea\/web\/index.php\/wp-json\/wp\/v2\/media?parent=13965"}],"curies":[{"name":"wp","href":"https:\/\/api.w.org\/{rel}","templated":true}]}}