{"id":140,"date":"2016-11-15T14:57:14","date_gmt":"2016-11-15T14:57:14","guid":{"rendered":"http:\/\/www.ehu.eus\/cdsea\/cdseawp\/?page_id=140"},"modified":"2025-09-09T16:57:37","modified_gmt":"2025-09-09T14:57:37","slug":"direccion-y-profesorado","status":"publish","type":"page","link":"https:\/\/www.ehu.eus\/cdsea\/web\/index.php\/master_propio\/direccion-y-profesorado\/","title":{"rendered":"Direcci\u00f3n y profesorado"},"content":{"rendered":"\n<div class=\"wp-block-columns alignwide is-layout-flex wp-container-core-columns-is-layout-1 wp-block-columns-is-layout-flex\">\n<div class=\"wp-block-column is-vertically-aligned-top is-layout-flow wp-block-column-is-layout-flow\" style=\"flex-basis:33.33%\"><nav class=\"has-background has-base-background-color is-responsive items-justified-center wp-block-navigation is-content-justification-center is-layout-flex wp-container-core-navigation-is-layout-1 wp-block-navigation-is-layout-flex\" aria-label=\"Men\u00fa Formaci\u00f3n\" \n\t\t data-wp-interactive=\"core\/navigation\" data-wp-context='{\"overlayOpenedBy\":{\"click\":false,\"hover\":false,\"focus\":false},\"type\":\"overlay\",\"roleAttribute\":\"\",\"ariaLabel\":\"Men\\u00fa\"}'><button aria-haspopup=\"dialog\" aria-label=\"Abrir el men\u00fa\" class=\"wp-block-navigation__responsive-container-open \" \n\t\t\t\tdata-wp-on-async--click=\"actions.openMenuOnClick\"\n\t\t\t\tdata-wp-on--keydown=\"actions.handleMenuKeydown\"\n\t\t\t><svg width=\"24\" height=\"24\" xmlns=\"http:\/\/www.w3.org\/2000\/svg\" viewBox=\"0 0 24 24\" aria-hidden=\"true\" focusable=\"false\"><rect x=\"4\" y=\"7.5\" width=\"16\" height=\"1.5\" \/><rect x=\"4\" y=\"15\" width=\"16\" height=\"1.5\" \/><\/svg><\/button>\n\t\t\t\t<div class=\"wp-block-navigation__responsive-container  \"  id=\"modal-1\" \n\t\t\t\tdata-wp-class--has-modal-open=\"state.isMenuOpen\"\n\t\t\t\tdata-wp-class--is-menu-open=\"state.isMenuOpen\"\n\t\t\t\tdata-wp-watch=\"callbacks.initMenu\"\n\t\t\t\tdata-wp-on--keydown=\"actions.handleMenuKeydown\"\n\t\t\t\tdata-wp-on-async--focusout=\"actions.handleMenuFocusout\"\n\t\t\t\ttabindex=\"-1\"\n\t\t\t>\n\t\t\t\t\t<div class=\"wp-block-navigation__responsive-close\" tabindex=\"-1\">\n\t\t\t\t\t\t<div class=\"wp-block-navigation__responsive-dialog\" \n\t\t\t\tdata-wp-bind--aria-modal=\"state.ariaModal\"\n\t\t\t\tdata-wp-bind--aria-label=\"state.ariaLabel\"\n\t\t\t\tdata-wp-bind--role=\"state.roleAttribute\"\n\t\t\t>\n\t\t\t\t\t\t\t<button aria-label=\"Cerrar el men\u00fa\" class=\"wp-block-navigation__responsive-container-close\" \n\t\t\t\tdata-wp-on-async--click=\"actions.closeMenuOnClick\"\n\t\t\t><svg xmlns=\"http:\/\/www.w3.org\/2000\/svg\" viewBox=\"0 0 24 24\" width=\"24\" height=\"24\" aria-hidden=\"true\" focusable=\"false\"><path d=\"M13 11.8l6.1-6.3-1-1-6.1 6.2-6.1-6.2-1 1 6.1 6.3-6.5 6.7 1 1 6.5-6.6 6.5 6.6 1-1z\"><\/path><\/svg><\/button>\n\t\t\t\t\t\t\t<div class=\"wp-block-navigation__responsive-container-content\" \n\t\t\t\tdata-wp-watch=\"callbacks.focusFirstElement\"\n\t\t\t id=\"modal-1-content\">\n\t\t\t\t\t\t\t\t<ul class=\"wp-block-navigation__container has-background has-base-background-color is-responsive items-justified-center wp-block-navigation\"><li data-wp-context=\"{ &quot;submenuOpenedBy&quot;: { &quot;click&quot;: false, &quot;hover&quot;: false, &quot;focus&quot;: false }, &quot;type&quot;: &quot;submenu&quot; }\" data-wp-interactive=\"core\/navigation\" data-wp-on--focusout=\"actions.handleMenuFocusout\" data-wp-on--keydown=\"actions.handleMenuKeydown\" data-wp-on-async--mouseenter=\"actions.openMenuOnHover\" data-wp-on-async--mouseleave=\"actions.closeMenuOnHover\" data-wp-watch=\"callbacks.initMenu\" tabindex=\"-1\" class=\" wp-block-navigation-item has-child open-on-hover-click wp-block-navigation-submenu\"><a class=\"wp-block-navigation-item__content\" href=\"https:\/\/www.ehu.eus\/cdsea\/web\/index.php\/master_propio\/\">Master Propio<\/a><button data-wp-bind--aria-expanded=\"state.isMenuOpen\" data-wp-on-async--click=\"actions.toggleMenuOnClick\" aria-label=\"Submen\u00fa de Master Propio\" class=\"wp-block-navigation__submenu-icon wp-block-navigation-submenu__toggle\" ><svg xmlns=\"http:\/\/www.w3.org\/2000\/svg\" width=\"12\" height=\"12\" viewBox=\"0 0 12 12\" fill=\"none\" aria-hidden=\"true\" focusable=\"false\"><path d=\"M1.50002 4L6.00002 8L10.5 4\" stroke-width=\"1.5\"><\/path><\/svg><\/button><ul data-wp-on-async--focus=\"actions.openMenuOnFocus\" class=\"wp-block-navigation__submenu-container wp-block-navigation-submenu\"><li class=\" wp-block-navigation-item wp-block-navigation-link\"><a class=\"wp-block-navigation-item__content\"  href=\"https:\/\/www.ehu.eus\/cdsea\/web\/index.php\/master_propio\/programa\/\"><span class=\"wp-block-navigation-item__label\">Programa<\/span><\/a><\/li><li class=\" wp-block-navigation-item wp-block-navigation-link\"><a class=\"wp-block-navigation-item__content\"  href=\"https:\/\/www.ehu.eus\/cdsea\/web\/index.php\/master_propio\/direccion-y-profesorado\/\"><span class=\"wp-block-navigation-item__label\">Direcci\u00f3n y profesorado<\/span><\/a><\/li><li class=\" wp-block-navigation-item wp-block-navigation-link\"><a class=\"wp-block-navigation-item__content\"  href=\"https:\/\/www.ehu.eus\/cdsea\/web\/index.php\/master_propio\/preinscripcion-y-matricula\/\"><span class=\"wp-block-navigation-item__label\">Preinscripci\u00f3n y matr\u00edcula<\/span><\/a><\/li><li class=\" wp-block-navigation-item wp-block-navigation-link\"><a class=\"wp-block-navigation-item__content\"  href=\"https:\/\/www.ehu.eus\/cdsea\/web\/index.php\/master_propio\/secretaria\/\"><span class=\"wp-block-navigation-item__label\">Secretar\u00eda<\/span><\/a><\/li><li class=\" wp-block-navigation-item wp-block-navigation-link\"><a class=\"wp-block-navigation-item__content\"  href=\"https:\/\/www.ehu.eus\/cdsea\/web\/index.php\/posibles-ayudas-y-programas\/\"><span class=\"wp-block-navigation-item__label\">Posibles Ayudas y Programas<\/span><\/a><\/li><\/ul><\/li><li class=\" wp-block-navigation-item wp-block-navigation-link\"><a class=\"wp-block-navigation-item__content\"  href=\"https:\/\/www.ehu.eus\/cdsea\/web\/index.php\/acceso-alumnado\/\"><span class=\"wp-block-navigation-item__label\">Acceso Alumnado<\/span><\/a><\/li><\/ul>\n\t\t\t\t\t\t\t<\/div>\n\t\t\t\t\t\t<\/div>\n\t\t\t\t\t<\/div>\n\t\t\t\t<\/div><\/nav><\/div>\n\n\n\n<div class=\"wp-block-column is-layout-flow wp-block-column-is-layout-flow\" style=\"flex-basis:66.66%\">\n<p><strong>Directoras Acad\u00e9micas<\/strong><\/p>\n\n\n\n<p><strong>Ib<\/strong><span style=\"font-size: 12pt;\"><strong>one Ametzaga,<\/strong> profesora de Ecolog\u00eda (UPV\/EHU)<\/span><br><span style=\"font-size: 12pt;\"><strong>Sonia Arrasate,<\/strong> profesora de Qu\u00edmica Org\u00e1nica (UPV\/EHU)<\/span><\/p>\n\n\n\n<hr class=\"wp-block-separator has-alpha-channel-opacity\"\/>\n\n\n\n<p><span style=\"font-size: 12pt;\"><strong>PROFESORADO<\/strong><\/span><\/p>\n\n\n\n<p><span style=\"font-size: 12pt;\">El profesorado est\u00e1 formado por catedr\u00e1ticos y doctores de la Universidad del Pa\u00eds Vasco \/ Euskal Herriko Unibertsitatea (UPV\/EHU) y otras universidades, personal de Naciones Unidas, instituciones, empresas&nbsp; y organismos aut\u00f3nomos y nacionales, as\u00ed como miembros de Organizaciones No Gubernamentales (ONGs).<\/span><\/p>\n\n\n\n<p><span style=\"font-size: 12pt;\"><strong>Profesorado UPV\/EHU:<\/strong><\/span><\/p>\n\n\n\n<p><span style=\"font-size: 12pt;\">Araitz Uskola, Eneko Garmendia, Igone Palacios, I\u00f1igo Lazkano, Izaro Basurko, Joseba S\u00e1inz de Murieta, Beatriz Fern\u00e1ndez de Manuel, Lorena Pe\u00f1a, Maider Mara\u00f1a, Maite Garc\u00eda, Xabier Murelaga, Leire Escajedo, Txema Becerril, Antonio Hern\u00e1ndez, Ibone Ametzaga, Unai Tamayo, Rub\u00e9n L\u00f3pez, Javier Loidi,&nbsp; Gorka Bueno, David Hoyos, Sonia Arrasate, Eneritz Anakabe, Laura Vozmediano.<br><\/span><\/p>\n\n\n\n<p><span style=\"font-size: 12pt;\"><strong>Profesorado externo:<\/strong><\/span><\/p>\n\n\n\n<p><span style=\"font-size: 12pt;\">Rub\u00e9n I\u00f1iguez, Arancha Acha (UNESCO Etxea), Estitxu Nanclares (Inguru), Hernando Bernal (Asociaci\u00f3n Amassunu), Unai Villena, Constanza Lobo, (Ingenier\u00eda sin Fronteras- ISF), Xabier Arana, Ver\u00f3nica Landa, Carlos Garrido, Xabier Iturrate (Diputaci\u00f3n Foral de Bizkaia), Carlos Garbisu, Isabel Albizu (Neiker-Tecnalia), Victor Pe\u00f1as, I\u00f1aki Urrutia (URA-Gobierno Vasco), Adolfo Uriarte (Gobierno Vasco y AZTI-Tecnalia), Manu Monge (Patronato de la Reserva de la Biosfera de Urdaibai-Gobierno Vasco), Mikel Mendizabal (C\u00e1tedra UNESCO de Patrimonio Ling\u00fc\u00edstico Mundial de la UPV\/EHU), Javier Benayas, David Alba (Universidad Aut\u00f3noma de Madrid), Patricia Gomez (Justicia Alimentaria\/Bidezko elikadura), Marta Iturribarria (Gobierno Vasco), Juan Carlos L\u00f3pez Quintana (AGIRI-Arkeologia Elkartea), Javier de la Pe\u00f1a (Boga Consultores), Juan Carlos Arboleya (Basque Culinary Center), Teresa L\u00f3pez de Armentia y Gorka Cubero (Asociaci\u00f3n ZABALKETA de Cooperaci\u00f3n y Desarrollo), <a href=\"https:\/\/www.natureinspireus.com\/sobre-manuel\/m-q\/\">Manuel Quir\u00f3s Gald\u00f3n<\/a> (Biom\u00edmesis), Jos\u00e9 Manuel Gutierrez Bastida (Ingurugela), Uxue All\u00ed Alonso (Ingurugela), Aitor Basterrechea Fernandez (Ingurugela)<\/span>, Jan-Lukas Menzel Barraketa ( EKOS consultoria ecol\u00f3gica), Maider Mara\u00f1a (Fundaci\u00f3n Baketik), Andy B\u00e4cker (Innovaci\u00f3n y sostenibilidad).<\/p>\n<\/div>\n<\/div>\n\n\n\n<p><\/p>\n","protected":false},"excerpt":{"rendered":"<p>Directoras Acad\u00e9micas Ibone Ametzaga, profesora de Ecolog\u00eda (UPV\/EHU)Sonia Arrasate, profesora de Qu\u00edmica Org\u00e1nica (UPV\/EHU) PROFESORADO El profesorado est\u00e1 formado por catedr\u00e1ticos y doctores de la Universidad del Pa\u00eds Vasco \/ Euskal Herriko Unibertsitatea (UPV\/EHU) y otras universidades, personal de Naciones Unidas, instituciones, empresas&nbsp; y organismos aut\u00f3nomos y nacionales, as\u00ed como miembros de Organizaciones No Gubernamentales [&hellip;]<\/p>\n","protected":false},"author":1,"featured_media":0,"parent":136,"menu_order":2,"comment_status":"closed","ping_status":"closed","template":"","meta":{"footnotes":""},"class_list":["post-140","page","type-page","status-publish","hentry"],"_links":{"self":[{"href":"https:\/\/www.ehu.eus\/cdsea\/web\/index.php\/wp-json\/wp\/v2\/pages\/140"}],"collection":[{"href":"https:\/\/www.ehu.eus\/cdsea\/web\/index.php\/wp-json\/wp\/v2\/pages"}],"about":[{"href":"https:\/\/www.ehu.eus\/cdsea\/web\/index.php\/wp-json\/wp\/v2\/types\/page"}],"author":[{"embeddable":true,"href":"https:\/\/www.ehu.eus\/cdsea\/web\/index.php\/wp-json\/wp\/v2\/users\/1"}],"replies":[{"embeddable":true,"href":"https:\/\/www.ehu.eus\/cdsea\/web\/index.php\/wp-json\/wp\/v2\/comments?post=140"}],"version-history":[{"count":26,"href":"https:\/\/www.ehu.eus\/cdsea\/web\/index.php\/wp-json\/wp\/v2\/pages\/140\/revisions"}],"predecessor-version":[{"id":18877,"href":"https:\/\/www.ehu.eus\/cdsea\/web\/index.php\/wp-json\/wp\/v2\/pages\/140\/revisions\/18877"}],"up":[{"embeddable":true,"href":"https:\/\/www.ehu.eus\/cdsea\/web\/index.php\/wp-json\/wp\/v2\/pages\/136"}],"wp:attachment":[{"href":"https:\/\/www.ehu.eus\/cdsea\/web\/index.php\/wp-json\/wp\/v2\/media?parent=140"}],"curies":[{"name":"wp","href":"https:\/\/api.w.org\/{rel}","templated":true}]}}