{"id":14530,"date":"2021-02-15T11:20:34","date_gmt":"2021-02-15T11:20:34","guid":{"rendered":"http:\/\/www.ehu.eus\/cdsea\/web\/?page_id=14530"},"modified":"2021-02-22T10:53:26","modified_gmt":"2021-02-22T10:53:26","slug":"master-eguna","status":"publish","type":"page","link":"https:\/\/www.ehu.eus\/cdsea\/web\/index.php\/master-eguna\/","title":{"rendered":"Master Eguna"},"content":{"rendered":"<p><strong>Presentaci\u00f3n del M\u00e1ster en Medio ambiente, sostenibilidad y ODS en el D\u00eda del M\u00e1ster de la UPV\/EHU<\/strong><\/p>\n<p>El 17 de febrero, tuvo lugar la presentaci\u00f3n del M\u00e1ster en Medio ambiente, sostenibilidad y ODS que organiza la C\u00e1tedra en el D\u00eda del M\u00e1ster organizado por la Universidad del Pa\u00eds Vasco\/Euskal Herriko Unibertsitatea (UPV\/EHU). En la presentaci\u00f3n se explic\u00f3 las caracter\u00edsticas del m\u00e1ster: teniendo como eje la sostenibilidad, se reflexiona sobre ello en diferentes campos como la educaci\u00f3n, la empresa, en ejemplos pr\u00e1cticos, etc.. En este master se realizan pr\u00e1cticas en empresas, instituciones, etc. las cuales son obligatorios y esto ayuda a aplicar la sostenibilidad en diferentes \u00e1reas. Animaros a mirar la informaci\u00f3n en la web del de la c\u00e1tedra.<\/p>\n<p>&nbsp;<\/p>\n","protected":false},"excerpt":{"rendered":"<p>Presentaci\u00f3n del M\u00e1ster en Medio ambiente, sostenibilidad y ODS en el D\u00eda del M\u00e1ster de la UPV\/EHU El 17 de febrero, tuvo lugar la presentaci\u00f3n del M\u00e1ster en Medio ambiente, sostenibilidad y ODS que organiza la C\u00e1tedra en el D\u00eda del M\u00e1ster organizado por la Universidad del Pa\u00eds Vasco\/Euskal Herriko Unibertsitatea (UPV\/EHU). En la presentaci\u00f3n [&hellip;]<\/p>\n","protected":false},"author":4,"featured_media":0,"parent":0,"menu_order":0,"comment_status":"closed","ping_status":"closed","template":"","meta":{"footnotes":""},"class_list":["post-14530","page","type-page","status-publish","hentry"],"_links":{"self":[{"href":"https:\/\/www.ehu.eus\/cdsea\/web\/index.php\/wp-json\/wp\/v2\/pages\/14530"}],"collection":[{"href":"https:\/\/www.ehu.eus\/cdsea\/web\/index.php\/wp-json\/wp\/v2\/pages"}],"about":[{"href":"https:\/\/www.ehu.eus\/cdsea\/web\/index.php\/wp-json\/wp\/v2\/types\/page"}],"author":[{"embeddable":true,"href":"https:\/\/www.ehu.eus\/cdsea\/web\/index.php\/wp-json\/wp\/v2\/users\/4"}],"replies":[{"embeddable":true,"href":"https:\/\/www.ehu.eus\/cdsea\/web\/index.php\/wp-json\/wp\/v2\/comments?post=14530"}],"version-history":[{"count":2,"href":"https:\/\/www.ehu.eus\/cdsea\/web\/index.php\/wp-json\/wp\/v2\/pages\/14530\/revisions"}],"predecessor-version":[{"id":14591,"href":"https:\/\/www.ehu.eus\/cdsea\/web\/index.php\/wp-json\/wp\/v2\/pages\/14530\/revisions\/14591"}],"wp:attachment":[{"href":"https:\/\/www.ehu.eus\/cdsea\/web\/index.php\/wp-json\/wp\/v2\/media?parent=14530"}],"curies":[{"name":"wp","href":"https:\/\/api.w.org\/{rel}","templated":true}]}}