{"id":14569,"date":"2021-02-19T10:35:00","date_gmt":"2021-02-19T10:35:00","guid":{"rendered":"http:\/\/www.ehu.eus\/cdsea\/web\/?page_id=14569"},"modified":"2024-08-14T12:21:00","modified_gmt":"2024-08-14T10:21:00","slug":"actividades-2020","status":"publish","type":"page","link":"https:\/\/www.ehu.eus\/cdsea\/web\/index.php\/actividades-2020\/","title":{"rendered":"Actividades 2020"},"content":{"rendered":"\n<div class=\"wp-block-columns alignwide is-layout-flex wp-container-core-columns-is-layout-1 wp-block-columns-is-layout-flex\">\n<div class=\"wp-block-column is-layout-flow wp-block-column-is-layout-flow\" style=\"flex-basis:33.33%\"><nav class=\"has-background has-base-background-color is-responsive items-justified-center wp-block-navigation is-content-justification-center is-layout-flex wp-container-core-navigation-is-layout-1 wp-block-navigation-is-layout-flex\" aria-label=\"Men\u00fa Agenda Actividades\" \n\t\t data-wp-interactive=\"core\/navigation\" data-wp-context='{\"overlayOpenedBy\":{\"click\":false,\"hover\":false,\"focus\":false},\"type\":\"overlay\",\"roleAttribute\":\"\",\"ariaLabel\":\"Men\\u00fa\"}'><button aria-haspopup=\"dialog\" aria-label=\"Abrir el men\u00fa\" class=\"wp-block-navigation__responsive-container-open \" \n\t\t\t\tdata-wp-on-async--click=\"actions.openMenuOnClick\"\n\t\t\t\tdata-wp-on--keydown=\"actions.handleMenuKeydown\"\n\t\t\t><svg width=\"24\" height=\"24\" xmlns=\"http:\/\/www.w3.org\/2000\/svg\" viewBox=\"0 0 24 24\" aria-hidden=\"true\" focusable=\"false\"><rect x=\"4\" y=\"7.5\" width=\"16\" height=\"1.5\" \/><rect x=\"4\" y=\"15\" width=\"16\" height=\"1.5\" \/><\/svg><\/button>\n\t\t\t\t<div class=\"wp-block-navigation__responsive-container  has-background has-base-background-color\"  id=\"modal-1\" \n\t\t\t\tdata-wp-class--has-modal-open=\"state.isMenuOpen\"\n\t\t\t\tdata-wp-class--is-menu-open=\"state.isMenuOpen\"\n\t\t\t\tdata-wp-watch=\"callbacks.initMenu\"\n\t\t\t\tdata-wp-on--keydown=\"actions.handleMenuKeydown\"\n\t\t\t\tdata-wp-on-async--focusout=\"actions.handleMenuFocusout\"\n\t\t\t\ttabindex=\"-1\"\n\t\t\t>\n\t\t\t\t\t<div class=\"wp-block-navigation__responsive-close\" tabindex=\"-1\">\n\t\t\t\t\t\t<div class=\"wp-block-navigation__responsive-dialog\" \n\t\t\t\tdata-wp-bind--aria-modal=\"state.ariaModal\"\n\t\t\t\tdata-wp-bind--aria-label=\"state.ariaLabel\"\n\t\t\t\tdata-wp-bind--role=\"state.roleAttribute\"\n\t\t\t>\n\t\t\t\t\t\t\t<button aria-label=\"Cerrar el men\u00fa\" class=\"wp-block-navigation__responsive-container-close\" \n\t\t\t\tdata-wp-on-async--click=\"actions.closeMenuOnClick\"\n\t\t\t><svg xmlns=\"http:\/\/www.w3.org\/2000\/svg\" viewBox=\"0 0 24 24\" width=\"24\" height=\"24\" aria-hidden=\"true\" focusable=\"false\"><path d=\"M13 11.8l6.1-6.3-1-1-6.1 6.2-6.1-6.2-1 1 6.1 6.3-6.5 6.7 1 1 6.5-6.6 6.5 6.6 1-1z\"><\/path><\/svg><\/button>\n\t\t\t\t\t\t\t<div class=\"wp-block-navigation__responsive-container-content\" \n\t\t\t\tdata-wp-watch=\"callbacks.focusFirstElement\"\n\t\t\t id=\"modal-1-content\">\n\t\t\t\t\t\t\t\t<ul class=\"wp-block-navigation__container has-background has-base-background-color is-responsive items-justified-center wp-block-navigation\"><li data-wp-context=\"{ &quot;submenuOpenedBy&quot;: { &quot;click&quot;: false, &quot;hover&quot;: false, &quot;focus&quot;: false }, &quot;type&quot;: &quot;submenu&quot; }\" data-wp-interactive=\"core\/navigation\" data-wp-on--focusout=\"actions.handleMenuFocusout\" data-wp-on--keydown=\"actions.handleMenuKeydown\" data-wp-on-async--mouseenter=\"actions.openMenuOnHover\" data-wp-on-async--mouseleave=\"actions.closeMenuOnHover\" data-wp-watch=\"callbacks.initMenu\" tabindex=\"-1\" class=\" wp-block-navigation-item has-child open-on-hover-click wp-block-navigation-submenu\"><a class=\"wp-block-navigation-item__content\" href=\"https:\/\/www.ehu.eus\/cdsea\/web\/index.php\/agenda-de-actividades-2018\/\">Agenda de actividades<\/a><button data-wp-bind--aria-expanded=\"state.isMenuOpen\" data-wp-on-async--click=\"actions.toggleMenuOnClick\" aria-label=\"Submen\u00fa de Agenda de actividades\" class=\"wp-block-navigation__submenu-icon wp-block-navigation-submenu__toggle\" ><svg xmlns=\"http:\/\/www.w3.org\/2000\/svg\" width=\"12\" height=\"12\" viewBox=\"0 0 12 12\" fill=\"none\" aria-hidden=\"true\" focusable=\"false\"><path d=\"M1.50002 4L6.00002 8L10.5 4\" stroke-width=\"1.5\"><\/path><\/svg><\/button><ul data-wp-on-async--focus=\"actions.openMenuOnFocus\" class=\"wp-block-navigation__submenu-container has-background has-base-background-color wp-block-navigation-submenu\"><li class=\" wp-block-navigation-item wp-block-navigation-link\"><a class=\"wp-block-navigation-item__content\"  href=\"https:\/\/www.ehu.eus\/cdsea\/web\/index.php\/actividades-2021-2-2\/\"><span class=\"wp-block-navigation-item__label\">Actividades 2023<\/span><\/a><\/li><li class=\" wp-block-navigation-item wp-block-navigation-link\"><a class=\"wp-block-navigation-item__content\"  href=\"https:\/\/www.ehu.eus\/cdsea\/web\/index.php\/actividades-2021-2\/\"><span class=\"wp-block-navigation-item__label\">Actividades 2022<\/span><\/a><\/li><li class=\" wp-block-navigation-item wp-block-navigation-link\"><a class=\"wp-block-navigation-item__content\"  href=\"https:\/\/www.ehu.eus\/cdsea\/web\/index.php\/actividades-2021\/\"><span class=\"wp-block-navigation-item__label\">Actividades 2021<\/span><\/a><\/li><li class=\" wp-block-navigation-item wp-block-navigation-link\"><a class=\"wp-block-navigation-item__content\"  href=\"https:\/\/www.ehu.eus\/cdsea\/web\/index.php\/actividades-2020\/\"><span class=\"wp-block-navigation-item__label\">Actividades 2020<\/span><\/a><\/li><li class=\" wp-block-navigation-item wp-block-navigation-link\"><a class=\"wp-block-navigation-item__content\"  href=\"https:\/\/www.ehu.eus\/cdsea\/web\/index.php\/agenda-de-actividades-2019\/\"><span class=\"wp-block-navigation-item__label\">Actividades 2019<\/span><\/a><\/li><li class=\" wp-block-navigation-item wp-block-navigation-link\"><a class=\"wp-block-navigation-item__content\"  href=\"https:\/\/www.ehu.eus\/cdsea\/web\/index.php\/agenda-de-actividades-2018-2\/\"><span class=\"wp-block-navigation-item__label\">Actividades 2018<\/span><\/a><\/li><li class=\" wp-block-navigation-item wp-block-navigation-link\"><a class=\"wp-block-navigation-item__content\"  href=\"https:\/\/www.ehu.eus\/cdsea\/web\/index.php\/agenda-de-actividades-2017-2\/\"><span class=\"wp-block-navigation-item__label\">Actividades 2017<\/span><\/a><\/li><li class=\" wp-block-navigation-item wp-block-navigation-link\"><a class=\"wp-block-navigation-item__content\"  href=\"https:\/\/www.ehu.eus\/cdsea\/web\/index.php\/actividades-2016\/\"><span class=\"wp-block-navigation-item__label\">Actividades 2016<\/span><\/a><\/li><\/ul><\/li><\/ul>\n\t\t\t\t\t\t\t<\/div>\n\t\t\t\t\t\t<\/div>\n\t\t\t\t\t<\/div>\n\t\t\t\t<\/div><\/nav><\/div>\n\n\n\n<div class=\"wp-block-column is-layout-flow wp-block-column-is-layout-flow\" style=\"flex-basis:66.66%\">\n<figure class=\"wp-block-table\"><table class=\"has-gradient-3-gradient-background has-background\"><tbody><tr><td><strong>ACTIVIDADES DE LA C\u00c1TEDRA<\/strong><\/td><\/tr><\/tbody><\/table><\/figure>\n\n\n\n<ul class=\"wp-block-list\">\n<li><strong>31\/12\/20:<\/strong>\u00a0<a href=\"http:\/\/www.unescoetxea.org\/dokumentuak\/boletin_ecoEuskadi9.htm\">Bolet\u00edn DICIEMBRE\u00a0sobre Servicios de los Ecosistemas de Euskadi<\/a><\/li>\n\n\n\n<li><strong>22\/12\/20:\u00a0<\/strong><a href=\"http:\/\/www.ehu.eus\/cdsea\/web\/index.php\/juego-kahoot-es\/\">Juego KAHOOT Servicios de los ecosistemas<\/a><\/li>\n\n\n\n<li><strong>18\/12\/20:\u00a0<\/strong><a href=\"http:\/\/www.ehu.eus\/cdsea\/web\/index.php\/video-naturaleza-y-bienestar-en-el-cinturon-verde-del-bilbao-metropolitano\/\">VIDEO Naturaleza y bienestar en el Cintur\u00f3n Verde del Bilbao Metropolitano<\/a><\/li>\n\n\n\n<li><strong>04\/12\/20:<\/strong>\u00a0<a href=\"http:\/\/www.ehu.eus\/cdsea\/web\/index.php\/renatur-jornadas-regionales\/\">3\u00aa Jornada Regional del proyecto RENATUR-INTERREG-EUROPE<\/a><\/li>\n\n\n\n<li><strong>22\/11\/20:<\/strong>\u00a0<a href=\"http:\/\/www.unescoetxea.org\/dokumentuak\/cursoON9_ecosistemas.htm#castellano\">Curso avanzado online (1\u00aa edici\u00f3n): Servicios de los Ecosistemas e Infraestructuras Verdes<\/a><\/li>\n\n\n\n<li><strong>10\/11\/20: <\/strong><a href=\"http:\/\/www.ehu.eus\/cdsea\/web\/wp-content\/uploads\/2017\/03\/Articulos_Uhina_2020.pdf\">Art\u00edculo:Sand dune and saltmarsh resilience in the eye of Climate Chang<\/a>e<\/li>\n\n\n\n<li><strong>10\/11\/20: <\/strong><a href=\"http:\/\/www.ehu.eus\/cdsea\/web\/wp-content\/uploads\/2017\/03\/Articulos_Uhina_bea2020.pdf\">Art\u00edculo:Soluciones basadas en la naturaleza frente al cambio clim\u00e1tico: restauraci\u00f3n de dunas y marismas<\/a><\/li>\n\n\n\n<li><strong>09\/11\/20:<\/strong><a href=\"http:\/\/www.euskonews.eus\/zbk\/754\/estado-de-la-conservacion-natural-y-los-bosques\/ar-0754001005C\/\">\u00a0Art\u00edculo:\u00a0Estado de la conservaci\u00f3n natural y los bosques<\/a><\/li>\n\n\n\n<li><strong>23\/10\/20:<\/strong>\u00a0<a href=\"https:\/\/plataforma2030.org\/es\/revista-diecisiete-3\/item\/objetivos-de-desarrollo-sostenible-y-salud-una-mirada-desde-el-enfoque-de-servicios-de-los-ecosistemas\">Art\u00edculo:\u00a0Objetivos de Desarrollo Sostenible y salud: una mirada desde el enfoque de servicios de los ecosistemas<\/a><\/li>\n\n\n\n<li><strong>15\/10\/20: <\/strong><a href=\"https:\/\/www.routledge.com\/The-Routledge-Handbook-of-Urban-Resilience\/Burayidi-Allen-Twigg-Wamsler\/p\/book\/9781138583597\">Cap\u00edtulo en libro: Assessing socio-ecological resilience in cities.<\/a><\/li>\n\n\n\n<li><strong>01\/10\/20: <\/strong><a href=\"https:\/\/www.amazoniasmart.com\/simposio-biomimesis-2019\/\">Cap\u00edtulo en libro:\u00a0Soluciones basadas en la naturaleza para la adaptaci\u00f3n al cambio clim\u00e1tico.\u00a0<\/a><\/li>\n\n\n\n<li><strong>30\/09\/20:<\/strong>\u00a0<a href=\"http:\/\/www.ehu.eus\/cdsea\/web\/wp-content\/uploads\/2017\/03\/sustainability-12-05287.pdf\">Art\u00edculo:\u00a0Co-Creation of Knowledge for Ecosystem Services\u00a0<\/a><a href=\"http:\/\/www.ehu.eus\/cdsea\/web\/wp-content\/uploads\/2017\/03\/sustainability-12-05287.pdf\">Approach to Spatial Planning in the Basque Country<\/a><\/li>\n\n\n\n<li><strong>28\/09\/20:\u00a0<\/strong><a href=\"http:\/\/www.unescoetxea.org\/dokumentuak\/boletin_ecoEuskadi8.htm\">Bolet\u00edn SEPTIEMBRE sobre Servicios de los Ecosistemas de Euskadi<\/a><\/li>\n\n\n\n<li><strong>23\/09\/20:\u00a0<\/strong><a href=\"http:\/\/unescoetxea.org\/dokumentuak\/cursoON8_ecosistemas.htm#castellano\">Curso b\u00e1sico online (5\u00aaedici\u00f3n): Servicios de los Ecosistemas y Bienestar Humano en Euskadi<\/a><\/li>\n\n\n\n<li><strong>18\/09\/20:\u00a0<\/strong><a href=\"http:\/\/www.ehu.eus\/cdsea\/web\/wp-content\/uploads\/2017\/03\/land-09-00330.pdf\">Art\u00edculo:\u00a0Local perceptions of ecosystem services across multiple ecosystem types in Spain<\/a><\/li>\n\n\n\n<li><strong>03\/09\/20: <\/strong><a href=\"http:\/\/www.ehu.eus\/cdsea\/web\/index.php\/urban-growth-esp\/\">Art\u00edculo: Urban Growth and Biodiversity Conservation<\/a><\/li>\n\n\n\n<li><strong>30\/07\/20:<\/strong> <a href=\"https:\/\/www.mdpi.com\/1999-4907\/11\/8\/831\">Art\u00edculo:\u00a0Key Elements of the White-Backed Woodpecker\u2019s <em>(Dendrocopos leucotos lilfordi)<\/em> Habitat in Its European South-Western Limits<\/a><\/li>\n\n\n\n<li><strong>07\/07\/20: <\/strong><a href=\"http:\/\/www.ehu.eus\/cdsea\/web\/index.php\/publicaciones\/revista-forum-de-sostenibilidad\/\">Nueva publicaci\u00f3n (n\u00ba 9) de la revista FORUM de Sostenibilidad (2020-2021)<\/a><\/li>\n\n\n\n<li><strong>25\/06\/20: <\/strong><a href=\"http:\/\/www.ehu.eus\/cdsea\/web\/index.php\/guia-esp\/\">Gu\u00eda pr\u00e1ctica para la integraci\u00f3n de los servicios de los ecosistemas en la formulaci\u00f3n de planes y programas territoriales y urban\u00edsticos<\/a><\/li>\n\n\n\n<li><strong>08\/06\/20: <\/strong><a href=\"http:\/\/www.unescoetxea.org\/dokumentuak\/boletin_ecoEuskadi7.htm\">Bolet\u00edn JUNIO sobre Servicios de los Ecosistemas de Euskadi<\/a><\/li>\n\n\n\n<li><strong>26\/05\/20: <\/strong><a href=\"http:\/\/www.ehu.eus\/cdsea\/web\/index.php\/12152-2\/\">PROYECTO RENATUR: Mejorar las pol\u00edticas regionales para la protecci\u00f3n del patrimonio natural de los espacios abiertos periurbanos<\/a><\/li>\n\n\n\n<li><strong>29\/04\/20: <\/strong><a href=\"http:\/\/www.ehu.eus\/cdsea\/web\/wp-content\/uploads\/2017\/03\/articulo_environmentaljustice.pdf\">Nuevo art\u00edculo: Environmental justice and outdoor recreation opportunities: a spatially explicit assessment in Oslo metropolitan area, Norway<\/a><\/li>\n\n\n\n<li><strong>27\/04\/20: <\/strong><a href=\"http:\/\/www.ehu.eus\/cdsea\/web\/wp-content\/uploads\/2017\/03\/1965-7735-1-PB.pdf\">Art\u00edculo-editorial: Interfaz ciencia-gesti\u00f3n-sociedad en el \u00e1mbito de la conservaci\u00f3n: avances conceptuales y metodol\u00f3gicos<\/a><\/li>\n\n\n\n<li><strong>27\/04\/20: <\/strong><a href=\"https:\/\/www.revistaecosistemas.net\/index.php\/ecosistemas\/article\/view\/1934\">Publicaci\u00f3n del art\u00edculo Co-creaci\u00f3n de conocimiento para la inclusi\u00f3n del enfoque de servicios de los ecosistemas en la ordenaci\u00f3n del territorio del Pa\u00eds Vasco<\/a><\/li>\n\n\n\n<li><strong>25\/04\/20: <\/strong><a href=\"https:\/\/anboto.org\/durangaldea\/1587712046696-naturan-lortutako-orekari-eusten-ahalegindu-behar-dugu-krisialdiaren-ostean-ere\">Miren Onaindia, en la revista Anboto: <\/a><a href=\"https:\/\/anboto.org\/durangaldea\/1587712046696-naturan-lortutako-orekari-eusten-ahalegindu-behar-dugu-krisialdiaren-ostean-ere\">\u201cNaturan lortutako orekari eusten ahalegindu behar dugu krisialdiaren ostean ere\u201d<\/a><\/li>\n\n\n\n<li><strong>24\/01\/20: <\/strong><a href=\"http:\/\/www.ehu.eus\/cdsea\/web\/index.php\/1-jornada-interreg\/\">Primera jornada regional del proyecto RENATUR-INTERREG-EUROPE<\/a><\/li>\n<\/ul>\n\n\n\n<figure class=\"wp-block-table\"><table class=\"has-gradient-3-gradient-background has-background\"><tbody><tr><td><strong>ACTIVIDADES EN LAS QUE PARTICIPA LA C\u00c1TEDRA<\/strong><\/td><\/tr><\/tbody><\/table><\/figure>\n\n\n\n<ul class=\"wp-block-list\">\n<li><strong>12\/12\/20:<\/strong> <a href=\"http:\/\/www.ehu.eus\/cdsea\/web\/?page_id=13869&amp;preview=true\">Nuevo proyecto: LIFE V\u00eda de La Plata<\/a><\/li>\n\n\n\n<li><strong>07\/12\/20:<\/strong> 3rd <a href=\"http:\/\/www.ehu.eus\/cdsea\/web\/wp-content\/uploads\/2017\/03\/IECG2020.pdf\">International Electronic Conference on Geoscience<\/a>s \u2013 <a href=\"https:\/\/iecg2020.sciforum.net\/\">IECG 2020<\/a><\/li>\n\n\n\n<li><strong>16\/12\/20:<\/strong> Virtual webinar serie\u00a0<a href=\"https:\/\/conference.ifas.ufl.edu\/aces\/\">ACES: A Community on Ecosystem Services\u00a0<\/a><\/li>\n\n\n\n<li><strong>26\/11\/20:<\/strong>\u00a0Conferencia\u00a0<a href=\"https:\/\/www.urp2020.eu\/\">Sustainable &amp; Resilient Urban-Rural Partnerships \u2013 URP2020<\/a><\/li>\n\n\n\n<li><strong>01\/12\/20:\u00a0<\/strong><a href=\"http:\/\/www.ehu.eus\/cdsea\/web\/index.php\/curso-ciudat-salud\/\">Jornadas Ciudad y Salud<\/a><\/li>\n\n\n\n<li><strong>04\/11\/20:\u00a0<\/strong><a href=\"http:\/\/www.ehu.eus\/cdsea\/web\/index.php\/uhinak\/\">UHINAK. IV Congreso transfronterizo sobre Cambio Clim\u00e1tico y Litoral<\/a><\/li>\n\n\n\n<li><strong>26\/10\/20:\u00a0<\/strong><a href=\"http:\/\/www.ehu.eus\/cdsea\/web\/index.php\/iii-congreso-iberoamericano-de-limnologia-cil-2020\/\">III Congreso Iberoamericano de Limnolog\u00eda (CIL-2020)<\/a><\/li>\n\n\n\n<li><strong>21\/10\/20:\u00a0<\/strong><a href=\"http:\/\/www.ehu.eus\/cdsea\/web\/index.php\/anillo-verde\/\">IV Workshop del LIFE Anillo Verde de la Bah\u00eda de Santander: conectando la naturaleza y la ciudad\u00a0<\/a><\/li>\n\n\n\n<li><strong>11\/10\/20:<\/strong> <a href=\"http:\/\/www.catedraunesco.eu\/publicaciones\/recopilatorio-sobre-territorio-habitable-medio-rural-a-debate\/\">Recopilatorio sobre Territorio Habitable. Medio rural a debate<\/a><\/li>\n\n\n\n<li><strong>30\/09\/20:<\/strong>\u00a0<a href=\"http:\/\/www.ehu.eus\/cdsea\/web\/index.php\/vii-jornadas-de-investigacion-de-la-facultad-de-ciencias-cambio-climatico\/\">VII Jornadas de investigaci\u00f3n de la Facultad de ciencias: Cambio Clim\u00e1tico<\/a><\/li>\n\n\n\n<li><strong>28\/09\/20:<\/strong> <a href=\"http:\/\/www.ehu.eus\/cdsea\/web\/index.php\/foro-social-de-biodiversidad-2020\/\">Foro Social de Biodiversidad 2020<\/a><\/li>\n\n\n\n<li><strong>15\/09\/20:\u00a0<\/strong><a href=\"http:\/\/www.ehu.eus\/cdsea\/web\/index.php\/higher-education-summit-2020-2\/\">8th World Sustainability Forum<\/a><\/li>\n\n\n\n<li><strong>31\/08\/20:<\/strong> <a href=\"http:\/\/www.ehu.eus\/cdsea\/web\/index.php\/higher-education-summit-2020\/\">Higher Education Summit 2020\u00a0<\/a><\/li>\n\n\n\n<li><strong>12\/08\/20: <\/strong><a href=\"http:\/\/www.ehu.eus\/cdsea\/web\/index.php\/webinar-e-life-esp\/\">Participaci\u00f3n en webinar sobre E-Lifelong Learning<\/a><\/li>\n\n\n\n<li><strong>27-28\/07\/20: <\/strong><a href=\"http:\/\/www.ehu.eus\/cdsea\/web\/index.php\/encuentro-pensar-el-territorio\/\">Encuentro: \u201cPensar el territorio. Estrategias de desarrollo y alternativas de vida para Euskadi y Urdaibai\u201d\u00a0<em>(pospuesto)<\/em><\/a><\/li>\n\n\n\n<li><strong>02\/07\/20: <\/strong><a href=\"http:\/\/www.ehu.eus\/cdsea\/web\/index.php\/12428-2\/\">Proyecto LIFE\u00a0V\u00eda de la Plata, soluciones al cambio clim\u00e1tico en Salamanca\u00a0<\/a><\/li>\n\n\n\n<li><strong>15\/06\/20:\u00a0<\/strong><a href=\"http:\/\/www.ehu.eus\/cdsea\/web\/index.php\/12528-2\/\">Conferencia Development Studies Association: New Leadership for Global Challenges\u00a0<\/a><\/li>\n\n\n\n<li><strong>09\/06\/20: <\/strong><a href=\"http:\/\/www.ehu.eus\/cdsea\/web\/index.php\/12477-2\/\">Participaci\u00f3n en reuni\u00f3n Iwords<\/a>\u00a0<\/li>\n\n\n\n<li><strong>22\/05\/20:<\/strong> <a href=\"http:\/\/www.ehu.eus\/cdsea\/web\/index.php\/22-mayo-cast\/\">Nuestras soluciones est\u00e1n en la naturaleza (D\u00eda Mundial de la Diversidad Biol\u00f3gica)<\/a><\/li>\n\n\n\n<li><strong>20\/05\/20:<\/strong> <a href=\"https:\/\/conbio.onlinelibrary.wiley.com\/doi\/full\/10.1111\/conl.12718\">Art\u00edculo: Public attitudes toward biodiversity-friendly greenspace management in Europe<\/a><\/li>\n\n\n\n<li><strong>19\/05\/20:<\/strong> <a href=\"http:\/\/www.ehu.eus\/cdsea\/web\/index.php\/story-map\/\">Story map sobre Servicios de los Ecosistemas de Euskadi<\/a><\/li>\n\n\n\n<li><strong>27\/04\/20: <\/strong><a href=\"http:\/\/www.ehu.eus\/cdsea\/web\/index.php\/revista-ecosistemas-interfaz-ciencia-gestion-sociedad\/\">Revista Ecosistemas: Interfaz ciencia-gesti\u00f3n-sociedad en el \u00e1mbito de la conservaci\u00f3n: avances conceptuales y metodol\u00f3gicos\u00a0<\/a><\/li>\n\n\n\n<li><strong>20\/04\/20: <\/strong><a href=\"http:\/\/www.ehu.eus\/cdsea\/web\/index.php\/11878-2\/\">Informe: Contribuci\u00f3n de la Red Espa\u00f1ola de Reservas de la Biosfera al cumplimiento de los ODS<\/a><\/li>\n\n\n\n<li><strong>23\/03\/20: <\/strong><a href=\"http:\/\/www.ehu.eus\/cdsea\/web\/index.php\/ehu-edonondik-cast\/\">EHU edonondik durante el COVID-19\u00a0\u00a0<\/a><\/li>\n\n\n\n<li><strong>18\/03\/20:\u00a0<\/strong><a href=\"http:\/\/www.ehu.eus\/cdsea\/web\/index.php\/11563-2\/\">VII Jornadas de investigaci\u00f3n: Cambio Clim\u00e1tico\u00a0<\/a><em>(pospuesto)<\/em><\/li>\n\n\n\n<li><strong>04-07\/03\/20: <\/strong><a href=\"http:\/\/www.ehu.eus\/cdsea\/web\/index.php\/11576-2\/\">XVII Ecoflor Meeting\u00a0<\/a><\/li>\n\n\n\n<li><strong>03-12\/03\/20: <\/strong><a href=\"http:\/\/www.ehu.eus\/cdsea\/web\/index.php\/planificacion-hidrologica\/\">Proceso de participaci\u00f3n p\u00fablica sobre el 3er. ciclo de planificaci\u00f3n hidrol\u00f3gica 2021-2027\u00a0<\/a><\/li>\n\n\n\n<li><strong>Enero-Marzo\/20:\u00a0<\/strong><a href=\"http:\/\/www.ehu.eus\/cdsea\/web\/index.php\/11605-2\/\">Ciclo jornadas: \u201cM\u00e1s all\u00e1 del desarrollo: Teor\u00edas, enfoques y experiencias para abrir nuevos caminos\u201d\u00a0<\/a><\/li>\n\n\n\n<li><strong>28\/02\/20:\u00a0<\/strong><a href=\"http:\/\/www.ehu.eus\/cdsea\/web\/index.php\/ecodesing-es\/\">Ecodesign: retos de la formaci\u00f3n sobre Econom\u00eda Circular para la juventud\u00a0<\/a><\/li>\n\n\n\n<li><strong>25\/02\/20:\u00a0<\/strong><a href=\"http:\/\/www.ehu.eus\/cdsea\/web\/index.php\/11639-2\/\">Infograf\u00edas de los 17 ODS de la Agenda 2030<\/a><\/li>\n\n\n\n<li><strong>25\/02\/20:\u00a0<\/strong><a href=\"http:\/\/www.ehu.eus\/cdsea\/web\/index.php\/jornada-ecosistemas-marinos\/\">Jornada sobre Servicios Ecosist\u00e9micos de los ecosistemas marinos de Espa\u00f1a<\/a><\/li>\n<\/ul>\n<\/div>\n<\/div>\n","protected":false},"excerpt":{"rendered":"<p>ACTIVIDADES DE LA C\u00c1TEDRA ACTIVIDADES EN LAS QUE PARTICIPA LA C\u00c1TEDRA<\/p>\n","protected":false},"author":4,"featured_media":0,"parent":0,"menu_order":0,"comment_status":"closed","ping_status":"closed","template":"","meta":{"footnotes":""},"class_list":["post-14569","page","type-page","status-publish","hentry"],"_links":{"self":[{"href":"https:\/\/www.ehu.eus\/cdsea\/web\/index.php\/wp-json\/wp\/v2\/pages\/14569"}],"collection":[{"href":"https:\/\/www.ehu.eus\/cdsea\/web\/index.php\/wp-json\/wp\/v2\/pages"}],"about":[{"href":"https:\/\/www.ehu.eus\/cdsea\/web\/index.php\/wp-json\/wp\/v2\/types\/page"}],"author":[{"embeddable":true,"href":"https:\/\/www.ehu.eus\/cdsea\/web\/index.php\/wp-json\/wp\/v2\/users\/4"}],"replies":[{"embeddable":true,"href":"https:\/\/www.ehu.eus\/cdsea\/web\/index.php\/wp-json\/wp\/v2\/comments?post=14569"}],"version-history":[{"count":7,"href":"https:\/\/www.ehu.eus\/cdsea\/web\/index.php\/wp-json\/wp\/v2\/pages\/14569\/revisions"}],"predecessor-version":[{"id":18174,"href":"https:\/\/www.ehu.eus\/cdsea\/web\/index.php\/wp-json\/wp\/v2\/pages\/14569\/revisions\/18174"}],"wp:attachment":[{"href":"https:\/\/www.ehu.eus\/cdsea\/web\/index.php\/wp-json\/wp\/v2\/media?parent=14569"}],"curies":[{"name":"wp","href":"https:\/\/api.w.org\/{rel}","templated":true}]}}