{"id":14572,"date":"2021-02-19T10:35:27","date_gmt":"2021-02-19T10:35:27","guid":{"rendered":"http:\/\/www.ehu.eus\/cdsea\/web\/?page_id=14572"},"modified":"2021-02-19T10:42:45","modified_gmt":"2021-02-19T10:42:45","slug":"aktibitateak-2020","status":"publish","type":"page","link":"https:\/\/www.ehu.eus\/cdsea\/web\/index.php\/aktibitateak-2020\/","title":{"rendered":"Aktibitateak 2020"},"content":{"rendered":"<p>[vc_row][vc_column width=\u00bb1\/4&#8243;][vc_wp_custommenu nav_menu=\u00bb28&#8243;][\/vc_column][vc_column width=\u00bb3\/4&#8243;][vc_column_text]<\/p>\n<h3 class=\"vc_custom_heading\">EKITALDIAK 2020<\/h3>\n<div class=\"wpb_text_column \">\n<div class=\"wpb_wrapper\">\n<table width=\"684\">\n<tbody>\n<tr>\n<td><strong>KATEDRAREN JARDUERAK<\/strong><\/td>\n<\/tr>\n<\/tbody>\n<\/table>\n<div class=\"uavc-list-icon \" data-animation-delay=\"03\" data-animation=\"\">\n<div class=\"ult-just-icon-wrapper \">\n<div class=\"uavc-list-icon \" data-animation=\"\" data-animation-delay=\"03\">\n<div class=\"ult-just-icon-wrapper \">\n<div class=\"align-icon\">\n<div class=\"align-icon\">\n<div class=\"uavc-list-icon \" data-animation=\"\" data-animation-delay=\"03\">\n<div class=\"ult-just-icon-wrapper \">\n<div class=\"align-icon\">\n<div class=\"uavc-list-icon \" data-animation=\"\" data-animation-delay=\"03\">\n<div class=\"ult-just-icon-wrapper \">\n<div class=\"align-icon\">\n<div class=\"uavc-list-icon \" data-animation=\"\" data-animation-delay=\"03\">\n<div class=\"ult-just-icon-wrapper \">\n<div class=\"align-icon\">\n<ul>\n<li><strong>31\/12\/20: <\/strong><a href=\"http:\/\/www.unescoetxea.org\/dokumentuak\/boletin_ecoEuskadi9.htm\">Euskadiko Ekosistemen Zerbitzuen inguruan ABENDUKO buletina<\/a><\/li>\n<li><strong>22\/12\/20: <\/strong><a href=\"http:\/\/www.ehu.eus\/cdsea\/web\/index.php\/kahoot-eu\/?lang=eu\">Ekosistemen zerbitzuei buruzko KAHOOT jolasa<\/a><\/li>\n<li><strong>18\/12\/20: <\/strong><a href=\"http:\/\/www.ehu.eus\/cdsea\/web\/index.php\/natura-eta-ongizatea-bilboaldeko-ingurune-berdean-bideoa\/?lang=eu\">Natura eta ongizatea Bilboaldeko Ingurune Berdean<\/a>\u00a0BIDEOA<\/li>\n<li><strong>22\/11\/20:<\/strong>\u00a0<a href=\"http:\/\/www.unescoetxea.org\/dokumentuak\/cursoON9_ecosistemas.htm\">Ikastaro aurreratu sarena (1. edizioa): Ekosistemen Zerbitzuak eta Azpiegitura Berdeak<\/a><\/li>\n<li><strong>10\/11\/20:\u00a0<\/strong><a href=\"http:\/\/www.ehu.eus\/cdsea\/web\/wp-content\/uploads\/2017\/03\/Articulos_Uhina_2020.pdf\">Artikulua:<strong>\u00a0<\/strong>Sand dune and saltmarsh resilience in the eye of Climate Chang<\/a>e<\/li>\n<li><strong>10\/11\/20:\u00a0<\/strong><a href=\"http:\/\/www.ehu.eus\/cdsea\/web\/wp-content\/uploads\/2017\/03\/Articulos_Uhina_bea2020.pdf\">Artikulua:<strong>\u00a0<\/strong>Soluciones basadas en la naturaleza frente al cambio clim\u00e1tico: restauraci\u00f3n de dunas y marismas<\/a><\/li>\n<li><strong>09\/11\/20:<\/strong><a href=\"http:\/\/www.euskonews.eus\/zbk\/754\/estado-de-la-conservacion-natural-y-los-bosques\/ar-0754001005C\/\">\u00a0Artikulua:\u00a0Estado de la conservaci\u00f3n natural y los bosques<\/a><\/li>\n<li><strong>23\/10\/20:<\/strong>\u00a0<a href=\"https:\/\/plataforma2030.org\/es\/revista-diecisiete-3\/item\/objetivos-de-desarrollo-sostenible-y-salud-una-mirada-desde-el-enfoque-de-servicios-de-los-ecosistemas\">Artikulua:\u00a0Objetivos de Desarrollo Sostenible y salud: una mirada desde el enfoque de servicios de los ecosistemas<\/a><\/li>\n<li><strong>01\/10\/20:<\/strong>\u00a0<a href=\"http:\/\/www.ehu.eus\/cdsea\/web\/index.php\/argitalpenak\/libros\/?lang=eu\">Liburua:\u00a0Soluciones basadas en la naturaleza para la adaptaci\u00f3n al cambio clim\u00e1tico<\/a><\/li>\n<li><strong>30\/09\/20:<\/strong>\u00a0<a href=\"http:\/\/www.ehu.eus\/cdsea\/web\/wp-content\/uploads\/2017\/03\/sustainability-12-05287.pdf\">Artikulua:\u00a0Co-Creation of Knowledge for Ecosystem Services\u00a0<\/a><a href=\"http:\/\/www.ehu.eus\/cdsea\/web\/wp-content\/uploads\/2017\/03\/sustainability-12-05287.pdf\">Approach to Spatial Planning in the Basque Country<\/a><\/li>\n<li><strong>29\/09\/20:\u00a0<\/strong><a href=\"http:\/\/www.unescoetxea.org\/dokumentuak\/boletin_ecoEuskadi8.htm\">Euskadiko Ekosistemen Zerbitzuen inguruan IRAILAKO buletina<\/a><\/li>\n<li><strong>23\/09\/20:<\/strong>\u00a0<a href=\"http:\/\/unescoetxea.org\/dokumentuak\/cursoON8_ecosistemas.htm\">Oinarrizko ikastaroa sarean (5.edizioa): Ekosistemen Zerbitzuak eta Giza Ongizatea Euskadin<\/a><\/li>\n<li><strong>18\/09\/20:\u00a0<\/strong><a href=\"http:\/\/www.ehu.eus\/cdsea\/web\/wp-content\/uploads\/2017\/03\/land-09-00330.pdf\">Artikulua:\u00a0Local perceptions of ecosystem services across multiple ecosystem types in Spain<\/a><\/li>\n<li><strong>03\/09\/20: <\/strong><a href=\"http:\/\/www.ehu.eus\/cdsea\/web\/index.php\/urban-worth-eusk\/?lang=eu\">Artikulua: Urban Growth and Biodiversity Conservation<\/a><\/li>\n<li><strong>30\/07\/20:<\/strong> <a href=\"https:\/\/www.mdpi.com\/1999-4907\/11\/8\/831\">Artikulua:\u00a0Key Elements of the White-Backed Woodpecker\u2019s <em>(Dendrocopos leucotos lilfordi)<\/em> Habitat in Its European South-Western Limits<\/a><\/li>\n<li><strong>27-28\/07\/20: <\/strong><a href=\"http:\/\/www.ehu.eus\/cdsea\/web\/index.php\/gernika-gogoratuz-lurraldea-pentsatzen\/?lang=eu\">Ikastaroa: \u201cLurraldea pentsatzen. Garapen estrategiak eta bizitza alternatibak Euskadi eta Urdaibairentzat\u201d<\/a><\/li>\n<li><strong>07\/07\/20: <\/strong><a href=\"http:\/\/www.ehu.eus\/cdsea\/web\/index.php\/argitalpenak\/forum-iraunkortasuna-aldizkaria\/?lang=eu\">FORUM de Sostenibilidad (9 zenbakia) aldizkariaren argitalpen berria (2020-2021)<\/a><\/li>\n<li><strong>25\/06\/20:<\/strong> <a href=\"http:\/\/www.ehu.eus\/cdsea\/web\/index.php\/12398-2\/?lang=eu\">Gida praktikoa ekosistemen zerbitzuak lurralde eta hirigintza plan eta programen formulazioan integratzeko\u00a0<\/a><\/li>\n<li><strong>08\/06\/20: <\/strong><a href=\"http:\/\/www.unescoetxea.org\/dokumentuak\/boletin_ecoEuskadi7.htm\">Euskadiko Ekosistemen Zerbitzuen inguruan EKAINAKO buletina<\/a><\/li>\n<li><strong>26\/05\/20:<\/strong> <a href=\"http:\/\/www.ehu.eus\/cdsea\/web\/index.php\/renatur-proiektua-hiri-inguruko-eremuen-ondare-naturala-babesteko-eskualde-mailako-politikak-hobetuko-dira\/?lang=eu\">RENATUR PROIEKTUA: hiri-inguruko eremuen ondare naturala babesteko eskualde mailako politikak hobetuko dira<\/a><\/li>\n<li><strong>29\/04\/20:<\/strong> <a href=\"http:\/\/www.ehu.eus\/cdsea\/web\/wp-content\/uploads\/2017\/03\/articulo_environmentaljustice.pdf\">Artikulu berria: Environmental justice and outdoor recreation opportunities: a spatially explicit assessment in Oslo metropolitan area, Norway.<\/a><\/li>\n<li><strong>27\/04\/20:<\/strong> <a href=\"https:\/\/www.revistaecosistemas.net\/index.php\/ecosistemas\/article\/view\/1934\">Artikulua argiratuta <em>Co-creaci\u00f3n de conocimiento para la inclusi\u00f3n del enfoque de servicios de los ecosistemas en la ordenaci\u00f3n del territorio del Pa\u00eds Vasco<\/em><\/a><\/li>\n<li><strong>25\/04\/20<\/strong>:<a href=\"https:\/\/anboto.org\/durangaldea\/1587712046696-naturan-lortutako-orekari-eusten-ahalegindu-behar-dugu-krisialdiaren-ostean-ere\"> Miren Onaindia, Anboto aldizkarian: <\/a><a href=\"https:\/\/anboto.org\/durangaldea\/1587712046696-naturan-lortutako-orekari-eusten-ahalegindu-behar-dugu-krisialdiaren-ostean-ere\">\u201cNaturan lortutako orekari eusten ahalegindu behar dugu krisialdiaren ostean ere\u201d<\/a><\/li>\n<li><strong>24\/01\/20<\/strong>: <a href=\"http:\/\/www.ehu.eus\/cdsea\/web\/index.php\/1-jornada-interreg\/?lang=eu\">RENATUR INTERREG-EUROPE 1. proiektuaren jardunaldia<\/a><\/li>\n<\/ul>\n<\/div>\n<\/div>\n<\/div>\n<\/div>\n<\/div>\n<\/div>\n<\/div>\n<\/div>\n<\/div>\n<\/div>\n<\/div>\n<\/div>\n<\/div>\n<\/div>\n<\/div>\n<div>\n<div id=\"list-icon-wrap-4738\" class=\"uavc-list-content\">\n<div class=\"align-icon\">\n<div data-animation-delay=\"03\" data-animation=\"\"><\/div>\n<div class=\"uavc-list-icon \" data-animation-delay=\"03\" data-animation=\"\">\n<table>\n<tbody>\n<tr>\n<td><strong>KATEDRAK PARTE HARTZEN DUEN JARDUERAK<\/strong><\/td>\n<\/tr>\n<\/tbody>\n<\/table>\n<\/div>\n<div data-animation-delay=\"03\" data-animation=\"\">\n<ul>\n<li><strong>07\/12\/20:<\/strong> Konferentzia 3rd <a href=\"http:\/\/www.ehu.eus\/cdsea\/web\/wp-content\/uploads\/2017\/03\/IECG2020.pdf\">International Electronic Conference on Geoscience<\/a>s \u2013 <a href=\"https:\/\/iecg2020.sciforum.net\/\">IECG 2020<\/a><\/li>\n<li><strong>16\/12\/20:<\/strong>\u00a0Konferentzia <a href=\"https:\/\/conference.ifas.ufl.edu\/aces\/\">ACES: A Community on Ecosystem Services\u00a0<\/a><\/li>\n<li><strong>26\/11\/20:<\/strong>\u00a0Konferentzia <a href=\"https:\/\/www.urp2020.eu\/\">Sustainable &amp; Resilient Urban-Rural Partnerships \u2013 URP2020<\/a><\/li>\n<li><strong>12\/12\/20: \u00a0<\/strong><a href=\"http:\/\/www.ehu.eus\/cdsea\/web\/index.php\/salamancan-garatuko-den-life-via-de-la-plata-proiektu-berriaren-bazkidea-da-garapen-iraunkorrari-eta-ingurumen-hezkuntzari-buruzko-upv-ehu-ko-unesco-katedra\/\">LIFE V\u00eda de la Plata Proiektua<\/a><\/li>\n<li><strong>01\/12\/20:<\/strong> <a href=\"http:\/\/www.ehu.eus\/cdsea\/web\/index.php\/jardunaldia-hiria-eta-osasuna\/?lang=eu\">Jardunaldia: Hiria eta Osasuna<\/a><\/li>\n<li><strong>04\/11\/20:<\/strong> <a href=\"http:\/\/www.ehu.eus\/cdsea\/web\/index.php\/uhinak-iv-kongresua-klima-aldaketari-eta-itsasertzari-buruzko-mugaz-gaindiko\/?lang=eu\">UHINAK. IV. Kongresua Klima Aldaketari eta Itsasertzari buruzko Mugaz Gaindiko<\/a><\/li>\n<li><strong>26\/10\/20:<\/strong> <a href=\"http:\/\/www.ehu.eus\/cdsea\/web\/index.php\/iii-limnologiako-kongresu-iberoamerikarra-cil-2020\/?lang=eu\">III. Limnologiako Kongresu Iberoamerikarra (CIL-2020)<\/a><\/li>\n<li><strong>12\/10\/20:<\/strong> <a href=\"http:\/\/www.ehu.eus\/cdsea\/web\/index.php\/anillo-verde-de-la-bahia-de-santander-life-proiektuko-iv-jardunaldia-natura-eta-hiria-lotuz\/?lang=eu\">Anillo Verde de la Bah\u00eda de Santander LIFE proiektuko IV jardunaldia: natura eta hiria lotuz<\/a><\/li>\n<li><strong>11\/10\/20:\u00a0<\/strong><a href=\"https:\/\/issuu.com\/unescoculturallandscapeheritage\/docs\/artikulu_bilduma_lurraldebizigarria_urr2020\">Lurralde Bizigarriari buruzko bilduma. Landa ingurunea eztabaidagai<\/a><\/li>\n<li><strong>30\/09\/20:<\/strong>\u00a0<a href=\"http:\/\/www.ehu.eus\/cdsea\/web\/index.php\/vii-jornadas-de-investigacion-de-la-facultad-de-ciencias-cambio-climatico\/\">VII Jornadas de investigaci\u00f3n de la Facultad de ciencias: Cambio Clim\u00e1tico<\/a><strong>\u00a0<\/strong><strong>\u00a0<\/strong><\/li>\n<li><strong>28\/09\/20:<\/strong> <a href=\"http:\/\/www.ehu.eus\/cdsea\/web\/index.php\/biodibertsitatearen-gizarte-foroa-2020\/?lang=eu\">Biodibertsitatearen Gizarte Foroa 2020<\/a><\/li>\n<li><strong>31\/08\/20:<\/strong> <a href=\"http:\/\/www.ehu.eus\/cdsea\/web\/index.php\/higher-education-summit-2020\/\">Higher Education Summit 2020\u00a0<\/a><\/li>\n<li><strong>12\/08\/20: <\/strong><a href=\"http:\/\/www.ehu.eus\/cdsea\/web\/index.php\/12703-2\/?lang=eu\">E-Lifelong Learning-ari buruzko webinarra<\/a><\/li>\n<li><strong>30\/07\/20:<\/strong> <a href=\"https:\/\/www.mdpi.com\/1999-4907\/11\/8\/831\">Artikulua:\u00a0Key Elements of the White-Backed Woodpecker\u2019s <em>(Dendrocopos leucotos lilfordi)<\/em> Habitat in Its European South-Western Limits\u00a0<\/a><\/li>\n<li><strong>27-28\/07\/20: <\/strong><a href=\"http:\/\/www.ehu.eus\/cdsea\/web\/index.php\/gernika-gogoratuz-lurraldea-pentsatzen\/?lang=eu\">Ikastaroa: \u201cLurraldea pentsatzen. Garapen estrategiak eta bizitza alternatibak Euskadi eta Urdaibairentzat\u201d<\/a><\/li>\n<\/ul>\n<\/div>\n<ul>\n<li class=\"uavc-list-icon \" data-animation-delay=\"03\"><strong>02\/07\/20:\u00a0<\/strong><a href=\"http:\/\/www.ehu.eus\/cdsea\/web\/index.php\/life-via-de-la-plata_euskera\/?lang=eu\">Life V\u00eda de la Plata proiektua, klima-aldaketaren aurrean irtenbideak Salamancan<\/a><\/li>\n<li class=\"uavc-list-icon \" data-animation-delay=\"03\"><strong>15\/06\/20:<\/strong>\u00a0<a href=\"http:\/\/www.ehu.eus\/cdsea\/web\/index.php\/development-studies_eus\/?lang=eu\">Development Studies Association biltzarra: New Leadership for Global Challenges<\/a><\/li>\n<li class=\"uavc-list-icon \" data-animation-delay=\"03\"><strong>09\/06\/20:<\/strong> <a href=\"http:\/\/www.ehu.eus\/cdsea\/web\/index.php\/12477-2\/?lang=eu\">Iwords aholkularitza-enpresak antolatutako bileran parte hartzea\u00a0<\/a><\/li>\n<li class=\"uavc-list-icon \" data-animation-delay=\"03\"><strong>22\/05\/20: <\/strong><a href=\"http:\/\/www.ehu.eus\/cdsea\/web\/index.php\/22-mayo-2020-eus\/?lang=eu\">Irtenbiak naturan daude (Dibertsitate Biologikoaren Nazioarteko Eguna)<\/a><\/li>\n<li class=\"uavc-list-icon \" data-animation-delay=\"03\"><strong>20\/05\/20: <\/strong><a href=\"https:\/\/conbio.onlinelibrary.wiley.com\/doi\/full\/10.1111\/conl.12718\">Artikulua: Public attitudes toward biodiversity-friendly greenspace management in Europe<\/a><\/li>\n<li class=\"uavc-list-icon \" data-animation-delay=\"03\"><span class=\"uavc-list-desc ult-responsive\" data-ultimate-target=\"#list-icon-wrap-7896 .uavc-list-desc\" data-responsive-json-new=\"{&quot;font-size&quot;:&quot;&quot;,&quot;line-height&quot;:&quot;&quot;}\"><strong>19\/05\/20:<\/strong><a href=\"http:\/\/www.ehu.eus\/cdsea\/web\/index.php\/12246-2\/?lang=eu\"> Euskadiko Ekosistemen Zerbitzuak proiektuaren story map<\/a><\/span><\/li>\n<li class=\"uavc-list-icon \" data-animation-delay=\"03\"><strong>27\/04\/20:\u00a0<\/strong><a href=\"http:\/\/www.ehu.eus\/cdsea\/web\/index.php\/revista-ecosistemas-interfaz-ciencia-gestion-sociedad\/?lang=eu\">Ecosistemas aldizkaria: Zientzia-Kudeaketa-Gizartea interfazea kontserbazioaren esparruan: aurrerapen kontzeptualak eta metodologiakoak<\/a><\/li>\n<li class=\"uavc-list-icon \" data-animation-delay=\"03\"><strong>20\/04\/20<\/strong>: <a href=\"http:\/\/www.ehu.eus\/cdsea\/web\/index.php\/11878-2\/?lang=eu\">Txostena: Biosferaren Erreserben Espainiako Sarearen Ekarpena GIH betetzeko<\/a><\/li>\n<li class=\"uavc-list-icon \" data-animation-delay=\"03\"><strong>23\/03\/20<\/strong>: <a href=\"http:\/\/www.ehu.eus\/cdsea\/web\/index.php\/ehu-edonondik-eus\/?lang=eu\">EHU edonondik eta COVID-19<\/a><\/li>\n<li class=\"uavc-list-icon \" data-animation-delay=\"03\"><strong>18\/03\/20<\/strong>:\u00a0<a href=\"http:\/\/www.ehu.eus\/cdsea\/web\/index.php\/vii-ikerketa-jardunaldiak-klima-aldaketa\/?lang=eu\">VII. Ikerketa Jardunaldiak: Klima Aldaketa<\/a>\u00a0(atzeratuta)<\/li>\n<li class=\"uavc-list-icon \" data-animation-delay=\"03\"><strong>04-07\/03\/20<\/strong>: <a href=\"http:\/\/www.ehu.eus\/cdsea\/web\/index.php\/ecoflor-meeting_eus\/?lang=eu\">XVII Ecoflor Meeting<\/a><\/li>\n<li class=\"uavc-list-icon \" data-animation-delay=\"03\"><strong>03-12\/03\/20<\/strong>: <a href=\"http:\/\/www.ehu.eus\/cdsea\/web\/index.php\/hidrologia-plangintza\/?lang=eu\">2021-2027 Hidrologia-plangintzaren 3. zikloari buruzko parte-hartze publikoaren prozesua<\/a><\/li>\n<li class=\"uavc-list-icon \" data-animation-delay=\"03\"><strong>Urtarrilla-Martxoa\/20<\/strong>:\u00a0<a href=\"http:\/\/www.ehu.eus\/cdsea\/web\/index.php\/jardunaldi-zikloa-garapenaz-harago\/?lang=eu\">Jardunaldiak: \u201cGarapenaz haratago: teoriak, ikuspegiak eta esperientziak bide berriak irekitzeko\u201d<\/a><\/li>\n<li class=\"uavc-list-icon \" data-animation-delay=\"03\"><strong>28\/02\/20<\/strong>:<a href=\"http:\/\/www.ehu.eus\/cdsea\/web\/index.php\/ecodesing-eus\/?lang=eu\">\u00a0Ecodesign: Ekonomia zirkularrari buruzko prestakuntzaren erronkak gazteentzat<\/a><\/li>\n<li class=\"uavc-list-icon \" data-animation-delay=\"03\"><strong>25\/02\/20<\/strong>:\u00a0<a href=\"http:\/\/www.ehu.eus\/cdsea\/web\/index.php\/11649-2\/?lang=eu\">Agenda 2030eko 17GIHren Infografiak<\/a><\/li>\n<li class=\"uavc-list-icon \" data-animation-delay=\"03\">\n<div class=\"ult-just-icon-wrapper \">\n<div class=\"align-icon\">\n<div class=\"aio-icon-img \"><strong>25\/02\/20<\/strong>:<a href=\"http:\/\/www.ehu.eus\/cdsea\/web\/index.php\/itsas-ekosistema-jardunaldia\/?lang=eu\">\u00a0Espainiako Itsas Ekosistemen Ekosistema Zerbitzuen Jardunaldia<\/a><\/div>\n<\/div>\n<\/div>\n<\/li>\n<\/ul>\n<\/div>\n<\/div>\n<\/div>\n<\/div>\n<\/div>\n<p>[\/vc_column_text][\/vc_column][\/vc_row]<\/p>\n","protected":false},"excerpt":{"rendered":"<p>[vc_row][vc_column width=\u00bb1\/4&#8243;][vc_wp_custommenu nav_menu=\u00bb28&#8243;][\/vc_column][vc_column width=\u00bb3\/4&#8243;][vc_column_text] EKITALDIAK 2020 KATEDRAREN JARDUERAK 31\/12\/20: Euskadiko Ekosistemen Zerbitzuen inguruan ABENDUKO buletina 22\/12\/20: Ekosistemen zerbitzuei buruzko KAHOOT jolasa 18\/12\/20: Natura eta ongizatea Bilboaldeko Ingurune Berdean\u00a0BIDEOA 22\/11\/20:\u00a0Ikastaro aurreratu sarena (1. edizioa): Ekosistemen Zerbitzuak eta Azpiegitura Berdeak 10\/11\/20:\u00a0Artikulua:\u00a0Sand dune and saltmarsh resilience in the eye of Climate Change 10\/11\/20:\u00a0Artikulua:\u00a0Soluciones basadas en la naturaleza frente [&hellip;]<\/p>\n","protected":false},"author":4,"featured_media":0,"parent":0,"menu_order":0,"comment_status":"closed","ping_status":"closed","template":"","meta":{"footnotes":""},"class_list":["post-14572","page","type-page","status-publish","hentry"],"_links":{"self":[{"href":"https:\/\/www.ehu.eus\/cdsea\/web\/index.php\/wp-json\/wp\/v2\/pages\/14572"}],"collection":[{"href":"https:\/\/www.ehu.eus\/cdsea\/web\/index.php\/wp-json\/wp\/v2\/pages"}],"about":[{"href":"https:\/\/www.ehu.eus\/cdsea\/web\/index.php\/wp-json\/wp\/v2\/types\/page"}],"author":[{"embeddable":true,"href":"https:\/\/www.ehu.eus\/cdsea\/web\/index.php\/wp-json\/wp\/v2\/users\/4"}],"replies":[{"embeddable":true,"href":"https:\/\/www.ehu.eus\/cdsea\/web\/index.php\/wp-json\/wp\/v2\/comments?post=14572"}],"version-history":[{"count":3,"href":"https:\/\/www.ehu.eus\/cdsea\/web\/index.php\/wp-json\/wp\/v2\/pages\/14572\/revisions"}],"predecessor-version":[{"id":14584,"href":"https:\/\/www.ehu.eus\/cdsea\/web\/index.php\/wp-json\/wp\/v2\/pages\/14572\/revisions\/14584"}],"wp:attachment":[{"href":"https:\/\/www.ehu.eus\/cdsea\/web\/index.php\/wp-json\/wp\/v2\/media?parent=14572"}],"curies":[{"name":"wp","href":"https:\/\/api.w.org\/{rel}","templated":true}]}}