{"id":14664,"date":"2021-03-22T10:24:19","date_gmt":"2021-03-22T10:24:19","guid":{"rendered":"http:\/\/www.ehu.eus\/cdsea\/web\/?page_id=14664"},"modified":"2021-03-22T10:24:19","modified_gmt":"2021-03-22T10:24:19","slug":"a-new-indicator-of-the-effectiveness-of-urban-infrastructure-based-on-ecosystem-services-assessment","status":"publish","type":"page","link":"https:\/\/www.ehu.eus\/cdsea\/web\/index.php\/a-new-indicator-of-the-effectiveness-of-urban-infrastructure-based-on-ecosystem-services-assessment\/","title":{"rendered":"A new indicator of the effectiveness of urban infrastructure based on ecosystem services assessment"},"content":{"rendered":"<p class=\"x_MsoNormal\"><span lang=\"EN-US\">UPV\/EHUko Garapen Iraunkorra eta Ingurumen Hezkuntzaren Unesco Katedrako ikertzaileek, B. Fern\u00e1ndez de Manuel, L. M\u00e9ndez-Fern\u00e1ndez, L. Pe\u00f1a, eta I. Ametzaga-Arregi ikerlariek \u201cA new indicator of the effectiveness of urban infrastructure <\/span>based on ecosystem services assessment\u201d\u00a0\u00a0aldizkari\u00a0honetan:\u00bbBasic and Applied Ecology\u00bb Bolumena 53, orriak 12 &#8211; 25.<\/p>\n<p class=\"x_MsoNormal\">\u00a0Argitalpenen atalean azterketaren laburpena dago (esteka).<\/p>\n<p class=\"x_MsoNormal\">Artikulurako esteka, maiatzaren 21era arte \u00a0bakarrik dohain eskuratzea ahal izango dena, web helbide honetan duzue.<a href=\"https:\/\/www.journals.elsevier.com\/basic-and-applied-ecology\"> https:\/\/www.journals.elsevier.com\/basic-and-applied-ecology<\/a><\/p>\n","protected":false},"excerpt":{"rendered":"<p>UPV\/EHUko Garapen Iraunkorra eta Ingurumen Hezkuntzaren Unesco Katedrako ikertzaileek, B. Fern\u00e1ndez de Manuel, L. M\u00e9ndez-Fern\u00e1ndez, L. Pe\u00f1a, eta I. Ametzaga-Arregi ikerlariek \u201cA new indicator of the effectiveness of urban infrastructure based on ecosystem services assessment\u201d\u00a0\u00a0aldizkari\u00a0honetan:\u00bbBasic and Applied Ecology\u00bb Bolumena 53, orriak 12 &#8211; 25. \u00a0Argitalpenen atalean azterketaren laburpena dago (esteka). Artikulurako esteka, maiatzaren 21era arte [&hellip;]<\/p>\n","protected":false},"author":4,"featured_media":0,"parent":0,"menu_order":0,"comment_status":"closed","ping_status":"closed","template":"","meta":{"footnotes":""},"class_list":["post-14664","page","type-page","status-publish","hentry"],"_links":{"self":[{"href":"https:\/\/www.ehu.eus\/cdsea\/web\/index.php\/wp-json\/wp\/v2\/pages\/14664"}],"collection":[{"href":"https:\/\/www.ehu.eus\/cdsea\/web\/index.php\/wp-json\/wp\/v2\/pages"}],"about":[{"href":"https:\/\/www.ehu.eus\/cdsea\/web\/index.php\/wp-json\/wp\/v2\/types\/page"}],"author":[{"embeddable":true,"href":"https:\/\/www.ehu.eus\/cdsea\/web\/index.php\/wp-json\/wp\/v2\/users\/4"}],"replies":[{"embeddable":true,"href":"https:\/\/www.ehu.eus\/cdsea\/web\/index.php\/wp-json\/wp\/v2\/comments?post=14664"}],"version-history":[{"count":1,"href":"https:\/\/www.ehu.eus\/cdsea\/web\/index.php\/wp-json\/wp\/v2\/pages\/14664\/revisions"}],"predecessor-version":[{"id":14666,"href":"https:\/\/www.ehu.eus\/cdsea\/web\/index.php\/wp-json\/wp\/v2\/pages\/14664\/revisions\/14666"}],"wp:attachment":[{"href":"https:\/\/www.ehu.eus\/cdsea\/web\/index.php\/wp-json\/wp\/v2\/media?parent=14664"}],"curies":[{"name":"wp","href":"https:\/\/api.w.org\/{rel}","templated":true}]}}