{"id":14695,"date":"2021-03-26T10:17:23","date_gmt":"2021-03-26T10:17:23","guid":{"rendered":"http:\/\/www.ehu.eus\/cdsea\/web\/?page_id=14695"},"modified":"2021-03-26T10:17:23","modified_gmt":"2021-03-26T10:17:23","slug":"congreso-final-alice-2021","status":"publish","type":"page","link":"https:\/\/www.ehu.eus\/cdsea\/web\/index.php\/congreso-final-alice-2021\/","title":{"rendered":"Congreso final ALICE 2021"},"content":{"rendered":"<p><strong>Congreso final ALICE 2021: <\/strong><strong>A roadmap to multifunctional and resilient landscapes: the adaptation to global change through Blue and Green Infrastructure Networks (BGINs)<\/strong><\/p>\n<p><span style=\"font-size: 12pt;\">El 16 y 17 de marzo mediante videoconferencia la C\u00e1tedra particip\u00f3 en el Congreso final del proyecto ALICE organizado por &#8216;IHCantabria&#8217; &#8211; Universidad de Cantabria y los socios de ALICE. ALICE es un proyecto financiado en el 75% por el Fondo Europeo de desarrollo regional (FEDER) bajo el paraguas de INTERREG \u00c1rea Atl\u00e1ntica. El objetivo principal es promover inversiones sostenibles en Redes de infraestructura Azul-Verde (RIAVs) a trav\u00e9s de la identificaci\u00f3n de los beneficios de Servicios Ecosist\u00e9micos entregados en la interfaz terrestre-acu\u00e1tica y terrestre-mar\u00edtima en la regi\u00f3n Atl\u00e1ntica.<\/span><\/p>\n<p><span style=\"font-size: 12pt;\">Durante el congreso se llevaron a cabo las siguientes sesiones:<\/span><\/p>\n<ul>\n<li><span style=\"font-size: 12pt;\">Sesi\u00f3n 1 &#8211; Hacia una gesti\u00f3n inteligente del paisaje: comprender la evoluci\u00f3n de los ecosistemas<\/span><\/li>\n<li><span style=\"font-size: 12pt;\">Sesi\u00f3n 2 &#8211; Hacia una gesti\u00f3n inteligente del paisaje: modelizaci\u00f3n de los servicios de los ecosistemas<\/span><\/li>\n<li><span style=\"font-size: 12pt;\">Sesi\u00f3n 3 &#8211; Aprendizaje participativo para la gesti\u00f3n del territorio<\/span><\/li>\n<li><span style=\"font-size: 12pt;\">Sesi\u00f3n 4 &#8211; Aplicaci\u00f3n de las BGIN: obst\u00e1culos y soluciones en el \u00e1rea atl\u00e1ntica<\/span><\/li>\n<\/ul>\n","protected":false},"excerpt":{"rendered":"<p>Congreso final ALICE 2021: A roadmap to multifunctional and resilient landscapes: the adaptation to global change through Blue and Green Infrastructure Networks (BGINs) El 16 y 17 de marzo mediante videoconferencia la C\u00e1tedra particip\u00f3 en el Congreso final del proyecto ALICE organizado por &#8216;IHCantabria&#8217; &#8211; Universidad de Cantabria y los socios de ALICE. ALICE es [&hellip;]<\/p>\n","protected":false},"author":4,"featured_media":0,"parent":0,"menu_order":0,"comment_status":"closed","ping_status":"closed","template":"","meta":{"footnotes":""},"class_list":["post-14695","page","type-page","status-publish","hentry"],"_links":{"self":[{"href":"https:\/\/www.ehu.eus\/cdsea\/web\/index.php\/wp-json\/wp\/v2\/pages\/14695"}],"collection":[{"href":"https:\/\/www.ehu.eus\/cdsea\/web\/index.php\/wp-json\/wp\/v2\/pages"}],"about":[{"href":"https:\/\/www.ehu.eus\/cdsea\/web\/index.php\/wp-json\/wp\/v2\/types\/page"}],"author":[{"embeddable":true,"href":"https:\/\/www.ehu.eus\/cdsea\/web\/index.php\/wp-json\/wp\/v2\/users\/4"}],"replies":[{"embeddable":true,"href":"https:\/\/www.ehu.eus\/cdsea\/web\/index.php\/wp-json\/wp\/v2\/comments?post=14695"}],"version-history":[{"count":1,"href":"https:\/\/www.ehu.eus\/cdsea\/web\/index.php\/wp-json\/wp\/v2\/pages\/14695\/revisions"}],"predecessor-version":[{"id":14697,"href":"https:\/\/www.ehu.eus\/cdsea\/web\/index.php\/wp-json\/wp\/v2\/pages\/14695\/revisions\/14697"}],"wp:attachment":[{"href":"https:\/\/www.ehu.eus\/cdsea\/web\/index.php\/wp-json\/wp\/v2\/media?parent=14695"}],"curies":[{"name":"wp","href":"https:\/\/api.w.org\/{rel}","templated":true}]}}