{"id":14728,"date":"2021-04-15T14:02:57","date_gmt":"2021-04-15T14:02:57","guid":{"rendered":"http:\/\/www.ehu.eus\/cdsea\/web\/?page_id=14728"},"modified":"2021-04-15T14:02:57","modified_gmt":"2021-04-15T14:02:57","slug":"proyecto-atelier","status":"publish","type":"page","link":"https:\/\/www.ehu.eus\/cdsea\/web\/index.php\/proyecto-atelier\/","title":{"rendered":"Proyecto ATELIER"},"content":{"rendered":"<p><strong>Taller de diagn\u00f3stico integral y participado para la Transici\u00f3n Energ\u00e9tica de la ciudad de Bilbao. Proyecto ATELIER <\/strong><\/p>\n<p>El 15 de abril la C\u00e1tedra UNESCO de Desarrollo Sostenible y Educaci\u00f3n Ambiental particip\u00f3 de forma virtual en el taller de diagn\u00f3stico integral y participado para la Transici\u00f3n Energ\u00e9tica de la ciudad de Bilbao dentro del proyecto ATELIER. Gracias al apoyo financiero de la Comisi\u00f3n Europea a trav\u00e9s del fondo de innovaci\u00f3n Horizonte 2020, el Ayuntamiento de Bilbao co-lidera junto con la ciudad de \u00c1msterdam el\u00a0proyecto\u00a0<a href=\"https:\/\/eur02.safelinks.protection.outlook.com\/?url=https%3A%2F%2Fsmartcity-atelier.eu%2F&amp;data=04%7C01%7Ccarolina.garcia%40tecnalia.com%7Ca14a068a5d13404db55508d8fb55a9cb%7Cb235b67cbf484671b1a1da444c1bef66%7C0%7C0%7C637535693567349680%7CUnknown%7CTWFpbGZsb3d8eyJWIjoiMC4wLjAwMDAiLCJQIjoiV2luMzIiLCJBTiI6Ik1haWwiLCJXVCI6Mn0%3D%7C1000&amp;sdata=2zBJjvsKJUlE4JYXmy6qY1Td1jm8uYiBGtIfTXHDJ7o%3D&amp;reserved=0\">ATELIER<\/a>, que tiene el objetivo de probar diferentes tecnolog\u00edas y modelos de gesti\u00f3n en torno a las energ\u00edas renovables, as\u00ed como el de elaborar una Visi\u00f3n Energ\u00e9tica de la ciudad para el a\u00f1o 2050.<\/p>\n<p>El objetivo del taller consisti\u00f3 en recoger la reflexi\u00f3n de los diferentes agentes involucrados en la transici\u00f3n energ\u00e9tica y clim\u00e1tica de la ciudad sobre la situaci\u00f3n energ\u00e9tica de la ciudad de Bilbao y generar diferentes escenarios temporales y una visi\u00f3n global de conjunto sobre la situaci\u00f3n energ\u00e9tica de la ciudad.<\/p>\n<p>Web del proyecto: <a href=\"https:\/\/smartcity-atelier.eu\/about\/lighthouse-cities\/bilbao\/\">https:\/\/smartcity-atelier.eu\/about\/lighthouse-cities\/bilbao\/<\/a><\/p>\n","protected":false},"excerpt":{"rendered":"<p>Taller de diagn\u00f3stico integral y participado para la Transici\u00f3n Energ\u00e9tica de la ciudad de Bilbao. Proyecto ATELIER El 15 de abril la C\u00e1tedra UNESCO de Desarrollo Sostenible y Educaci\u00f3n Ambiental particip\u00f3 de forma virtual en el taller de diagn\u00f3stico integral y participado para la Transici\u00f3n Energ\u00e9tica de la ciudad de Bilbao dentro del proyecto ATELIER. [&hellip;]<\/p>\n","protected":false},"author":4,"featured_media":0,"parent":0,"menu_order":0,"comment_status":"closed","ping_status":"closed","template":"","meta":{"footnotes":""},"class_list":["post-14728","page","type-page","status-publish","hentry"],"_links":{"self":[{"href":"https:\/\/www.ehu.eus\/cdsea\/web\/index.php\/wp-json\/wp\/v2\/pages\/14728"}],"collection":[{"href":"https:\/\/www.ehu.eus\/cdsea\/web\/index.php\/wp-json\/wp\/v2\/pages"}],"about":[{"href":"https:\/\/www.ehu.eus\/cdsea\/web\/index.php\/wp-json\/wp\/v2\/types\/page"}],"author":[{"embeddable":true,"href":"https:\/\/www.ehu.eus\/cdsea\/web\/index.php\/wp-json\/wp\/v2\/users\/4"}],"replies":[{"embeddable":true,"href":"https:\/\/www.ehu.eus\/cdsea\/web\/index.php\/wp-json\/wp\/v2\/comments?post=14728"}],"version-history":[{"count":1,"href":"https:\/\/www.ehu.eus\/cdsea\/web\/index.php\/wp-json\/wp\/v2\/pages\/14728\/revisions"}],"predecessor-version":[{"id":14730,"href":"https:\/\/www.ehu.eus\/cdsea\/web\/index.php\/wp-json\/wp\/v2\/pages\/14728\/revisions\/14730"}],"wp:attachment":[{"href":"https:\/\/www.ehu.eus\/cdsea\/web\/index.php\/wp-json\/wp\/v2\/media?parent=14728"}],"curies":[{"name":"wp","href":"https:\/\/api.w.org\/{rel}","templated":true}]}}