{"id":14744,"date":"2021-04-23T11:21:53","date_gmt":"2021-04-23T11:21:53","guid":{"rendered":"http:\/\/www.ehu.eus\/cdsea\/web\/?page_id=14744"},"modified":"2021-04-23T11:21:53","modified_gmt":"2021-04-23T11:21:53","slug":"cursos-de-verano-upv-ehu-2","status":"publish","type":"page","link":"https:\/\/www.ehu.eus\/cdsea\/web\/index.php\/cursos-de-verano-upv-ehu-2\/","title":{"rendered":"Cursos de Verano UPV\/EHU"},"content":{"rendered":"<p><strong>Cursos de Verano UPV\/EHU. \u201c<a href=\"https:\/\/www.uik.eus\/es\/biomimesis-una-propuesta-multidisciplinar-para-afrontar-los-retos-de-sostenibilidad-post-covid\">Territorio<\/a> Habitable. Expresiones locales y estrategias territoriales\u201d<\/strong><\/p>\n<p>La C\u00e1tedra UNESCO de Desarrollo Sostenible y Educaci\u00f3n Ambiental colabora en el curso de Verano UPV\/EHU \u201cTerritorio Habitable. Expresiones locales y estrategias territoriales\u201d que se celebrar\u00e1 de forma virtual o presencial en el Palacio Miramar (Donostia) del 19 al 20 de julio. El objetivo principal del curso consiste en mostrar iniciativas claves y buscar estrategias para la mejora en la Gesti\u00f3n y Ordenaci\u00f3n Paisaj\u00edstica del Medio Rural.<\/p>\n<p>Web: <a href=\"https:\/\/www.uik.eus\/es\/territorio-habitable-expresiones-locales-y-estrategias-territoriales\">https:\/\/www.uik.eus\/es\/territorio-habitable-expresiones-locales-y-estrategias-territoriales<\/a><\/p>\n","protected":false},"excerpt":{"rendered":"<p>Cursos de Verano UPV\/EHU. \u201cTerritorio Habitable. Expresiones locales y estrategias territoriales\u201d La C\u00e1tedra UNESCO de Desarrollo Sostenible y Educaci\u00f3n Ambiental colabora en el curso de Verano UPV\/EHU \u201cTerritorio Habitable. Expresiones locales y estrategias territoriales\u201d que se celebrar\u00e1 de forma virtual o presencial en el Palacio Miramar (Donostia) del 19 al 20 de julio. El objetivo [&hellip;]<\/p>\n","protected":false},"author":4,"featured_media":0,"parent":0,"menu_order":0,"comment_status":"closed","ping_status":"closed","template":"","meta":{"footnotes":""},"class_list":["post-14744","page","type-page","status-publish","hentry"],"_links":{"self":[{"href":"https:\/\/www.ehu.eus\/cdsea\/web\/index.php\/wp-json\/wp\/v2\/pages\/14744"}],"collection":[{"href":"https:\/\/www.ehu.eus\/cdsea\/web\/index.php\/wp-json\/wp\/v2\/pages"}],"about":[{"href":"https:\/\/www.ehu.eus\/cdsea\/web\/index.php\/wp-json\/wp\/v2\/types\/page"}],"author":[{"embeddable":true,"href":"https:\/\/www.ehu.eus\/cdsea\/web\/index.php\/wp-json\/wp\/v2\/users\/4"}],"replies":[{"embeddable":true,"href":"https:\/\/www.ehu.eus\/cdsea\/web\/index.php\/wp-json\/wp\/v2\/comments?post=14744"}],"version-history":[{"count":1,"href":"https:\/\/www.ehu.eus\/cdsea\/web\/index.php\/wp-json\/wp\/v2\/pages\/14744\/revisions"}],"predecessor-version":[{"id":14746,"href":"https:\/\/www.ehu.eus\/cdsea\/web\/index.php\/wp-json\/wp\/v2\/pages\/14744\/revisions\/14746"}],"wp:attachment":[{"href":"https:\/\/www.ehu.eus\/cdsea\/web\/index.php\/wp-json\/wp\/v2\/media?parent=14744"}],"curies":[{"name":"wp","href":"https:\/\/api.w.org\/{rel}","templated":true}]}}