{"id":14790,"date":"2021-05-25T13:26:12","date_gmt":"2021-05-25T13:26:12","guid":{"rendered":"http:\/\/www.ehu.eus\/cdsea\/web\/?page_id=14790"},"modified":"2021-05-25T13:26:12","modified_gmt":"2021-05-25T13:26:12","slug":"ciudades-mas-verdes-para-poder-vivir","status":"publish","type":"page","link":"https:\/\/www.ehu.eus\/cdsea\/web\/index.php\/ciudades-mas-verdes-para-poder-vivir\/","title":{"rendered":"Ciudades m\u00e1s verdes para poder vivir"},"content":{"rendered":"<p>Ibone Ametzaga participar\u00e1 el 26 de mayo en la mesa redonda: <em>Ciudades m\u00e1s verdes para poder vivir<\/em>, dentro del programa \u00c1gora 2050, organizada por la <em>Fundaci\u00f3n Cristina Enea<\/em>, donde destacar\u00e1 la importancia de naturalizar las ciudades para contribuir a la conservaci\u00f3n de la biodiversidad y hacer posible que las personas utilicen y conozcan todos los beneficios que la naturaleza les proporciona.<\/p>\n<p><a href=\"https:\/\/www.cristinaenea.eus\/es\/agenda\/agora-k2050-bizitzeko-hiri-berdeagoak-vclvdm\">M\u00e1s informaci\u00f3n<\/a><\/p>\n","protected":false},"excerpt":{"rendered":"<p>Ibone Ametzaga participar\u00e1 el 26 de mayo en la mesa redonda: Ciudades m\u00e1s verdes para poder vivir, dentro del programa \u00c1gora 2050, organizada por la Fundaci\u00f3n Cristina Enea, donde destacar\u00e1 la importancia de naturalizar las ciudades para contribuir a la conservaci\u00f3n de la biodiversidad y hacer posible que las personas utilicen y conozcan todos los [&hellip;]<\/p>\n","protected":false},"author":4,"featured_media":0,"parent":0,"menu_order":0,"comment_status":"closed","ping_status":"closed","template":"","meta":{"footnotes":""},"class_list":["post-14790","page","type-page","status-publish","hentry"],"_links":{"self":[{"href":"https:\/\/www.ehu.eus\/cdsea\/web\/index.php\/wp-json\/wp\/v2\/pages\/14790"}],"collection":[{"href":"https:\/\/www.ehu.eus\/cdsea\/web\/index.php\/wp-json\/wp\/v2\/pages"}],"about":[{"href":"https:\/\/www.ehu.eus\/cdsea\/web\/index.php\/wp-json\/wp\/v2\/types\/page"}],"author":[{"embeddable":true,"href":"https:\/\/www.ehu.eus\/cdsea\/web\/index.php\/wp-json\/wp\/v2\/users\/4"}],"replies":[{"embeddable":true,"href":"https:\/\/www.ehu.eus\/cdsea\/web\/index.php\/wp-json\/wp\/v2\/comments?post=14790"}],"version-history":[{"count":1,"href":"https:\/\/www.ehu.eus\/cdsea\/web\/index.php\/wp-json\/wp\/v2\/pages\/14790\/revisions"}],"predecessor-version":[{"id":14792,"href":"https:\/\/www.ehu.eus\/cdsea\/web\/index.php\/wp-json\/wp\/v2\/pages\/14790\/revisions\/14792"}],"wp:attachment":[{"href":"https:\/\/www.ehu.eus\/cdsea\/web\/index.php\/wp-json\/wp\/v2\/media?parent=14790"}],"curies":[{"name":"wp","href":"https:\/\/api.w.org\/{rel}","templated":true}]}}