{"id":15011,"date":"2021-07-13T10:19:39","date_gmt":"2021-07-13T10:19:39","guid":{"rendered":"http:\/\/www.ehu.eus\/cdsea\/web\/?page_id=15011"},"modified":"2021-07-13T10:27:15","modified_gmt":"2021-07-13T10:27:15","slug":"renatur-jornada-tematica-interregional","status":"publish","type":"page","link":"https:\/\/www.ehu.eus\/cdsea\/web\/index.php\/renatur-jornada-tematica-interregional\/","title":{"rendered":"Renatur Jornada tem\u00e1tica Interregional"},"content":{"rendered":"<p>[vc_row][vc_column][vc_column_text]<strong>Renatur Jornada tem\u00e1tica Interregional: M\u00e9todos para mejorar la resiliencia de las zonas costeras y forestales periurbanas en el Pa\u00eds Vasco.<\/strong><\/p>\n<p><strong>Organiza<\/strong><strong>: <\/strong>C\u00e1tedra UNESCO sobre Desarrollo Sostenible y Educaci\u00f3n Ambiental UPV\/EHU &#8211; 13 y 14 de julio workshop online.<\/p>\n<p style=\"text-align: justify;\">RENATUR es un proyecto Europeo cuyo objetivo general de RENATUR es la identificaci\u00f3n, an\u00e1lisis, difusi\u00f3n y transferencia de buenas pr\u00e1cticas y experiencias pol\u00edticas relacionadas con la protecci\u00f3n del patrimonio natural de los Espacios Abiertos Periurbanos (PUOS) en instrumentos de pol\u00edtica regional. Dentro del proyecto <strong>RENATUR<\/strong> se realizan diferentes <strong>Jornadas Tem\u00e1ticas Interregionales<\/strong> mediante la participaci\u00f3n activa de los agentes relevantes de cada regi\u00f3n. Estas jornadas consisten en un <strong>Intercambio de Experiencias, mediante la revisi\u00f3n por pares de expertos de la problem\u00e1tica de la regi\u00f3n de estudio<\/strong>. Las regiones asociadas trabajan juntas intercambiando soluciones para la promoci\u00f3n y protecci\u00f3n del patrimonio natural de los espacios abiertos periurbanos (PUOS) en la pr\u00e1ctica de la planificaci\u00f3n.<\/p>\n<p style=\"text-align: justify;\">En el caso de este workshop online, organizado por la Universidad del Pa\u00eds Vasco (UPV\/EHU) los d\u00edas 13 y 14 de julio y titulado \u201cM\u00e9todos para mejorar la resiliencia de las zonas costeras y forestales periurbanas en el Pa\u00eds Vasco\u201d, participar\u00e1n, entre otros, expertos de, Sajonia anhalt en Alemania, Flandes en B\u00e9lgica, Hadj\u00fa-Bihar en Hungr\u00eda, Gorenjska en Eslovenia y Mazovia en Polonia y Pa\u00eds Vasco. Para ello se analizaran dos casos concretos en relaci\u00f3n a PUOS localizados en Bermeo y Berriatua y se trabajaran sus retos espec\u00edficos. De estas jornadas se podr\u00e1n sacar resultados para trabajar un Plan de Acci\u00f3n, con el \u00faltimo objetivo general debatir y mejorar la gobernanza del Fondo Europeo de Desarrollo Regional (FEDER) en la Comunidad Aut\u00f3noma Vasca (CAPV). Los objetivos finales son PROTEGER los ecosistemas y sus servicios, CONSERVAR la biodiversidad y REDUCIR su p\u00e9rdida, EVITAR la fragmentaci\u00f3n de los ecosistemas y MEJORAR su conexi\u00f3n, REDUCIR la impermeabilizaci\u00f3n del suelo y CONCIENCIAR sobre el concepto de infraestructuras verdes en la ordenaci\u00f3n territorial.<\/p>\n<p>Mas informaci\u00f3n: <a href=\"https:\/\/www.interregeurope.eu\/renatur\/events\/event\/4550\/interregional-online-workshop-for-basque-country\/\">https:\/\/www.interregeurope.eu\/renatur\/events\/event\/4550\/interregional-online-workshop-for-basque-country\/<\/a>[\/vc_column_text][us_single_image image=\u00bb8223&#8243; size=\u00bbmedium\u00bb align=\u00bbcenter\u00bb][us_single_image image=\u00bb11330&#8243; size=\u00bbmedium\u00bb align=\u00bbcenter\u00bb][\/vc_column][\/vc_row]<\/p>\n","protected":false},"excerpt":{"rendered":"<p>[vc_row][vc_column][vc_column_text]Renatur Jornada tem\u00e1tica Interregional: M\u00e9todos para mejorar la resiliencia de las zonas costeras y forestales periurbanas en el Pa\u00eds Vasco. Organiza: C\u00e1tedra UNESCO sobre Desarrollo Sostenible y Educaci\u00f3n Ambiental UPV\/EHU &#8211; 13 y 14 de julio workshop online. RENATUR es un proyecto Europeo cuyo objetivo general de RENATUR es la identificaci\u00f3n, an\u00e1lisis, difusi\u00f3n y transferencia [&hellip;]<\/p>\n","protected":false},"author":4,"featured_media":0,"parent":0,"menu_order":0,"comment_status":"closed","ping_status":"closed","template":"","meta":{"footnotes":""},"class_list":["post-15011","page","type-page","status-publish","hentry"],"_links":{"self":[{"href":"https:\/\/www.ehu.eus\/cdsea\/web\/index.php\/wp-json\/wp\/v2\/pages\/15011"}],"collection":[{"href":"https:\/\/www.ehu.eus\/cdsea\/web\/index.php\/wp-json\/wp\/v2\/pages"}],"about":[{"href":"https:\/\/www.ehu.eus\/cdsea\/web\/index.php\/wp-json\/wp\/v2\/types\/page"}],"author":[{"embeddable":true,"href":"https:\/\/www.ehu.eus\/cdsea\/web\/index.php\/wp-json\/wp\/v2\/users\/4"}],"replies":[{"embeddable":true,"href":"https:\/\/www.ehu.eus\/cdsea\/web\/index.php\/wp-json\/wp\/v2\/comments?post=15011"}],"version-history":[{"count":2,"href":"https:\/\/www.ehu.eus\/cdsea\/web\/index.php\/wp-json\/wp\/v2\/pages\/15011\/revisions"}],"predecessor-version":[{"id":15023,"href":"https:\/\/www.ehu.eus\/cdsea\/web\/index.php\/wp-json\/wp\/v2\/pages\/15011\/revisions\/15023"}],"wp:attachment":[{"href":"https:\/\/www.ehu.eus\/cdsea\/web\/index.php\/wp-json\/wp\/v2\/media?parent=15011"}],"curies":[{"name":"wp","href":"https:\/\/api.w.org\/{rel}","templated":true}]}}