{"id":15031,"date":"2021-07-29T10:36:50","date_gmt":"2021-07-29T10:36:50","guid":{"rendered":"http:\/\/www.ehu.eus\/cdsea\/web\/?page_id=15031"},"modified":"2021-07-29T10:36:50","modified_gmt":"2021-07-29T10:36:50","slug":"proyecto-life-via-de-la-plata-2","status":"publish","type":"page","link":"https:\/\/www.ehu.eus\/cdsea\/web\/index.php\/proyecto-life-via-de-la-plata-2\/","title":{"rendered":"Proyecto LIFE V\u00eda de la Plata"},"content":{"rendered":"<p><em><strong>Campusa<\/strong><\/em><strong> presenta el Proyecto LIFE V\u00eda de la Plata en el que participa la C\u00e1tedra UNESCO sobre Desarrollo Sostenible y Educaci\u00f3n Ambiental<\/strong><\/p>\n<p>La UPV\/EHU, en su revista <em>Campusa<\/em>, presenta el proyecto LIFE V\u00eda de la Plata, cofinanciado por el <a href=\"https:\/\/ec.europa.eu\/commission\/presscorner\/detail\/es\/ip_20_2052\">programa LIFE de la Uni\u00f3n Europea<\/a>, y del que la C\u00e1tedra UNESCO es socia colaboradora.<\/p>\n<p><a href=\"https:\/\/www.ehu.eus\/es\/-\/la-upv\/ehu-participa-en-un-proyecto-piloto-de-la-ue-contra-el-cambio-climatico\">Mas info<\/a><\/p>\n","protected":false},"excerpt":{"rendered":"<p>Campusa presenta el Proyecto LIFE V\u00eda de la Plata en el que participa la C\u00e1tedra UNESCO sobre Desarrollo Sostenible y Educaci\u00f3n Ambiental La UPV\/EHU, en su revista Campusa, presenta el proyecto LIFE V\u00eda de la Plata, cofinanciado por el programa LIFE de la Uni\u00f3n Europea, y del que la C\u00e1tedra UNESCO es socia colaboradora. Mas [&hellip;]<\/p>\n","protected":false},"author":4,"featured_media":0,"parent":0,"menu_order":0,"comment_status":"closed","ping_status":"closed","template":"","meta":{"footnotes":""},"class_list":["post-15031","page","type-page","status-publish","hentry"],"_links":{"self":[{"href":"https:\/\/www.ehu.eus\/cdsea\/web\/index.php\/wp-json\/wp\/v2\/pages\/15031"}],"collection":[{"href":"https:\/\/www.ehu.eus\/cdsea\/web\/index.php\/wp-json\/wp\/v2\/pages"}],"about":[{"href":"https:\/\/www.ehu.eus\/cdsea\/web\/index.php\/wp-json\/wp\/v2\/types\/page"}],"author":[{"embeddable":true,"href":"https:\/\/www.ehu.eus\/cdsea\/web\/index.php\/wp-json\/wp\/v2\/users\/4"}],"replies":[{"embeddable":true,"href":"https:\/\/www.ehu.eus\/cdsea\/web\/index.php\/wp-json\/wp\/v2\/comments?post=15031"}],"version-history":[{"count":1,"href":"https:\/\/www.ehu.eus\/cdsea\/web\/index.php\/wp-json\/wp\/v2\/pages\/15031\/revisions"}],"predecessor-version":[{"id":15033,"href":"https:\/\/www.ehu.eus\/cdsea\/web\/index.php\/wp-json\/wp\/v2\/pages\/15031\/revisions\/15033"}],"wp:attachment":[{"href":"https:\/\/www.ehu.eus\/cdsea\/web\/index.php\/wp-json\/wp\/v2\/media?parent=15031"}],"curies":[{"name":"wp","href":"https:\/\/api.w.org\/{rel}","templated":true}]}}