{"id":15278,"date":"2021-11-02T09:47:46","date_gmt":"2021-11-02T09:47:46","guid":{"rendered":"http:\/\/www.ehu.eus\/cdsea\/web\/?page_id=15278"},"modified":"2021-11-02T09:50:10","modified_gmt":"2021-11-02T09:50:10","slug":"people-and-planet","status":"publish","type":"page","link":"https:\/\/www.ehu.eus\/cdsea\/web\/index.php\/people-and-planet\/","title":{"rendered":"People and Planet"},"content":{"rendered":"<p><strong>Conferencia \u201cPeople and Planet &#8211; from The\u00adory to Solu\u00adtions. Science and practice for human and planetary health meet\u201d<\/strong><\/p>\n<p>Investigadoras de la C\u00e1tedra UNESCO participar\u00e1n en esta conferencia online organizada por la Universidad de Helsinki que tendr\u00e1 lugar del 8 al 10 de noviembre con la presentaci\u00f3n del poster \u201cGreen areas preference and benefit perception by the public in Leioa Campus, University of the Basque Country (UPV\/EHU).<\/p>\n<p>Esta conferencia reunir\u00e1 a investigadores, tomadores de decisiones y partes interesadas del medio ambiente, la salud y otros sectores. La conferencia se realiza desde Lahti, la Capital Verde Europea para 2021.<\/p>\n<p>La conferencia se centrar\u00e1 en c\u00f3mo la salud humana y la salud del planeta est\u00e1n estrechamente relacionadas y qu\u00e9 se puede hacer para proteger y mejorar ambas. Hay dudas de que se necesitan decisiones y acciones: el cambio clim\u00e1tico, la p\u00e9rdida de biodiversidad y, m\u00e1s recientemente, la pandemia de Covid-19 est\u00e1n cambiando profundamente el planeta y la forma en que las personas viven en \u00e9l.<\/p>\n<p>Las soluciones pragm\u00e1ticas para prevenir, o m\u00e1s a menudo mitigar, los efectos sobre la salud planetaria son esenciales. La producci\u00f3n sostenible de alimentos, la gesti\u00f3n del agua, la planificaci\u00f3n urbana, la comprensi\u00f3n de los beneficios para la salud de la naturaleza y los ciudadanos informados son fundamentales para hacer avanzar las agendas pertinentes.<\/p>\n<p>La conferencia es la continuaci\u00f3n de la Conferencia de Salud Planetaria de Helsinki en 2019 y continuar\u00e1 en el esp\u00edritu de la Declaraci\u00f3n de Helsinki al enfatizar la urgencia de la acci\u00f3n.<\/p>\n<p>M\u00e1s informaci\u00f3n: <a href=\"https:\/\/www2.helsinki.fi\/en\/conferences\/people-and-planet\">https:\/\/www2.helsinki.fi\/en\/conferences\/people-and-planet<\/a><\/p>\n","protected":false},"excerpt":{"rendered":"<p>Conferencia \u201cPeople and Planet &#8211; from The\u00adory to Solu\u00adtions. Science and practice for human and planetary health meet\u201d Investigadoras de la C\u00e1tedra UNESCO participar\u00e1n en esta conferencia online organizada por la Universidad de Helsinki que tendr\u00e1 lugar del 8 al 10 de noviembre con la presentaci\u00f3n del poster \u201cGreen areas preference and benefit perception by [&hellip;]<\/p>\n","protected":false},"author":4,"featured_media":0,"parent":0,"menu_order":0,"comment_status":"closed","ping_status":"closed","template":"","meta":{"footnotes":""},"class_list":["post-15278","page","type-page","status-publish","hentry"],"_links":{"self":[{"href":"https:\/\/www.ehu.eus\/cdsea\/web\/index.php\/wp-json\/wp\/v2\/pages\/15278"}],"collection":[{"href":"https:\/\/www.ehu.eus\/cdsea\/web\/index.php\/wp-json\/wp\/v2\/pages"}],"about":[{"href":"https:\/\/www.ehu.eus\/cdsea\/web\/index.php\/wp-json\/wp\/v2\/types\/page"}],"author":[{"embeddable":true,"href":"https:\/\/www.ehu.eus\/cdsea\/web\/index.php\/wp-json\/wp\/v2\/users\/4"}],"replies":[{"embeddable":true,"href":"https:\/\/www.ehu.eus\/cdsea\/web\/index.php\/wp-json\/wp\/v2\/comments?post=15278"}],"version-history":[{"count":3,"href":"https:\/\/www.ehu.eus\/cdsea\/web\/index.php\/wp-json\/wp\/v2\/pages\/15278\/revisions"}],"predecessor-version":[{"id":15286,"href":"https:\/\/www.ehu.eus\/cdsea\/web\/index.php\/wp-json\/wp\/v2\/pages\/15278\/revisions\/15286"}],"wp:attachment":[{"href":"https:\/\/www.ehu.eus\/cdsea\/web\/index.php\/wp-json\/wp\/v2\/media?parent=15278"}],"curies":[{"name":"wp","href":"https:\/\/api.w.org\/{rel}","templated":true}]}}