{"id":154,"date":"2016-11-15T15:00:28","date_gmt":"2016-11-15T15:00:28","guid":{"rendered":"http:\/\/www.ehu.eus\/cdsea\/cdseawp\/?page_id=154"},"modified":"2024-07-09T12:12:45","modified_gmt":"2024-07-09T12:12:45","slug":"cooperacion","status":"publish","type":"page","link":"https:\/\/www.ehu.eus\/cdsea\/web\/index.php\/cooperacion\/","title":{"rendered":"Cooperaci\u00f3n"},"content":{"rendered":"<p style=\"text-align: justify;\"><span style=\"font-size: 12pt;\"><img loading=\"lazy\" decoding=\"async\" class=\"wp-image-1209 size-medium aligncenter\" src=\"http:\/\/www.ehu.eus\/cdsea\/web\/wp-content\/uploads\/2016\/11\/Cooperacion-300x200.jpg\" alt=\"cooperacion\" width=\"300\" height=\"200\" srcset=\"https:\/\/www.ehu.eus\/cdsea\/web\/wp-content\/uploads\/2016\/11\/Cooperacion-300x200.jpg 300w, https:\/\/www.ehu.eus\/cdsea\/web\/wp-content\/uploads\/2016\/11\/Cooperacion-768x511.jpg 768w, https:\/\/www.ehu.eus\/cdsea\/web\/wp-content\/uploads\/2016\/11\/Cooperacion-600x400.jpg 600w, https:\/\/www.ehu.eus\/cdsea\/web\/wp-content\/uploads\/2016\/11\/Cooperacion.jpg 800w\" sizes=\"(max-width: 300px) 100vw, 300px\" \/><\/span><\/p>\n<p style=\"text-align: justify;\"><span style=\"font-size: 12pt;\">La C\u00e1tedra UNESCO sobre Desarrollo Sostenible y Educaci\u00f3n Ambiental ha comenzado su actividad en el campo de la <strong>cooperaci\u00f3n internacional con diferentes proyectos<\/strong>:<\/span><\/p>\n<p style=\"text-align: justify;\"><strong><em><img loading=\"lazy\" decoding=\"async\" src=\"http:\/\/www.ehu.eus\/cdsea\/web\/wp-content\/uploads\/2017\/03\/Proyectos.png\" alt=\"\" width=\"25\" height=\"25\" border=\"0\" \/><\/em><span style=\"font-size: 12pt;\"><a href=\"http:\/\/www.ehu.eus\/cdsea\/web\/index.php\/10795-2\/\">Proyecto \u00abODS y Educaci\u00f3n para la sostenibilidad en escuelas rurales de Uganda \u00ab<\/a><\/span><\/strong><\/p>\n<p style=\"text-align: justify;\"><span style=\"font-size: 12pt;\"><strong><em><img loading=\"lazy\" decoding=\"async\" src=\"http:\/\/www.ehu.eus\/cdsea\/web\/wp-content\/uploads\/2017\/03\/Proyectos.png\" alt=\"\" width=\"25\" height=\"25\" border=\"0\" \/><\/em>\u00a0<a href=\"http:\/\/www.ehu.eus\/cdsea\/web\/index.php\/cooperacion\/proyectos\/\" target=\"_self\" rel=\"noopener\">Proyecto \u00abCreaci\u00f3n, Desarrollo e Implementaci\u00f3n de una Red Internacional Interuniversitaria e Interinstitucional de Estudios sobre Biomimesis\u00bb(International Universitary Network on Biomimicry Studies).<\/a><\/strong><\/span><\/p>\n<p style=\"text-align: justify;\"><span style=\"font-size: 14pt;\"><strong><em><img loading=\"lazy\" decoding=\"async\" src=\"http:\/\/www.ehu.eus\/cdsea\/web\/wp-content\/uploads\/2017\/03\/Proyectos.png\" alt=\"\" width=\"25\" height=\"25\" border=\"0\" \/><\/em><span style=\"font-size: 12pt;\">\u00a0<a href=\"http:\/\/www.ehu.eus\/cdsea\/web\/index.php\/cooperacion\/proyectos\/\" target=\"_self\" rel=\"noopener\">Proyecto\u00a0 \u201cColaboraci\u00f3n interuniversitaria-sociedad para la puesta en valor de los ecosistemas de las Reservas\u00a0 de la Biosfera de Jaragua-Bahoruco-Enriquillo (Dominicana) y La Selle (Hait\u00ed) para la mejora\u00a0 de la calidad de vida de la poblaci\u00f3n local\u201d<\/a><\/span><\/strong><\/span><\/p>\n","protected":false},"excerpt":{"rendered":"<p>La C\u00e1tedra UNESCO sobre Desarrollo Sostenible y Educaci\u00f3n Ambiental ha comenzado su actividad en el campo de la cooperaci\u00f3n internacional con diferentes proyectos: Proyecto \u00abODS y Educaci\u00f3n para la sostenibilidad en escuelas rurales de Uganda \u00ab \u00a0Proyecto \u00abCreaci\u00f3n, Desarrollo e Implementaci\u00f3n de una Red Internacional Interuniversitaria e Interinstitucional de Estudios sobre Biomimesis\u00bb(International Universitary Network on [&hellip;]<\/p>\n","protected":false},"author":1,"featured_media":0,"parent":0,"menu_order":0,"comment_status":"closed","ping_status":"closed","template":"","meta":{"footnotes":""},"class_list":["post-154","page","type-page","status-publish","hentry"],"_links":{"self":[{"href":"https:\/\/www.ehu.eus\/cdsea\/web\/index.php\/wp-json\/wp\/v2\/pages\/154"}],"collection":[{"href":"https:\/\/www.ehu.eus\/cdsea\/web\/index.php\/wp-json\/wp\/v2\/pages"}],"about":[{"href":"https:\/\/www.ehu.eus\/cdsea\/web\/index.php\/wp-json\/wp\/v2\/types\/page"}],"author":[{"embeddable":true,"href":"https:\/\/www.ehu.eus\/cdsea\/web\/index.php\/wp-json\/wp\/v2\/users\/1"}],"replies":[{"embeddable":true,"href":"https:\/\/www.ehu.eus\/cdsea\/web\/index.php\/wp-json\/wp\/v2\/comments?post=154"}],"version-history":[{"count":11,"href":"https:\/\/www.ehu.eus\/cdsea\/web\/index.php\/wp-json\/wp\/v2\/pages\/154\/revisions"}],"predecessor-version":[{"id":18084,"href":"https:\/\/www.ehu.eus\/cdsea\/web\/index.php\/wp-json\/wp\/v2\/pages\/154\/revisions\/18084"}],"wp:attachment":[{"href":"https:\/\/www.ehu.eus\/cdsea\/web\/index.php\/wp-json\/wp\/v2\/media?parent=154"}],"curies":[{"name":"wp","href":"https:\/\/api.w.org\/{rel}","templated":true}]}}