{"id":156,"date":"2016-11-15T15:00:51","date_gmt":"2016-11-15T15:00:51","guid":{"rendered":"http:\/\/www.ehu.eus\/cdsea\/cdseawp\/?page_id=156"},"modified":"2024-07-09T12:13:19","modified_gmt":"2024-07-09T12:13:19","slug":"proyectos","status":"publish","type":"page","link":"https:\/\/www.ehu.eus\/cdsea\/web\/index.php\/cooperacion\/proyectos\/","title":{"rendered":"Proyectos"},"content":{"rendered":"<p style=\"text-align: justify;\"><strong><em><img loading=\"lazy\" decoding=\"async\" src=\"http:\/\/www.ehu.eus\/cdsea\/web\/wp-content\/uploads\/2017\/03\/Proyectos.png\" alt=\"\" width=\"25\" height=\"25\" border=\"0\" \/><\/em><span style=\"font-size: 12pt;\">Proyecto \u00abODS y Educaci\u00f3n para la sostenibilidad en escuelas rurales de Uganda \u00ab<\/span><em><br \/>\n<\/em><\/strong><\/p>\n<p style=\"text-align: justify;\"><span style=\"font-size: 12pt;\">La C\u00e1tedra UNESCO colabora con el Proyecto de Escuelas Agrosostenibles en Uganda \u2013 <a href=\"http:\/\/www.saluganda.org\/\">SALUGANDA<\/a> \u2013 con el objetivo de impartir sesiones sobre los Objetivos de Desarrollo Sostenible (ODS) en escuelas rurales de Uganda. Especificamente esta colaboraci\u00f3n ha contribuido a los ODS 3,4,5, garantizando la asistencia de las ni\u00f1as a la escuela en el distrito de Buikwe y Mukono, a trav\u00e9s de talleres sobre ODS y sostenibilidad, educaci\u00f3n en higiene y salud menstrual. La falta de informaci\u00f3n y acceso de higiene femenina es una de las razones por las que se genera abandono escolar en ni\u00f1as.<\/span><\/p>\n<p style=\"text-align: justify;\"><strong><em><img loading=\"lazy\" decoding=\"async\" src=\"http:\/\/www.ehu.eus\/cdsea\/web\/wp-content\/uploads\/2017\/03\/Proyectos.png\" alt=\"\" width=\"25\" height=\"25\" border=\"0\" \/>\u00a0<\/em>Proyecto \u00abCreaci\u00f3n, Desarrollo e Implementaci\u00f3n de una Red Internacional Interuniversitaria e Interinstitucional de Estudios sobre Biomimesis\u00bb(International Universitary Network on Biomimicry Studies.<\/strong><\/p>\n<p style=\"text-align: justify;\">Con este proyecto financiado por las <em>Ayudas y Subvenciones para proyectos de Cooperaci\u00f3n Universitaria para el Desarrollo del Vicerrectorado de Estudiantes, Empleo y Responsabilidad Social de la UPV\/EHU (2015) <\/em>se pretende crear, desarrollar y promover una Red Internacional, Interuniversitaria e Interinstitucional de Estudios sobre Biom\u00edmesis (RI3BIOMIMICRY) en la ciudad de Leticia, situada en la triple frontera entre Brasil, Colombia y Per\u00fa. El prop\u00f3sito es generar l\u00edneas de investigaci\u00f3n sobre Biom\u00edmesis para incrementar las capacidades y oportunidades del Desarrollo Humano Sostenible en la regi\u00f3n Amaz\u00f3nica. Asimismo, generar las condiciones iniciales para el desarrollo de una sociedad del conocimiento con el impulso de l\u00edneas de innovaci\u00f3n sostenibles en la Amazon\u00eda continental sudamericana. En su primera fase, la contraparte ejecutora de este proyecto ser\u00e1 la Universidad Nacional Abierta y A Distancia (UNAD) (Colombia) por medio de Escuela de Ciencias Agrarias, Pecuarias y Medioambientales (ECAPMA). Al mismo tiempo, la red RI3BIOMIMICRY estar\u00e1 directamente ligada a la Asociaci\u00f3n de Universidades Amaz\u00f3nicas (UNAMAZ) -la cual alberga a 69 universidades americanas- y al \u00c1rea de Ciencia, Tecnolog\u00eda y Educaci\u00f3n de la Organizaci\u00f3n del Tratado de Cooperaci\u00f3n Amaz\u00f3nica (OTCA). Mediante la citada red (RI3BIOMIMICRY) la UVP\/EHU tendr\u00e1 la oportunidad de generar sinergias en esta materia del conocimiento con otras universidades, institutos de investigaci\u00f3n e instituciones de pa\u00edses amaz\u00f3nicos y latinoamericanos.<\/p>\n<p style=\"text-align: justify;\">\u00a0<strong><em><img loading=\"lazy\" decoding=\"async\" src=\"http:\/\/www.ehu.eus\/cdsea\/web\/wp-content\/uploads\/2017\/03\/Proyectos.png\" alt=\"\" width=\"25\" height=\"25\" border=\"0\" \/>\u00a0<\/em><\/strong><strong>Proyecto\u00a0 \u201cColaboraci\u00f3n interuniversitaria- sociedad para la puesta en valor de los ecosistemas de las Reservas\u00a0 de la Biosfera de Jaragua-Bahoruco-Enriquillo (Dominicana) y La Selle (Hait\u00ed) para la mejora\u00a0 de la calidad de vida de la poblaci\u00f3n local\u201d<\/strong><\/p>\n<p style=\"text-align: justify;\">Con este proyecto financiado por las <em>A<\/em><em>yudas y Subvenciones para proyectos de Cooperaci\u00f3n Universitaria para el Desarrollo del Vicerrectorado de Estudiantes, Empleo y Responsabilidad Social de la UPV\/EHU (2014) <\/em>se inicia una colaboraci\u00f3n entre la Universidad del Pa\u00eds Vasco\/Euskal Herriko Unibertsitatea (UPV\/EHU), la Universidad de Quisqueya (Hait\u00ed) y el Centro de Estudios para Ciudades y Pueblos Sostenibles (Dominicana) con el fin de formar a la comunidad universitaria, y\u00a0 potenciar la creaci\u00f3n de un grupo de investigaci\u00f3n sobre los servicios de los ecosistemas, para posteriormente aplicar los\u00a0 resultados a la mejora de la calidad de vida de la poblaci\u00f3n de las Reservas de la Biosfera de Jaragua (Rep\u00fablica Dominicana) y La Selle (Hait\u00ed).<\/p>\n","protected":false},"excerpt":{"rendered":"<p>Proyecto \u00abODS y Educaci\u00f3n para la sostenibilidad en escuelas rurales de Uganda \u00ab La C\u00e1tedra UNESCO colabora con el Proyecto de Escuelas Agrosostenibles en Uganda \u2013 SALUGANDA \u2013 con el objetivo de impartir sesiones sobre los Objetivos de Desarrollo Sostenible (ODS) en escuelas rurales de Uganda. Especificamente esta colaboraci\u00f3n ha contribuido a los ODS 3,4,5, [&hellip;]<\/p>\n","protected":false},"author":1,"featured_media":0,"parent":154,"menu_order":1,"comment_status":"closed","ping_status":"closed","template":"","meta":{"footnotes":""},"class_list":["post-156","page","type-page","status-publish","hentry"],"_links":{"self":[{"href":"https:\/\/www.ehu.eus\/cdsea\/web\/index.php\/wp-json\/wp\/v2\/pages\/156"}],"collection":[{"href":"https:\/\/www.ehu.eus\/cdsea\/web\/index.php\/wp-json\/wp\/v2\/pages"}],"about":[{"href":"https:\/\/www.ehu.eus\/cdsea\/web\/index.php\/wp-json\/wp\/v2\/types\/page"}],"author":[{"embeddable":true,"href":"https:\/\/www.ehu.eus\/cdsea\/web\/index.php\/wp-json\/wp\/v2\/users\/1"}],"replies":[{"embeddable":true,"href":"https:\/\/www.ehu.eus\/cdsea\/web\/index.php\/wp-json\/wp\/v2\/comments?post=156"}],"version-history":[{"count":4,"href":"https:\/\/www.ehu.eus\/cdsea\/web\/index.php\/wp-json\/wp\/v2\/pages\/156\/revisions"}],"predecessor-version":[{"id":18085,"href":"https:\/\/www.ehu.eus\/cdsea\/web\/index.php\/wp-json\/wp\/v2\/pages\/156\/revisions\/18085"}],"up":[{"embeddable":true,"href":"https:\/\/www.ehu.eus\/cdsea\/web\/index.php\/wp-json\/wp\/v2\/pages\/154"}],"wp:attachment":[{"href":"https:\/\/www.ehu.eus\/cdsea\/web\/index.php\/wp-json\/wp\/v2\/media?parent=156"}],"curies":[{"name":"wp","href":"https:\/\/api.w.org\/{rel}","templated":true}]}}