{"id":15662,"date":"2022-02-02T13:14:26","date_gmt":"2022-02-02T13:14:26","guid":{"rendered":"http:\/\/www.ehu.eus\/cdsea\/web\/?page_id=15662"},"modified":"2024-08-14T12:17:41","modified_gmt":"2024-08-14T10:17:41","slug":"actividades-2021","status":"publish","type":"page","link":"https:\/\/www.ehu.eus\/cdsea\/web\/index.php\/actividades-2021\/","title":{"rendered":"Actividades 2021"},"content":{"rendered":"\n<div class=\"wp-block-columns alignwide is-layout-flex wp-container-core-columns-is-layout-1 wp-block-columns-is-layout-flex\">\n<div class=\"wp-block-column is-layout-flow wp-block-column-is-layout-flow\" style=\"flex-basis:33.33%\"><nav class=\"has-background has-base-background-color is-responsive items-justified-center wp-block-navigation is-content-justification-center is-layout-flex wp-container-core-navigation-is-layout-1 wp-block-navigation-is-layout-flex\" aria-label=\"Men\u00fa Agenda Actividades\" \n\t\t data-wp-interactive=\"core\/navigation\" data-wp-context='{\"overlayOpenedBy\":{\"click\":false,\"hover\":false,\"focus\":false},\"type\":\"overlay\",\"roleAttribute\":\"\",\"ariaLabel\":\"Men\\u00fa\"}'><button aria-haspopup=\"dialog\" aria-label=\"Abrir el men\u00fa\" class=\"wp-block-navigation__responsive-container-open \" \n\t\t\t\tdata-wp-on-async--click=\"actions.openMenuOnClick\"\n\t\t\t\tdata-wp-on--keydown=\"actions.handleMenuKeydown\"\n\t\t\t><svg width=\"24\" height=\"24\" xmlns=\"http:\/\/www.w3.org\/2000\/svg\" viewBox=\"0 0 24 24\" aria-hidden=\"true\" focusable=\"false\"><rect x=\"4\" y=\"7.5\" width=\"16\" height=\"1.5\" \/><rect x=\"4\" y=\"15\" width=\"16\" height=\"1.5\" \/><\/svg><\/button>\n\t\t\t\t<div class=\"wp-block-navigation__responsive-container  has-background has-base-background-color\"  id=\"modal-1\" \n\t\t\t\tdata-wp-class--has-modal-open=\"state.isMenuOpen\"\n\t\t\t\tdata-wp-class--is-menu-open=\"state.isMenuOpen\"\n\t\t\t\tdata-wp-watch=\"callbacks.initMenu\"\n\t\t\t\tdata-wp-on--keydown=\"actions.handleMenuKeydown\"\n\t\t\t\tdata-wp-on-async--focusout=\"actions.handleMenuFocusout\"\n\t\t\t\ttabindex=\"-1\"\n\t\t\t>\n\t\t\t\t\t<div class=\"wp-block-navigation__responsive-close\" tabindex=\"-1\">\n\t\t\t\t\t\t<div class=\"wp-block-navigation__responsive-dialog\" \n\t\t\t\tdata-wp-bind--aria-modal=\"state.ariaModal\"\n\t\t\t\tdata-wp-bind--aria-label=\"state.ariaLabel\"\n\t\t\t\tdata-wp-bind--role=\"state.roleAttribute\"\n\t\t\t>\n\t\t\t\t\t\t\t<button aria-label=\"Cerrar el men\u00fa\" class=\"wp-block-navigation__responsive-container-close\" \n\t\t\t\tdata-wp-on-async--click=\"actions.closeMenuOnClick\"\n\t\t\t><svg xmlns=\"http:\/\/www.w3.org\/2000\/svg\" viewBox=\"0 0 24 24\" width=\"24\" height=\"24\" aria-hidden=\"true\" focusable=\"false\"><path d=\"M13 11.8l6.1-6.3-1-1-6.1 6.2-6.1-6.2-1 1 6.1 6.3-6.5 6.7 1 1 6.5-6.6 6.5 6.6 1-1z\"><\/path><\/svg><\/button>\n\t\t\t\t\t\t\t<div class=\"wp-block-navigation__responsive-container-content\" \n\t\t\t\tdata-wp-watch=\"callbacks.focusFirstElement\"\n\t\t\t id=\"modal-1-content\">\n\t\t\t\t\t\t\t\t<ul class=\"wp-block-navigation__container has-background has-base-background-color is-responsive items-justified-center wp-block-navigation\"><li data-wp-context=\"{ &quot;submenuOpenedBy&quot;: { &quot;click&quot;: false, &quot;hover&quot;: false, &quot;focus&quot;: false }, &quot;type&quot;: &quot;submenu&quot; }\" data-wp-interactive=\"core\/navigation\" data-wp-on--focusout=\"actions.handleMenuFocusout\" data-wp-on--keydown=\"actions.handleMenuKeydown\" data-wp-on-async--mouseenter=\"actions.openMenuOnHover\" data-wp-on-async--mouseleave=\"actions.closeMenuOnHover\" data-wp-watch=\"callbacks.initMenu\" tabindex=\"-1\" class=\" wp-block-navigation-item has-child open-on-hover-click wp-block-navigation-submenu\"><a class=\"wp-block-navigation-item__content\" href=\"https:\/\/www.ehu.eus\/cdsea\/web\/index.php\/agenda-de-actividades-2018\/\">Agenda de actividades<\/a><button data-wp-bind--aria-expanded=\"state.isMenuOpen\" data-wp-on-async--click=\"actions.toggleMenuOnClick\" aria-label=\"Submen\u00fa de Agenda de actividades\" class=\"wp-block-navigation__submenu-icon wp-block-navigation-submenu__toggle\" ><svg xmlns=\"http:\/\/www.w3.org\/2000\/svg\" width=\"12\" height=\"12\" viewBox=\"0 0 12 12\" fill=\"none\" aria-hidden=\"true\" focusable=\"false\"><path d=\"M1.50002 4L6.00002 8L10.5 4\" stroke-width=\"1.5\"><\/path><\/svg><\/button><ul data-wp-on-async--focus=\"actions.openMenuOnFocus\" class=\"wp-block-navigation__submenu-container has-background has-base-background-color wp-block-navigation-submenu\"><li class=\" wp-block-navigation-item wp-block-navigation-link\"><a class=\"wp-block-navigation-item__content\"  href=\"https:\/\/www.ehu.eus\/cdsea\/web\/index.php\/actividades-2021-2-2\/\"><span class=\"wp-block-navigation-item__label\">Actividades 2023<\/span><\/a><\/li><li class=\" wp-block-navigation-item wp-block-navigation-link\"><a class=\"wp-block-navigation-item__content\"  href=\"https:\/\/www.ehu.eus\/cdsea\/web\/index.php\/actividades-2021-2\/\"><span class=\"wp-block-navigation-item__label\">Actividades 2022<\/span><\/a><\/li><li class=\" wp-block-navigation-item wp-block-navigation-link\"><a class=\"wp-block-navigation-item__content\"  href=\"https:\/\/www.ehu.eus\/cdsea\/web\/index.php\/actividades-2021\/\"><span class=\"wp-block-navigation-item__label\">Actividades 2021<\/span><\/a><\/li><li class=\" wp-block-navigation-item wp-block-navigation-link\"><a class=\"wp-block-navigation-item__content\"  href=\"https:\/\/www.ehu.eus\/cdsea\/web\/index.php\/actividades-2020\/\"><span class=\"wp-block-navigation-item__label\">Actividades 2020<\/span><\/a><\/li><li class=\" wp-block-navigation-item wp-block-navigation-link\"><a class=\"wp-block-navigation-item__content\"  href=\"https:\/\/www.ehu.eus\/cdsea\/web\/index.php\/agenda-de-actividades-2019\/\"><span class=\"wp-block-navigation-item__label\">Actividades 2019<\/span><\/a><\/li><li class=\" wp-block-navigation-item wp-block-navigation-link\"><a class=\"wp-block-navigation-item__content\"  href=\"https:\/\/www.ehu.eus\/cdsea\/web\/index.php\/agenda-de-actividades-2018-2\/\"><span class=\"wp-block-navigation-item__label\">Actividades 2018<\/span><\/a><\/li><li class=\" wp-block-navigation-item wp-block-navigation-link\"><a class=\"wp-block-navigation-item__content\"  href=\"https:\/\/www.ehu.eus\/cdsea\/web\/index.php\/agenda-de-actividades-2017-2\/\"><span class=\"wp-block-navigation-item__label\">Actividades 2017<\/span><\/a><\/li><li class=\" wp-block-navigation-item wp-block-navigation-link\"><a class=\"wp-block-navigation-item__content\"  href=\"https:\/\/www.ehu.eus\/cdsea\/web\/index.php\/actividades-2016\/\"><span class=\"wp-block-navigation-item__label\">Actividades 2016<\/span><\/a><\/li><\/ul><\/li><\/ul>\n\t\t\t\t\t\t\t<\/div>\n\t\t\t\t\t\t<\/div>\n\t\t\t\t\t<\/div>\n\t\t\t\t<\/div><\/nav><\/div>\n\n\n\n<div class=\"wp-block-column is-layout-flow wp-block-column-is-layout-flow\" style=\"flex-basis:66.66%\">\n<figure class=\"wp-block-table\"><table class=\"has-gradient-3-gradient-background has-background\"><tbody><tr><td><strong>ACTIVIDADES DE LA C\u00c1TEDRA<\/strong><\/td><\/tr><\/tbody><\/table><\/figure>\n\n\n\n<ul class=\"wp-block-list\">\n<li><strong>27\/10\/21: <\/strong><a href=\"https:\/\/mailchi.mp\/ca808459e6ac\/berriak-noticias-news-ecosistemas-euskadi-11213474\">Bolet\u00edn 2 Octubre Servicios de los Ecosistemas\u00a0<\/a><\/li>\n\n\n\n<li><strong>25\/10\/21:\u00a0<\/strong><a href=\"http:\/\/www.ehu.eus\/cdsea\/web\/index.php\/renatur-jornadas-regionales\/\">4\u00aa Jornada RENATUR INTERREG-Europe<\/a><\/li>\n\n\n\n<li><strong>18\/10\/21: <\/strong><strong><a href=\"http:\/\/www.ehu.eus\/cdsea\/web\/index.php\/master_propio\/\">Inicio M\u00e1ster de Medio Ambiente, Sostenibilidad y ODS.<\/a><\/strong><\/li>\n\n\n\n<li><strong>06\/10\/21: <\/strong><a href=\"http:\/\/www.ehu.eus\/cdsea\/web\/index.php\/servicios-de-los-ecosistemas-e-infraestructura-verde\/\">Curso Online de Servicios de los Ecosistemas e Infraestructura Verde.\u00a0<\/a><\/li>\n\n\n\n<li><strong>19\/07\/21: <\/strong><a href=\"http:\/\/www.ehu.eus\/cdsea\/web\/index.php\/cursos-de-verano-upv-ehu-2\/\">Cursos de Verano UPV\/EHU.<\/a> \u201c<a href=\"http:\/\/www.ehu.eus\/cdsea\/web\/index.php\/cursos-de-verano-upv-ehu-2\/\">Territorio<\/a> <a href=\"http:\/\/www.ehu.eus\/cdsea\/web\/index.php\/cursos-de-verano-upv-ehu-2\/\">Habitable. Expresiones locales y estrategias territoriales\u201d<\/a><\/li>\n\n\n\n<li><strong>24\/05\/21: <\/strong><a href=\"https:\/\/mailchi.mp\/383d28a67646\/berriak-noticias-news-ecosistemas-euskadi-2021\">Bolet\u00edn 1 Mayo Servicios de los Ecosistemas\u00a0<\/a><\/li>\n\n\n\n<li><strong>20\/05\/21:<\/strong> <a href=\"http:\/\/www.ehu.eus\/cdsea\/web\/index.php\/publicaciones\/publicaciones-cientificas\/\">Nuevo art\u00edculo cient\u00edfico publicado en la revista Environmental Sciences Proceedings \u201cPromoting the Co-Creation of Knowledge under Physical Distancing Conditions through the Participation of Youth in the Bunaken-Tangkoko-Minahasa Biosphere Reserve (North Sulawesi, Indonesia)\u201d<\/a><\/li>\n\n\n\n<li><strong>16\/03\/21:<\/strong> <a href=\"http:\/\/www.ehu.eus\/cdsea\/web\/index.php\/a-new-indicator-of-the-effectiveness-of-urban-green-infrastructure-based-on-ecosystem-services-assessment\/\">Nuevo art\u00edculo cient\u00edfico publicado en Basic and Applied Ecology \u201cA new indicator of the effectiveness of urban green infrastructure based on ecosystem services assessment\u201d.<\/a><\/li>\n\n\n\n<li><strong>15\/02\/21: <\/strong><a href=\"http:\/\/www.ehu.eus\/cdsea\/web\/index.php\/articulo-cientifico-publicado-por-investigadoras-del-proyecto-evaluacion-de-los-servicios-de-los-ecosistemas-de-euskadi\/\">\u00a0Art\u00edculo cient\u00edfico publicado por investigadoras del proyecto \u201cEvaluaci\u00f3n de los Servicios de los Ecosistemas de Euskadi\u201d.<\/a><\/li>\n\n\n\n<li><strong>08\/02\/21: <\/strong><a href=\"http:\/\/www.ehu.eus\/cdsea\/web\/index.php\/dando-a-conocer-el-proyecto-evaluacion-de-los-servicios-de-los-ecosistemas-en-euskadi-dentro-del-master-en-gestion-del-paisaje-patrimonio-territorio-y-ciudad\/\">Presentaci\u00f3n proyecto \u201cEvaluaci\u00f3n de los Servicios de los Ecosistemas en Euskadi\u201d<\/a><\/li>\n<\/ul>\n\n\n\n<figure class=\"wp-block-table\"><table class=\"has-gradient-3-gradient-background has-background\"><tbody><tr><td><strong>ACTIVIDADES EN LAS QUE PARTICIPA LA C\u00c1TEDRA<\/strong><\/td><\/tr><\/tbody><\/table><\/figure>\n\n\n\n<ul class=\"wp-block-list\">\n<li><strong>31\/12\/21: <\/strong><a href=\"http:\/\/www.ehu.eus\/cdsea\/web\/index.php\/visita-a-la-infraestructura-verde-de-salamanca\/\">Visita a la Infraestructura Verde de Salamanca<\/a><\/li>\n\n\n\n<li><strong>13\/12\/21:\u00a0<\/strong><a href=\"http:\/\/www.ehu.eus\/cdsea\/web\/index.php\/curso-internacional-de-introduccion-a-la-biomimesis-a-nivel-iberoamericano\/\">Curso Internacional de \u201cIntroducci\u00f3n a la Biomimesis a nivel iberoamericano\u201d<\/a><\/li>\n\n\n\n<li><strong>18\/11\/21: <\/strong><a href=\"http:\/\/www.ehu.eus\/cdsea\/web\/index.php\/presentacion-del-life-via-de-la-plata-en-el-v-congreso-iberico-de-ecologia-del-paisaje\/\">Presentaci\u00f3n del <em>LIFE V\u00eda de la Plata<\/em> en el <strong>V Congreso Ib\u00e9rico de Ecolog\u00eda\u00a0del paisaje.<\/strong><\/a><\/li>\n\n\n\n<li><strong>04\/11\/21: <\/strong><a href=\"https:\/\/www.euskadi.eus\/evento\/foro-social-de-la-biodiversidad-de-euskadi-2021\/web01-a2ingdib\/es\/\">Foro Social de la Biodiversidad de Euskadi 2021<\/a><\/li>\n\n\n\n<li><strong>02\/11\/21: <\/strong><a href=\"http:\/\/www.ehu.eus\/cdsea\/web\/index.php\/people-and-planet\/\">Conferencia \u201cPeople and Planet \u2013 from The\u00adory to Solu\u00adtions. Science and practice for human and planetary health meet\u201d<\/a><\/li>\n\n\n\n<li><strong>21\/10\/21: <\/strong><a href=\"https:\/\/us02web.zoom.us\/meeting\/register\/tZItfuiurj8qGNUGSm4CfJ6xhed5ya1DF28N\">Asamblea General REDS.<\/a><\/li>\n\n\n\n<li><strong>15\/10\/21: <\/strong><a href=\"http:\/\/www.ehu.eus\/cdsea\/web\/index.php\/xv-congreso-nacional-de-la-aeet-2021\/\">XV CONGRESO NACIONAL DE LA AEET 2021<\/a><\/li>\n\n\n\n<li><strong>15\/10\/21: <\/strong><a href=\"http:\/\/www.ehu.eus\/cdsea\/web\/index.php\/nature-health-virtual-conference-generating-understanding-across-communities-and-disciplines\/\">NATURE &amp; HEALTH VIRTUAL CONFERENCE \u201cGENERATING UNDERSTANDING ACROSS COMMUNITIES AND DISCIPLINES\u201d<\/a><\/li>\n\n\n\n<li><strong>05\/10\/21: <\/strong><a href=\"http:\/\/www.ehu.eus\/cdsea\/web\/index.php\/iv-congreso-de-estudiantes-de-la-upv-ehu\/\">IV Congreso de Estudiantes de la UPV\/EHU<\/a><\/li>\n\n\n\n<li><strong>27\/09\/21: <\/strong><a href=\"http:\/\/www.ehu.eus\/cdsea\/web\/index.php\/curso-de-formacion-online-para-la-ciudadania-sobre-el-proyecto-life-via-de-la-plata\/\">Curso de formaci\u00f3n online para la ciudadan\u00eda sobre el proyecto LIFE V\u00cdA de la PLATA.<\/a><\/li>\n\n\n\n<li><strong>24\/09\/21: <\/strong><a href=\"https:\/\/www.ikertzaileengaua-ehu.org\/programacion\/noche-europea-de-los-investigadores-e-investigadoras\/feria-de-la-noche-europea-de-los-investigadores-e-investigadoras\/\">Feria de la Noche Europea de los Investigadores e Investigadoras: <\/a><em>Naturaleza base del bienestar: servicios de los ecosistemas de Euskadi.\u00a0<\/em><\/li>\n\n\n\n<li><strong>13\/09\/21: <\/strong><a href=\"http:\/\/www.ehu.eus\/cdsea\/web\/index.php\/congreso-europeo-de-restauracion-ecologica\/\">SERE-2021: European Conference on Ecological Restoration.<\/a><\/li>\n\n\n\n<li><strong>14\/07\/21: <\/strong><a href=\"http:\/\/www.ehu.eus\/cdsea\/web\/index.php\/proyecto-life-via-de-la-plata-2\/\">Campusa presenta el Proyecto LIFE V\u00eda de la Plata en el que participa la C\u00e1tedra UNESCO sobre Desarrollo Sostenible y Educaci\u00f3n Ambiental<\/a><\/li>\n\n\n\n<li><strong>13\/07\/21: <\/strong><a href=\"http:\/\/www.ehu.eus\/cdsea\/web\/index.php\/renatur-jornada-tematica-interregional\/\">Renatur Jornada tem\u00e1tica Interregional: M\u00e9todos para mejorar la resiliencia de las zonas costeras y forestales periurbanas en el Pa\u00eds Vasco.<\/a><\/li>\n\n\n\n<li><strong>08\/07\/21: <\/strong><a href=\"http:\/\/www.ehu.eus\/cdsea\/web\/index.php\/curso-de-verano-biomimesis\/\">Curso de verano:<em> Biomimesis: una propuesta multidisciplinar para afrontar los retos de sostenibilidad post-COVID<\/em><\/a><\/li>\n\n\n\n<li><strong>23\/06\/21:<\/strong> <a href=\"http:\/\/www.ehu.eus\/cdsea\/web\/index.php\/decreto-de-impulso-a-la-educacion-para-la-sostenibilidad\/\">Jornada de presentaci\u00f3n del Decreto de impulso a la Educaci\u00f3n para la Sostenibilidad<\/a><\/li>\n\n\n\n<li><strong>22\/06\/21:<\/strong> <a href=\"http:\/\/www.ehu.eus\/cdsea\/web\/index.php\/bbk-kuna-2030-kideak\/\">Presentaci\u00f3n de BBK KUNA 2030 KIDEAK<\/a><\/li>\n\n\n\n<li><strong>10\/06\/21:<\/strong> <a href=\"http:\/\/www.ehu.eus\/cdsea\/web\/index.php\/esp-europe-regional-conference-2021\/\">ESP Europe Regional Conference 2021<\/a><\/li>\n\n\n\n<li><strong>09\/06\/21:<\/strong> <a href=\"http:\/\/www.ehu.eus\/cdsea\/web\/index.php\/el-proyecto-life-via-de-la-plata-se-presentacion-congreso-nacional-de-medio-ambiente\/\">El proyecto LIFE V\u00eda de la Plata se presenta en el Congreso Nacional de Medio Ambiente como un ejemplo para avanzar hacia ciudades m\u00e1s sostenibles<\/a><\/li>\n\n\n\n<li><strong>09\/06\/21:<\/strong> <a href=\"http:\/\/www.ehu.eus\/cdsea\/web\/index.php\/jornada-campus-bizia-lab\/\">Jornada Campus Bizia Lab<\/a><\/li>\n\n\n\n<li><strong>05\/06\/21:<\/strong> <a href=\"http:\/\/www.ehu.eus\/cdsea\/web\/index.php\/los-ecosistemas-de-euskadi-en-el-punto-de-mira\/\">Los ecosistemas de Euskadi, en el punto de mira<\/a><\/li>\n\n\n\n<li><strong>02\/06\/21: <\/strong><em><u><a href=\"http:\/\/www.ehu.eus\/cdsea\/web\/index.php\/miden-los-desajustes-entre-la-oferta-y-la-demanda-de-los-servicios-de-los-ecosistemas-en-bilbao\/\">Campusa publica un estudio realizado por investigadoras de la C\u00e1tedra UNESCO<\/a><\/u><\/em><\/li>\n\n\n\n<li><strong>31\/05\/21:<\/strong> <a href=\"http:\/\/www.ehu.eus\/cdsea\/web\/index.php\/reunion-del-grupo-de-trabajo-eme-ecosistemas-del-milenio-de-espana-con-el-esp-ecosystem-service-partnership-education-training-team\/\">Reuni\u00f3n del Grupo de trabajo EME con el ESP<\/a><\/li>\n\n\n\n<li><strong>25\/05\/21: <\/strong><a href=\"http:\/\/www.ehu.eus\/cdsea\/web\/index.php\/ciudades-mas-verdes-para-poder-vivir\/\">Ciudades m\u00e1s verdes para poder vivir<\/a><\/li>\n\n\n\n<li><strong>19\/05\/21: <\/strong><a href=\"http:\/\/www.ehu.eus\/cdsea\/web\/index.php\/curso-sobre-infraestructuras-verdes-azules-en-la-ordenacion-territorial\/\">Curso sobre Infraestructuras Verdes-Azules en la Ordenaci\u00f3n Territorial<\/a><\/li>\n\n\n\n<li><strong>27\/04\/21: <\/strong><a href=\"http:\/\/www.ehu.eus\/cdsea\/web\/index.php\/participacion-jornada-renatur-interreg-hajdu-bihar-hungaria\/\">Participaci\u00f3n jornada Renatur Interreg Hajd\u00fa-Bihar (Hungaria)<\/a><\/li>\n\n\n\n<li><strong>15\/04\/21: <\/strong><a href=\"http:\/\/www.ehu.eus\/cdsea\/web\/index.php\/proyecto-atelier\/\">Taller de diagn\u00f3stico integral y participado para la Transici\u00f3n Energ\u00e9tica de la ciudad de Bilbao. Proyecto ATELIER.<\/a><\/li>\n\n\n\n<li><strong>15\/04\/21: <\/strong><a href=\"http:\/\/www.ehu.eus\/cdsea\/web\/index.php\/cursos-de-verano-upv-ehu\/\">Cursos de Verano UPV\/EHU.Biomimesis.<\/a><\/li>\n\n\n\n<li><strong>26\/03\/21: <\/strong><a href=\"http:\/\/www.ehu.eus\/cdsea\/web\/index.php\/congreso-final-alice-2021\/\">Congreso final ALICE 2021<\/a><\/li>\n\n\n\n<li><strong>25\/03\/21: <\/strong><a href=\"http:\/\/www.ehu.eus\/cdsea\/web\/index.php\/4a-reunion-del-grupo-de-multi-actores-de-bizkaia-del-proyecto-sincere\/\">4\u00aa reuni\u00f3n del Grupo de Multi-Actores de Bizkaia del proyecto SINCERE<\/a><\/li>\n\n\n\n<li><strong>23\/03\/21:<\/strong> <a href=\"http:\/\/www.ehu.eus\/cdsea\/web\/index.php\/proyecto-life-via-de-la-plata\/\">Proyecto LIFE V\u00eda de la Plata estrena imagen y p\u00e1gina web<\/a><\/li>\n\n\n\n<li><strong>15\/03\/21:<\/strong> <a href=\"http:\/\/www.ehu.eus\/cdsea\/web\/index.php\/proyecto-alimentando-al-campus\/\">Proyecto\u00a0Alimentando al Campus<\/a><\/li>\n\n\n\n<li><strong>26\/02\/21:\u00a0 <\/strong><a href=\"http:\/\/www.ehu.eus\/cdsea\/web\/index.php\/jornada-ciudades-saludables-soluciones-basadas-en-la-naturaleza\/\">Jornada: Ciudades Saludables: Soluciones Basadas en la Naturaleza.<\/a><\/li>\n\n\n\n<li><strong>22\/02\/21:\u00a0 <\/strong><a href=\"http:\/\/www.ehu.eus\/cdsea\/web\/index.php\/master-eguna\/\">Master Eguna.<\/a><\/li>\n\n\n\n<li><strong>19\/02\/21:\u00a0 <\/strong><a href=\"http:\/\/www.ehu.eus\/cdsea\/web\/index.php\/zientzia-asoka\/\">Zientzia Asoka.<\/a><\/li>\n\n\n\n<li><strong>17\/02\/21:\u00a0 <\/strong><a href=\"http:\/\/www.ehu.eus\/cdsea\/web\/index.php\/master-eguna\/\">Master Eguna.<\/a><\/li>\n\n\n\n<li><strong>11\/02\/21: <\/strong><a href=\"http:\/\/www.ehu.eus\/cdsea\/web\/index.php\/ceneam\/\">Centro Nacional de Educaci\u00f3n Ambiental (CENEAM) ha incluido dentro de sus recursos did\u00e1cticos la unidad did\u00e1ctica sobre servicios de los ecosistemas.<\/a><\/li>\n\n\n\n<li><strong>01\/02\/21: <\/strong><a href=\"http:\/\/www.ehu.eus\/cdsea\/web\/index.php\/15o-curso-internacional-de-posgraduado-en-investigacion-en-medio-ambiente-y-recursos-marinos-rimer-dentro-del-master-europeo-en-medio-ambiente-marino\/\">15\u00ba curso internacional de posgraduado en Investigaci\u00f3n en Medio Ambiente y recursos marinos (RiMER) dentro del Master europeo en Medio Ambiente marino.<\/a><\/li>\n\n\n\n<li><strong>12\/01\/21: <\/strong><a href=\"http:\/\/www.ehu.eus\/cdsea\/web\/index.php\/reunion-grupo-de-trabajo-eme-ecosistemas-del-milenio-de-espana\/\">Reuni\u00f3n Grupo de trabajo EME (Ecosistemas del Milenio de Espa\u00f1a)<\/a><\/li>\n<\/ul>\n<\/div>\n<\/div>\n","protected":false},"excerpt":{"rendered":"<p>ACTIVIDADES DE LA C\u00c1TEDRA ACTIVIDADES EN LAS QUE PARTICIPA LA C\u00c1TEDRA<\/p>\n","protected":false},"author":4,"featured_media":0,"parent":0,"menu_order":0,"comment_status":"closed","ping_status":"closed","template":"","meta":{"footnotes":""},"class_list":["post-15662","page","type-page","status-publish","hentry"],"_links":{"self":[{"href":"https:\/\/www.ehu.eus\/cdsea\/web\/index.php\/wp-json\/wp\/v2\/pages\/15662"}],"collection":[{"href":"https:\/\/www.ehu.eus\/cdsea\/web\/index.php\/wp-json\/wp\/v2\/pages"}],"about":[{"href":"https:\/\/www.ehu.eus\/cdsea\/web\/index.php\/wp-json\/wp\/v2\/types\/page"}],"author":[{"embeddable":true,"href":"https:\/\/www.ehu.eus\/cdsea\/web\/index.php\/wp-json\/wp\/v2\/users\/4"}],"replies":[{"embeddable":true,"href":"https:\/\/www.ehu.eus\/cdsea\/web\/index.php\/wp-json\/wp\/v2\/comments?post=15662"}],"version-history":[{"count":7,"href":"https:\/\/www.ehu.eus\/cdsea\/web\/index.php\/wp-json\/wp\/v2\/pages\/15662\/revisions"}],"predecessor-version":[{"id":18171,"href":"https:\/\/www.ehu.eus\/cdsea\/web\/index.php\/wp-json\/wp\/v2\/pages\/15662\/revisions\/18171"}],"wp:attachment":[{"href":"https:\/\/www.ehu.eus\/cdsea\/web\/index.php\/wp-json\/wp\/v2\/media?parent=15662"}],"curies":[{"name":"wp","href":"https:\/\/api.w.org\/{rel}","templated":true}]}}