{"id":158,"date":"2016-11-15T15:01:33","date_gmt":"2016-11-15T15:01:33","guid":{"rendered":"http:\/\/www.ehu.eus\/cdsea\/cdseawp\/?page_id=158"},"modified":"2024-07-09T12:14:20","modified_gmt":"2024-07-09T12:14:20","slug":"eventos","status":"publish","type":"page","link":"https:\/\/www.ehu.eus\/cdsea\/web\/index.php\/cooperacion\/eventos\/","title":{"rendered":"Eventos"},"content":{"rendered":"<p style=\"text-align: justify;\"><span style=\"font-size: 12pt;\"><strong><span lang=\"ES-TRAD\">3-12-2015<\/span>: <\/strong><em><strong><a href=\"http:\/\/www.ehu.eus\/es\/web\/oficop\/garapen-iraunkorrerako-helburuak\" target=\"_blank\" rel=\"noopener\">Jornada \u00abLos nuevos Objetivos de Desarrollo Sostenible: implicaciones para la Agenda del Desarrollo y la Cooperaci\u00f3n en Euskadi\u00bb.<\/a><\/strong><\/em><\/span><\/p>\n<p>[\/ultimate_icon_list_item][ultimate_icon_list_item icon_type=\u00bbcustom\u00bb icon_img=\u00bbid^296|url^http:\/\/www.ehu.eus\/cdsea\/web\/wp-content\/uploads\/2016\/11\/IconoEventos.png|caption^null|alt^null|title^iconoeventos|description^null\u00bb]<\/p>\n<p style=\"text-align: justify;\"><span style=\"font-size: 12pt;\"><strong>23-3-2015:<\/strong> <strong><a href=\"http:\/\/www.ehu.eus\/es\/web\/oficop\/gul-proiektuak-aurkezteko-jardunaldia\" target=\"_blank\" rel=\"noopener\"><em>Jornada de presentaci\u00f3n de Proyectos CUD.<\/em><\/a><\/strong><\/span><\/p>\n<p>[\/ultimate_icon_list_item][ultimate_icon_list_item icon_type=\u00bbcustom\u00bb icon_img=\u00bbid^296|url^http:\/\/www.ehu.eus\/cdsea\/web\/wp-content\/uploads\/2016\/11\/IconoEventos.png|caption^null|alt^null|title^iconoeventos|description^null\u00bb]<\/p>\n<p style=\"text-align: justify;\"><span style=\"font-size: 12pt;\"><span lang=\"ES-TRAD\"><strong>20-11-2014:<\/strong><\/span><em><span lang=\"ES-TRAD\"> <a href=\"http:\/\/www.ehu.eus\/cdsea\/web\/index.php\/mesa-redonda-sobre-tfg-en-cooperacion-al-desarrollo\/\" target=\"_blank\" rel=\"noopener\"><strong>Mesa redonda sobre Trabajos Fin de Grado (TFG) en Cooperaci\u00f3n al Desarrollo<\/strong><\/a>.<\/span><\/em><\/span><\/p>\n<p>[\/ultimate_icon_list_item][ultimate_icon_list_item icon_type=\u00bbcustom\u00bb icon_img=\u00bbid^296|url^http:\/\/www.ehu.eus\/cdsea\/web\/wp-content\/uploads\/2016\/11\/IconoEventos.png|caption^null|alt^null|title^iconoeventos|description^null\u00bb]<\/p>\n<p style=\"text-align: justify;\"><span style=\"font-size: 12pt;\"><strong>11-7-2014:<em> <a href=\"https:\/\/cbcreuniontm.files.wordpress.com\/2014\/01\/anexo-11-informe-tc3a9cnico-taller-cientc3adfico-binacional-sobre-la-rb-jaragua-bahoruco-enriquillo-y-rb-la-selle.pdf\" target=\"_blank\" rel=\"noopener\">Taller t\u00e9cnico-cient\u00edfico sobre la Reserva de Biosfera Jaragua-Bahoruco-Enriquillo y la Reserva de Biosfera La Selle.<\/a><\/em><\/strong><\/span><\/p>\n<p>[\/ultimate_icon_list_item][ultimate_icon_list_item icon_type=\u00bbcustom\u00bb icon_img=\u00bbid^296|url^http:\/\/www.ehu.eus\/cdsea\/web\/wp-content\/uploads\/2016\/11\/IconoEventos.png|caption^null|alt^null|title^iconoeventos|description^null\u00bb]<span style=\"font-size: 12pt;\"><strong>27-1-2014:<\/strong><em> <a href=\"http:\/\/www.ehu.eus\/cdsea\/web\/index.php?option=com_content&amp;view=article&amp;id=963&amp;lang=es\"><strong>Taller\u00a0sobre identificaci\u00f3n de proyectos de cooperaci\u00f3n al desarrollo y elaboraci\u00f3n de marco l\u00f3gico<\/strong><\/a><\/em><\/span><\/p>\n","protected":false},"excerpt":{"rendered":"<p>3-12-2015: Jornada \u00abLos nuevos Objetivos de Desarrollo Sostenible: implicaciones para la Agenda del Desarrollo y la Cooperaci\u00f3n en Euskadi\u00bb. [\/ultimate_icon_list_item][ultimate_icon_list_item icon_type=\u00bbcustom\u00bb icon_img=\u00bbid^296|url^http:\/\/www.ehu.eus\/cdsea\/web\/wp-content\/uploads\/2016\/11\/IconoEventos.png|caption^null|alt^null|title^iconoeventos|description^null\u00bb] 23-3-2015: Jornada de presentaci\u00f3n de Proyectos CUD. [\/ultimate_icon_list_item][ultimate_icon_list_item icon_type=\u00bbcustom\u00bb icon_img=\u00bbid^296|url^http:\/\/www.ehu.eus\/cdsea\/web\/wp-content\/uploads\/2016\/11\/IconoEventos.png|caption^null|alt^null|title^iconoeventos|description^null\u00bb] 20-11-2014: Mesa redonda sobre Trabajos Fin de Grado (TFG) en Cooperaci\u00f3n al Desarrollo. [\/ultimate_icon_list_item][ultimate_icon_list_item icon_type=\u00bbcustom\u00bb icon_img=\u00bbid^296|url^http:\/\/www.ehu.eus\/cdsea\/web\/wp-content\/uploads\/2016\/11\/IconoEventos.png|caption^null|alt^null|title^iconoeventos|description^null\u00bb] 11-7-2014: Taller t\u00e9cnico-cient\u00edfico sobre la Reserva de [&hellip;]<\/p>\n","protected":false},"author":1,"featured_media":0,"parent":154,"menu_order":3,"comment_status":"closed","ping_status":"closed","template":"","meta":{"footnotes":""},"class_list":["post-158","page","type-page","status-publish","hentry"],"_links":{"self":[{"href":"https:\/\/www.ehu.eus\/cdsea\/web\/index.php\/wp-json\/wp\/v2\/pages\/158"}],"collection":[{"href":"https:\/\/www.ehu.eus\/cdsea\/web\/index.php\/wp-json\/wp\/v2\/pages"}],"about":[{"href":"https:\/\/www.ehu.eus\/cdsea\/web\/index.php\/wp-json\/wp\/v2\/types\/page"}],"author":[{"embeddable":true,"href":"https:\/\/www.ehu.eus\/cdsea\/web\/index.php\/wp-json\/wp\/v2\/users\/1"}],"replies":[{"embeddable":true,"href":"https:\/\/www.ehu.eus\/cdsea\/web\/index.php\/wp-json\/wp\/v2\/comments?post=158"}],"version-history":[{"count":1,"href":"https:\/\/www.ehu.eus\/cdsea\/web\/index.php\/wp-json\/wp\/v2\/pages\/158\/revisions"}],"predecessor-version":[{"id":18087,"href":"https:\/\/www.ehu.eus\/cdsea\/web\/index.php\/wp-json\/wp\/v2\/pages\/158\/revisions\/18087"}],"up":[{"embeddable":true,"href":"https:\/\/www.ehu.eus\/cdsea\/web\/index.php\/wp-json\/wp\/v2\/pages\/154"}],"wp:attachment":[{"href":"https:\/\/www.ehu.eus\/cdsea\/web\/index.php\/wp-json\/wp\/v2\/media?parent=158"}],"curies":[{"name":"wp","href":"https:\/\/api.w.org\/{rel}","templated":true}]}}