{"id":15910,"date":"2022-04-27T12:44:11","date_gmt":"2022-04-27T12:44:11","guid":{"rendered":"http:\/\/www.ehu.eus\/cdsea\/web\/?page_id=15910"},"modified":"2022-04-27T12:46:19","modified_gmt":"2022-04-27T12:46:19","slug":"jornada-tematica-renatur","status":"publish","type":"page","link":"https:\/\/www.ehu.eus\/cdsea\/web\/index.php\/jornada-tematica-renatur\/","title":{"rendered":"Jornada tem\u00e1tica RENATUR"},"content":{"rendered":"[vc_row][vc_column][vc_column_text]<p><\/p>\n<p><strong>Jornada tem\u00e1tica RENATUR. Discusi\u00f3n del Plan de Acci\u00f3n en Bizkaia<\/strong><\/p>\n<p><\/p>\n<p><\/p>\n<p><\/p>\n<p><\/p>\n<p>Durante esta semana esta teniendo lugar la Jornada Regional del proyecto RENATUR Interreg, celebrada en el centro Bizkaia Aretoa de la UPV\/EHU, en la que integrantes de la C\u00e1tedra UNESCO sobre Desarrollo Sostenible y Educaci\u00f3n Ambiental de la UPV\/EHU comparten y discuten el plan de acci\u00f3n elaborado dentro del programa RENATUR Interreg, con especialistas con especialistas de otras 5 instituciones Europeas .<\/p>\n<p><\/p>\n<p><\/p>\n<figure class=\"wp-block-image size-large\"><img loading=\"lazy\" decoding=\"async\" class=\"alignleft wp-image-15909 size-medium\" src=\"http:\/\/www.ehu.eus\/cdsea\/web\/wp-content\/uploads\/2017\/03\/renatura-portada-300x169.png\" alt=\"\" width=\"300\" height=\"169\" srcset=\"https:\/\/www.ehu.eus\/cdsea\/web\/wp-content\/uploads\/2017\/03\/renatura-portada-300x169.png 300w, https:\/\/www.ehu.eus\/cdsea\/web\/wp-content\/uploads\/2017\/03\/renatura-portada-1024x576.png 1024w, https:\/\/www.ehu.eus\/cdsea\/web\/wp-content\/uploads\/2017\/03\/renatura-portada-768x432.png 768w, https:\/\/www.ehu.eus\/cdsea\/web\/wp-content\/uploads\/2017\/03\/renatura-portada-1536x864.png 1536w, https:\/\/www.ehu.eus\/cdsea\/web\/wp-content\/uploads\/2017\/03\/renatura-portada-600x338.png 600w, https:\/\/www.ehu.eus\/cdsea\/web\/wp-content\/uploads\/2017\/03\/renatura-portada.png 1600w\" sizes=\"(max-width: 300px) 100vw, 300px\" \/><\/figure>\n<p><\/p>\n<p><\/p>\n<p>RENATUR es un proyecto europeo cuyo objetivo general es la identificaci\u00f3n, an\u00e1lisis, difusi\u00f3n y transferencia de buenas pr\u00e1cticas y experiencias pol\u00edticas relacionadas con la protecci\u00f3n del patrimonio natural de los Espacios Abiertos Periurbanos (PUOS\u2013 Peri-Urban Open Spaces), los cuales desempe\u00f1an un papel vital en la protecci\u00f3n del patrimonio natural. En \u00e9l participan 6 instituciones europeas (Alemania, B\u00e9lgica, Hungr\u00eda, Eslovenia, Polonia y Pa\u00eds Vasco) y sus objetivos son: proteger los ecosistemas y sus servicios, conservar la biodiversidad y reducir su p\u00e9rdida evitar la fragmentaci\u00f3n de los ecosistemas, mejorar la conectividad, reducir la impermeabilizaci\u00f3n del suelo y concienciar sobre el concepto de Infraestructura Verde en la ordenaci\u00f3n territorial<\/p>\n<p><\/p>\n<p><\/p>\n<p>Dentro del proyecto RENATUR se realizan diferentes Jornadas Tem\u00e1ticas Interregionales mediante la participaci\u00f3n activa de los agentes relevantes de cada regi\u00f3n. Estas jornadas consisten en un Intercambio de Experiencias, mediante la revisi\u00f3n por pares de expertos de la problem\u00e1tica de la regi\u00f3n de estudio. Las regiones asociadas trabajan juntas intercambiando soluciones para la promoci\u00f3n y protecci\u00f3n del patrimonio natural de los espacios abiertos periurbanos (PUOS) en la pr\u00e1ctica de la planificaci\u00f3n.<\/p>\n<p><\/p>\n<p><\/p>\n<figure class=\"wp-block-image size-large\"><img loading=\"lazy\" decoding=\"async\" class=\"aligncenter wp-image-15908 size-large\" src=\"http:\/\/www.ehu.eus\/cdsea\/web\/wp-content\/uploads\/2017\/03\/imagen-renatur-1024x768.jpg\" alt=\"\" width=\"1024\" height=\"768\" srcset=\"https:\/\/www.ehu.eus\/cdsea\/web\/wp-content\/uploads\/2017\/03\/imagen-renatur-1024x768.jpg 1024w, https:\/\/www.ehu.eus\/cdsea\/web\/wp-content\/uploads\/2017\/03\/imagen-renatur-300x225.jpg 300w, https:\/\/www.ehu.eus\/cdsea\/web\/wp-content\/uploads\/2017\/03\/imagen-renatur-768x576.jpg 768w, https:\/\/www.ehu.eus\/cdsea\/web\/wp-content\/uploads\/2017\/03\/imagen-renatur-1536x1152.jpg 1536w, https:\/\/www.ehu.eus\/cdsea\/web\/wp-content\/uploads\/2017\/03\/imagen-renatur-600x450.jpg 600w, https:\/\/www.ehu.eus\/cdsea\/web\/wp-content\/uploads\/2017\/03\/imagen-renatur.jpg 2000w\" sizes=\"(max-width: 1024px) 100vw, 1024px\" \/><\/figure>\n<p><\/p>[\/vc_column_text][\/vc_column][\/vc_row]","protected":false},"excerpt":{"rendered":"<p>[vc_row][vc_column][vc_column_text] Jornada tem\u00e1tica RENATUR. Discusi\u00f3n del Plan de Acci\u00f3n en Bizkaia Durante esta semana esta teniendo lugar la Jornada Regional del proyecto RENATUR Interreg, celebrada en el centro Bizkaia Aretoa de la UPV\/EHU, en la que integrantes de la C\u00e1tedra UNESCO sobre Desarrollo Sostenible y Educaci\u00f3n Ambiental de la UPV\/EHU comparten y discuten el plan [&hellip;]<\/p>\n","protected":false},"author":4,"featured_media":0,"parent":0,"menu_order":0,"comment_status":"closed","ping_status":"closed","template":"","meta":{"footnotes":""},"class_list":["post-15910","page","type-page","status-publish","hentry"],"_links":{"self":[{"href":"https:\/\/www.ehu.eus\/cdsea\/web\/index.php\/wp-json\/wp\/v2\/pages\/15910"}],"collection":[{"href":"https:\/\/www.ehu.eus\/cdsea\/web\/index.php\/wp-json\/wp\/v2\/pages"}],"about":[{"href":"https:\/\/www.ehu.eus\/cdsea\/web\/index.php\/wp-json\/wp\/v2\/types\/page"}],"author":[{"embeddable":true,"href":"https:\/\/www.ehu.eus\/cdsea\/web\/index.php\/wp-json\/wp\/v2\/users\/4"}],"replies":[{"embeddable":true,"href":"https:\/\/www.ehu.eus\/cdsea\/web\/index.php\/wp-json\/wp\/v2\/comments?post=15910"}],"version-history":[{"count":2,"href":"https:\/\/www.ehu.eus\/cdsea\/web\/index.php\/wp-json\/wp\/v2\/pages\/15910\/revisions"}],"predecessor-version":[{"id":15913,"href":"https:\/\/www.ehu.eus\/cdsea\/web\/index.php\/wp-json\/wp\/v2\/pages\/15910\/revisions\/15913"}],"wp:attachment":[{"href":"https:\/\/www.ehu.eus\/cdsea\/web\/index.php\/wp-json\/wp\/v2\/media?parent=15910"}],"curies":[{"name":"wp","href":"https:\/\/api.w.org\/{rel}","templated":true}]}}