{"id":15929,"date":"2022-05-02T09:56:53","date_gmt":"2022-05-02T09:56:53","guid":{"rendered":"http:\/\/www.ehu.eus\/cdsea\/web\/?page_id=15929"},"modified":"2022-05-02T09:58:01","modified_gmt":"2022-05-02T09:58:01","slug":"de-la-dinamica-de-contaminantes-al-ciclo-del-agua","status":"publish","type":"page","link":"https:\/\/www.ehu.eus\/cdsea\/web\/index.php\/de-la-dinamica-de-contaminantes-al-ciclo-del-agua\/","title":{"rendered":"De la din\u00e1mica de contaminantes al ciclo del agua"},"content":{"rendered":"[vc_row][vc_column][vc_column_text]<p><\/p>\n<p><strong>5 y 12 de mayo Webinars \u00abDe la din\u00e1mica de contaminantes al ciclo del agua\u201d<\/strong><\/p>\n<p><\/p>\n<p><\/p>\n<p>Investigadores de la C\u00e1tedra UNESCO de desarrollo Sostenible y educaci\u00f3n ambiental acudir\u00e1n el 5 y 12 de mayo a los Webinars \u00abDe la din\u00e1mica de contaminantes al ciclo del agua\u00bb. Organizados por el Grupo de Investigaci\u00f3n Atmosf\u00e9rica de la UPV\/EHU con el apoyo del\u00a0<a href=\"https:\/\/www.ehu.eus\/es\/web\/bizkaia\/home\">V<\/a>icerrectorado del Campus de Bizkaia.<\/p>\n<p><\/p>\n<p><\/p>\n<p><a href=\"https:\/\/www.ehu.eus\/es\/web\/gia\/webinars-dinamica-de-contaminantes-al-ciclo-del-agua\">https:\/\/www.ehu.eus\/es\/web\/gia\/webinars-dinamica-de-contaminantes-al-ciclo-del-agua<\/a><\/p>\n<p><\/p>\n<p><\/p>\n<p><\/p>[\/vc_column_text][\/vc_column][\/vc_row]","protected":false},"excerpt":{"rendered":"<p>[vc_row][vc_column][vc_column_text] 5 y 12 de mayo Webinars \u00abDe la din\u00e1mica de contaminantes al ciclo del agua\u201d Investigadores de la C\u00e1tedra UNESCO de desarrollo Sostenible y educaci\u00f3n ambiental acudir\u00e1n el 5 y 12 de mayo a los Webinars \u00abDe la din\u00e1mica de contaminantes al ciclo del agua\u00bb. Organizados por el Grupo de Investigaci\u00f3n Atmosf\u00e9rica de la [&hellip;]<\/p>\n","protected":false},"author":4,"featured_media":0,"parent":0,"menu_order":0,"comment_status":"closed","ping_status":"closed","template":"","meta":{"footnotes":""},"class_list":["post-15929","page","type-page","status-publish","hentry"],"_links":{"self":[{"href":"https:\/\/www.ehu.eus\/cdsea\/web\/index.php\/wp-json\/wp\/v2\/pages\/15929"}],"collection":[{"href":"https:\/\/www.ehu.eus\/cdsea\/web\/index.php\/wp-json\/wp\/v2\/pages"}],"about":[{"href":"https:\/\/www.ehu.eus\/cdsea\/web\/index.php\/wp-json\/wp\/v2\/types\/page"}],"author":[{"embeddable":true,"href":"https:\/\/www.ehu.eus\/cdsea\/web\/index.php\/wp-json\/wp\/v2\/users\/4"}],"replies":[{"embeddable":true,"href":"https:\/\/www.ehu.eus\/cdsea\/web\/index.php\/wp-json\/wp\/v2\/comments?post=15929"}],"version-history":[{"count":2,"href":"https:\/\/www.ehu.eus\/cdsea\/web\/index.php\/wp-json\/wp\/v2\/pages\/15929\/revisions"}],"predecessor-version":[{"id":15932,"href":"https:\/\/www.ehu.eus\/cdsea\/web\/index.php\/wp-json\/wp\/v2\/pages\/15929\/revisions\/15932"}],"wp:attachment":[{"href":"https:\/\/www.ehu.eus\/cdsea\/web\/index.php\/wp-json\/wp\/v2\/media?parent=15929"}],"curies":[{"name":"wp","href":"https:\/\/api.w.org\/{rel}","templated":true}]}}