{"id":15953,"date":"2022-05-04T10:28:51","date_gmt":"2022-05-04T10:28:51","guid":{"rendered":"http:\/\/www.ehu.eus\/cdsea\/web\/?page_id=15953"},"modified":"2022-05-04T10:48:47","modified_gmt":"2022-05-04T10:48:47","slug":"programa-marco-ambiental-euskadi-2030","status":"publish","type":"page","link":"https:\/\/www.ehu.eus\/cdsea\/web\/index.php\/programa-marco-ambiental-euskadi-2030\/","title":{"rendered":"Programa Marco Ambiental Euskadi 2030"},"content":{"rendered":"[vc_row][vc_column][vc_column_text]<p><\/p>\n<p><strong>Programa Marco Ambiental Euskadi 2030<\/strong><\/p>\n<p><\/p>\n<p><\/p>\n<p>La C\u00e1tedra UNESCO sobre Desarrollo Sostenible y Educaci\u00f3n Ambiental es una de las instituciones que forma parte del proceso de elaboraci\u00f3n del Programa Marco Ambiental Euskadi 2030, en el que participan especialistas en diversas materias y disciplinas procedentes de la Administraci\u00f3n, la empresa, el \u00e1mbito acad\u00e9mico o la investigaci\u00f3n.<\/p>\n<p><a href=\"https:\/\/www.ihobe.eus\/actualidad\/euskadi-disena-su-nuevo-programa-marco-ambiental-brujula-que-marcara-su-politica-sostenibilidad-hasta-2030\">https:\/\/www.ihobe.eus\/actualidad\/euskadi-disena-su-nuevo-programa-marco-ambiental-brujula-que-marcara-su-politica-sostenibilidad-hasta-2030<\/a><\/p>\n<p><\/p>[\/vc_column_text][\/vc_column][\/vc_row]","protected":false},"excerpt":{"rendered":"<p>[vc_row][vc_column][vc_column_text] Programa Marco Ambiental Euskadi 2030 La C\u00e1tedra UNESCO sobre Desarrollo Sostenible y Educaci\u00f3n Ambiental es una de las instituciones que forma parte del proceso de elaboraci\u00f3n del Programa Marco Ambiental Euskadi 2030, en el que participan especialistas en diversas materias y disciplinas procedentes de la Administraci\u00f3n, la empresa, el \u00e1mbito acad\u00e9mico o la investigaci\u00f3n. [&hellip;]<\/p>\n","protected":false},"author":4,"featured_media":0,"parent":0,"menu_order":0,"comment_status":"closed","ping_status":"closed","template":"","meta":{"footnotes":""},"class_list":["post-15953","page","type-page","status-publish","hentry"],"_links":{"self":[{"href":"https:\/\/www.ehu.eus\/cdsea\/web\/index.php\/wp-json\/wp\/v2\/pages\/15953"}],"collection":[{"href":"https:\/\/www.ehu.eus\/cdsea\/web\/index.php\/wp-json\/wp\/v2\/pages"}],"about":[{"href":"https:\/\/www.ehu.eus\/cdsea\/web\/index.php\/wp-json\/wp\/v2\/types\/page"}],"author":[{"embeddable":true,"href":"https:\/\/www.ehu.eus\/cdsea\/web\/index.php\/wp-json\/wp\/v2\/users\/4"}],"replies":[{"embeddable":true,"href":"https:\/\/www.ehu.eus\/cdsea\/web\/index.php\/wp-json\/wp\/v2\/comments?post=15953"}],"version-history":[{"count":2,"href":"https:\/\/www.ehu.eus\/cdsea\/web\/index.php\/wp-json\/wp\/v2\/pages\/15953\/revisions"}],"predecessor-version":[{"id":15969,"href":"https:\/\/www.ehu.eus\/cdsea\/web\/index.php\/wp-json\/wp\/v2\/pages\/15953\/revisions\/15969"}],"wp:attachment":[{"href":"https:\/\/www.ehu.eus\/cdsea\/web\/index.php\/wp-json\/wp\/v2\/media?parent=15953"}],"curies":[{"name":"wp","href":"https:\/\/api.w.org\/{rel}","templated":true}]}}