{"id":15978,"date":"2022-05-12T11:37:58","date_gmt":"2022-05-12T11:37:58","guid":{"rendered":"http:\/\/www.ehu.eus\/cdsea\/web\/?page_id=15978"},"modified":"2022-05-12T11:37:59","modified_gmt":"2022-05-12T11:37:59","slug":"basque-environment-ocean-week","status":"publish","type":"page","link":"https:\/\/www.ehu.eus\/cdsea\/web\/index.php\/basque-environment-ocean-week\/","title":{"rendered":"Basque Environment Ocean Week"},"content":{"rendered":"\n<p><strong>Basque Environment Ocean Week<\/strong><\/p>\n\n\n\n<p>Ibone Ametzaga coordinadora general de la C\u00e1tedra UNESCO de Desarrollo Sostenible y Educaci\u00f3n Ambiental impartir\u00e1 una ponencia dentro del ciclo de conferencias titulado \u201cBasque environment ocean week\u201d, organizado por Nakusarbe-Itsamuseum. La charla, titulada \u00a0<strong>\u201cInfraestructura verde\/azul y servicios de los ecosistemas\u201d\u00a0<\/strong>, se impartir\u00e1 el 8 de junio<\/p>\n","protected":false},"excerpt":{"rendered":"<p>Basque Environment Ocean Week Ibone Ametzaga coordinadora general de la C\u00e1tedra UNESCO de Desarrollo Sostenible y Educaci\u00f3n Ambiental impartir\u00e1 una ponencia dentro del ciclo de conferencias titulado \u201cBasque environment ocean week\u201d, organizado por Nakusarbe-Itsamuseum. La charla, titulada \u00a0\u201cInfraestructura verde\/azul y servicios de los ecosistemas\u201d\u00a0, se impartir\u00e1 el 8 de junio<\/p>\n","protected":false},"author":4,"featured_media":0,"parent":0,"menu_order":0,"comment_status":"closed","ping_status":"closed","template":"","meta":{"footnotes":""},"class_list":["post-15978","page","type-page","status-publish","hentry"],"_links":{"self":[{"href":"https:\/\/www.ehu.eus\/cdsea\/web\/index.php\/wp-json\/wp\/v2\/pages\/15978"}],"collection":[{"href":"https:\/\/www.ehu.eus\/cdsea\/web\/index.php\/wp-json\/wp\/v2\/pages"}],"about":[{"href":"https:\/\/www.ehu.eus\/cdsea\/web\/index.php\/wp-json\/wp\/v2\/types\/page"}],"author":[{"embeddable":true,"href":"https:\/\/www.ehu.eus\/cdsea\/web\/index.php\/wp-json\/wp\/v2\/users\/4"}],"replies":[{"embeddable":true,"href":"https:\/\/www.ehu.eus\/cdsea\/web\/index.php\/wp-json\/wp\/v2\/comments?post=15978"}],"version-history":[{"count":1,"href":"https:\/\/www.ehu.eus\/cdsea\/web\/index.php\/wp-json\/wp\/v2\/pages\/15978\/revisions"}],"predecessor-version":[{"id":15980,"href":"https:\/\/www.ehu.eus\/cdsea\/web\/index.php\/wp-json\/wp\/v2\/pages\/15978\/revisions\/15980"}],"wp:attachment":[{"href":"https:\/\/www.ehu.eus\/cdsea\/web\/index.php\/wp-json\/wp\/v2\/media?parent=15978"}],"curies":[{"name":"wp","href":"https:\/\/api.w.org\/{rel}","templated":true}]}}