{"id":16,"date":"2016-11-15T12:36:01","date_gmt":"2016-11-15T12:36:01","guid":{"rendered":"http:\/\/www.ehu.eus\/cdsea\/cdseawp\/?page_id=16"},"modified":"2024-07-09T11:58:45","modified_gmt":"2024-07-09T11:58:45","slug":"antecedentes","status":"publish","type":"page","link":"https:\/\/www.ehu.eus\/cdsea\/web\/index.php\/conocenos\/antecedentes\/","title":{"rendered":"Antecedentes"},"content":{"rendered":"<p style=\"text-align: justify;\"><span style=\"font-size: 12pt;\"><img loading=\"lazy\" decoding=\"async\" class=\"size-medium wp-image-361 alignright\" src=\"http:\/\/www.ehu.eus\/cdsea\/web\/wp-content\/uploads\/2016\/11\/unitwin-300x171.png\" alt=\"unitwin\" width=\"300\" height=\"171\" \/>La Organizaci\u00f3n de las Naciones Unidas para la Educaci\u00f3n, la Ciencia y la Cultura (UNESCO) puso en marcha en 1991 (26\u00aa reuni\u00f3n de la Conferencia General de la UNESCO) el <strong>Programa UNITWIN y de C\u00e1tedras UNESCO<\/strong>, con el objetivo de favorecer el establecimiento de redes de universidades y otras formas de interrelaci\u00f3n entre instituciones de ense\u00f1anza superior a nivel internacional, orientando dicha cooperaci\u00f3n interuniversitaria principalmente hacia las necesidades de los pa\u00edses en v\u00edas de desarrollo.<\/span><\/p>\n<p style=\"text-align: justify;\"><span style=\"font-size: 12pt;\">El 30 de enero de 2002, la <strong>Universidad del Pa\u00eds Vasco\/Euskal Herriko Unibertsitatea (UPV\/EHU),<\/strong> crea una C\u00e1tedra propia que ser\u00e1 el embri\u00f3n de la futura C\u00e1tedra UNESCO.\u00a0En el a\u00f1o\u00a02004 se firma un convenio entre la Universidad del Pa\u00eds Vasco y UNESCO &#8211; Naciones Unidas, por el cual se crea la <strong>C\u00e1tedra UNESCO\u00a0sobre Desarrollo Sostenible y Educaci\u00f3n Ambiental<\/strong> en el marco de la Reserva de la Biosfera de Urdaibai.<\/span><\/p>\n","protected":false},"excerpt":{"rendered":"<p>La Organizaci\u00f3n de las Naciones Unidas para la Educaci\u00f3n, la Ciencia y la Cultura (UNESCO) puso en marcha en 1991 (26\u00aa reuni\u00f3n de la Conferencia General de la UNESCO) el Programa UNITWIN y de C\u00e1tedras UNESCO, con el objetivo de favorecer el establecimiento de redes de universidades y otras formas de interrelaci\u00f3n entre instituciones de [&hellip;]<\/p>\n","protected":false},"author":1,"featured_media":0,"parent":7,"menu_order":0,"comment_status":"closed","ping_status":"closed","template":"","meta":{"footnotes":""},"class_list":["post-16","page","type-page","status-publish","hentry"],"_links":{"self":[{"href":"https:\/\/www.ehu.eus\/cdsea\/web\/index.php\/wp-json\/wp\/v2\/pages\/16"}],"collection":[{"href":"https:\/\/www.ehu.eus\/cdsea\/web\/index.php\/wp-json\/wp\/v2\/pages"}],"about":[{"href":"https:\/\/www.ehu.eus\/cdsea\/web\/index.php\/wp-json\/wp\/v2\/types\/page"}],"author":[{"embeddable":true,"href":"https:\/\/www.ehu.eus\/cdsea\/web\/index.php\/wp-json\/wp\/v2\/users\/1"}],"replies":[{"embeddable":true,"href":"https:\/\/www.ehu.eus\/cdsea\/web\/index.php\/wp-json\/wp\/v2\/comments?post=16"}],"version-history":[{"count":2,"href":"https:\/\/www.ehu.eus\/cdsea\/web\/index.php\/wp-json\/wp\/v2\/pages\/16\/revisions"}],"predecessor-version":[{"id":18066,"href":"https:\/\/www.ehu.eus\/cdsea\/web\/index.php\/wp-json\/wp\/v2\/pages\/16\/revisions\/18066"}],"up":[{"embeddable":true,"href":"https:\/\/www.ehu.eus\/cdsea\/web\/index.php\/wp-json\/wp\/v2\/pages\/7"}],"wp:attachment":[{"href":"https:\/\/www.ehu.eus\/cdsea\/web\/index.php\/wp-json\/wp\/v2\/media?parent=16"}],"curies":[{"name":"wp","href":"https:\/\/api.w.org\/{rel}","templated":true}]}}