{"id":16019,"date":"2022-06-08T12:13:32","date_gmt":"2022-06-08T12:13:32","guid":{"rendered":"https:\/\/www.ehu.eus\/cdsea\/web\/?page_id=16019"},"modified":"2022-06-09T10:07:19","modified_gmt":"2022-06-09T10:07:19","slug":"gipuzkoa-think-tank-el-trabajo-del-futuro","status":"publish","type":"page","link":"https:\/\/www.ehu.eus\/cdsea\/web\/index.php\/gipuzkoa-think-tank-el-trabajo-del-futuro\/","title":{"rendered":"Gipuzkoa Think Tank &#8211; El trabajo del futuro"},"content":{"rendered":"[vc_row][vc_column][vc_column_text]<p><\/p>\n<p><strong>Reuni\u00f3n: Gipuzkoa Think Tank &#8211; El trabajo del futuro<\/strong><\/p>\n<p><\/p>\n<p><\/p>\n<p>Investigadores de C\u00e1tedra Unesco acudir\u00e1n a la Reuni\u00f3n: Gipuzkoa Think Tank &#8211; El trabajo del futuro. Que se celebrar\u00e1 el 23\/06\/2022 en etorkizuna eraikiz Gunea (Gipuzkoa plaza, z.g.).<\/p>\n<p><\/p>\n<p><\/p>\n<p>La inteligencia artificial, la digitalizaci\u00f3n o la robotizaci\u00f3n o la apuesta por la econom\u00eda verde y por aquellos sectores con mayor futuro plantean retos que debemos responder para crear empleo de calidad. En esta reuni\u00f3n se juntar\u00e1 el grupo de trabajo constituido por la Diputaci\u00f3n de Gipuzkoa para promover la colaboraci\u00f3n, la excelencia, la innovaci\u00f3n y el compromiso colectivo.<\/p>\n<p><a href=\"https:\/\/www.gipuzkoa.eus\/es\/web\/etorkizunaeraikiz\/biblioteca-cambio-climatico-y-transicion-ecologica\">https:\/\/www.gipuzkoa.eus\/es\/web\/etorkizunaeraikiz\/biblioteca-cambio-climatico-y-transicion-ecologica<\/a><\/p>\n<p><\/p>\n<p><\/p>\n<p><\/p>[\/vc_column_text][\/vc_column][\/vc_row]","protected":false},"excerpt":{"rendered":"<p>[vc_row][vc_column][vc_column_text] Reuni\u00f3n: Gipuzkoa Think Tank &#8211; El trabajo del futuro Investigadores de C\u00e1tedra Unesco acudir\u00e1n a la Reuni\u00f3n: Gipuzkoa Think Tank &#8211; El trabajo del futuro. Que se celebrar\u00e1 el 23\/06\/2022 en etorkizuna eraikiz Gunea (Gipuzkoa plaza, z.g.). La inteligencia artificial, la digitalizaci\u00f3n o la robotizaci\u00f3n o la apuesta por la econom\u00eda verde y por [&hellip;]<\/p>\n","protected":false},"author":4,"featured_media":0,"parent":0,"menu_order":0,"comment_status":"closed","ping_status":"closed","template":"","meta":{"footnotes":""},"class_list":["post-16019","page","type-page","status-publish","hentry"],"_links":{"self":[{"href":"https:\/\/www.ehu.eus\/cdsea\/web\/index.php\/wp-json\/wp\/v2\/pages\/16019"}],"collection":[{"href":"https:\/\/www.ehu.eus\/cdsea\/web\/index.php\/wp-json\/wp\/v2\/pages"}],"about":[{"href":"https:\/\/www.ehu.eus\/cdsea\/web\/index.php\/wp-json\/wp\/v2\/types\/page"}],"author":[{"embeddable":true,"href":"https:\/\/www.ehu.eus\/cdsea\/web\/index.php\/wp-json\/wp\/v2\/users\/4"}],"replies":[{"embeddable":true,"href":"https:\/\/www.ehu.eus\/cdsea\/web\/index.php\/wp-json\/wp\/v2\/comments?post=16019"}],"version-history":[{"count":2,"href":"https:\/\/www.ehu.eus\/cdsea\/web\/index.php\/wp-json\/wp\/v2\/pages\/16019\/revisions"}],"predecessor-version":[{"id":16036,"href":"https:\/\/www.ehu.eus\/cdsea\/web\/index.php\/wp-json\/wp\/v2\/pages\/16019\/revisions\/16036"}],"wp:attachment":[{"href":"https:\/\/www.ehu.eus\/cdsea\/web\/index.php\/wp-json\/wp\/v2\/media?parent=16019"}],"curies":[{"name":"wp","href":"https:\/\/api.w.org\/{rel}","templated":true}]}}