{"id":16090,"date":"2022-07-18T10:35:56","date_gmt":"2022-07-18T10:35:56","guid":{"rendered":"https:\/\/www.ehu.eus\/cdsea\/web\/?page_id=16090"},"modified":"2024-08-13T14:11:32","modified_gmt":"2024-08-13T12:11:32","slug":"igone-palacios","status":"publish","type":"page","link":"https:\/\/www.ehu.eus\/cdsea\/web\/index.php\/igone-palacios\/","title":{"rendered":"Igone Palacios"},"content":{"rendered":"<p style=\"text-align: justify;\"><span style=\"color: #339966;\"><strong>IGONE PALACIOS<\/strong> <\/span><\/p>\n<p style=\"text-align: justify;\">La Dra. Palacios-Agundez es Profesora de Did\u00e1ctica de las Ciencias Experimentales en la Facultad de Educaci\u00f3n y Deporte de la Universidad del Pa\u00eds Vasco (UPV\/EHU), donde ense\u00f1a e investiga sobre Did\u00e1ctica de las Ciencias, Educaci\u00f3n STEM, Educaci\u00f3n para la Sostenibilidad y Educaci\u00f3n Inclusiva e Intercultural. Tambi\u00e9n es miembro de la C\u00e1tedra UNESCO sobre Desarrollo Sostenible y Educaci\u00f3n Ambiental de la misma universidad donde, desde 2016, codirige el \u00e1rea de investigaci\u00f3n en Educaci\u00f3n para la Sostenibilidad.<\/p>\n<p style=\"text-align: justify;\"><img loading=\"lazy\" decoding=\"async\" class=\"size-medium wp-image-16114 aligncenter\" src=\"http:\/\/www.ehu.eus\/cdsea\/web\/wp-content\/uploads\/2017\/03\/foto-Igone-curriculum-224x300.jpg\" alt=\"\" width=\"224\" height=\"300\" srcset=\"https:\/\/www.ehu.eus\/cdsea\/web\/wp-content\/uploads\/2017\/03\/foto-Igone-curriculum-224x300.jpg 224w, https:\/\/www.ehu.eus\/cdsea\/web\/wp-content\/uploads\/2017\/03\/foto-Igone-curriculum.jpg 378w\" sizes=\"(max-width: 224px) 100vw, 224px\" \/><\/p>\n<p style=\"text-align: justify;\"><!-- \/wp:paragraph --><\/p>\n<p style=\"text-align: justify;\"><!-- wp:paragraph --><\/p>\n<p style=\"text-align: justify;\">Est\u00e1 involucrada en varios proyectos de investigaci\u00f3n que abarcan el dise\u00f1o de secuencias de ense\u00f1anza-aprendizaje a nivel universitario basado en evidencias cient\u00edficas, el estudio del potencial transformador hacia la sostenibilidad de la ense\u00f1anza del concepto de los servicios de los ecosistemas, y el desarrollo de actividades educativas basadas en el lugar que promuevan competencias STEM y competencias en sostenibilidad.<\/p>\n<p style=\"text-align: justify;\"><!-- \/wp:paragraph --><\/p>\n<p style=\"text-align: justify;\"><!-- wp:paragraph --><\/p>\n<p style=\"text-align: justify;\">Algunos ejemplos son la participaci\u00f3n en un proyecto ERASMUS+ para implementar los Objetivos de Desarrollo Sostenible en las escuelas a trav\u00e9s de la ciencia ciudadana, y la participaci\u00f3n en proyectos universitarios CBL e IKD3 sobre Educaci\u00f3n para la Sostenibilidad (EfS) e innovaci\u00f3n educativa que utilizan el Huerto Ecol\u00f3gico del Campus de \u00c1lava (HECA) como contexto educativo y de investigaci\u00f3n.<\/p>\n[\/vc_column_text][\/vc_column][\/vc_row]","protected":false},"excerpt":{"rendered":"<p>IGONE PALACIOS La Dra. Palacios-Agundez es Profesora de Did\u00e1ctica de las Ciencias Experimentales en la Facultad de Educaci\u00f3n y Deporte de la Universidad del Pa\u00eds Vasco (UPV\/EHU), donde ense\u00f1a e investiga sobre Did\u00e1ctica de las Ciencias, Educaci\u00f3n STEM, Educaci\u00f3n para la Sostenibilidad y Educaci\u00f3n Inclusiva e Intercultural. Tambi\u00e9n es miembro de la C\u00e1tedra UNESCO sobre [&hellip;]<\/p>\n","protected":false},"author":4,"featured_media":16114,"parent":0,"menu_order":0,"comment_status":"closed","ping_status":"closed","template":"","meta":{"footnotes":""},"class_list":["post-16090","page","type-page","status-publish","has-post-thumbnail","hentry"],"_links":{"self":[{"href":"https:\/\/www.ehu.eus\/cdsea\/web\/index.php\/wp-json\/wp\/v2\/pages\/16090"}],"collection":[{"href":"https:\/\/www.ehu.eus\/cdsea\/web\/index.php\/wp-json\/wp\/v2\/pages"}],"about":[{"href":"https:\/\/www.ehu.eus\/cdsea\/web\/index.php\/wp-json\/wp\/v2\/types\/page"}],"author":[{"embeddable":true,"href":"https:\/\/www.ehu.eus\/cdsea\/web\/index.php\/wp-json\/wp\/v2\/users\/4"}],"replies":[{"embeddable":true,"href":"https:\/\/www.ehu.eus\/cdsea\/web\/index.php\/wp-json\/wp\/v2\/comments?post=16090"}],"version-history":[{"count":5,"href":"https:\/\/www.ehu.eus\/cdsea\/web\/index.php\/wp-json\/wp\/v2\/pages\/16090\/revisions"}],"predecessor-version":[{"id":18123,"href":"https:\/\/www.ehu.eus\/cdsea\/web\/index.php\/wp-json\/wp\/v2\/pages\/16090\/revisions\/18123"}],"wp:featuredmedia":[{"embeddable":true,"href":"https:\/\/www.ehu.eus\/cdsea\/web\/index.php\/wp-json\/wp\/v2\/media\/16114"}],"wp:attachment":[{"href":"https:\/\/www.ehu.eus\/cdsea\/web\/index.php\/wp-json\/wp\/v2\/media?parent=16090"}],"curies":[{"name":"wp","href":"https:\/\/api.w.org\/{rel}","templated":true}]}}