{"id":16141,"date":"2022-09-20T12:01:40","date_gmt":"2022-09-20T12:01:40","guid":{"rendered":"https:\/\/www.ehu.eus\/cdsea\/web\/?page_id=16141"},"modified":"2022-09-20T12:01:41","modified_gmt":"2022-09-20T12:01:41","slug":"curso-online-de-cooperacion-universitaria-al-desarrollo-9a-edicion","status":"publish","type":"page","link":"https:\/\/www.ehu.eus\/cdsea\/web\/index.php\/curso-online-de-cooperacion-universitaria-al-desarrollo-9a-edicion\/","title":{"rendered":"Curso Online de Cooperaci\u00f3n universitaria al desarrollo (9\u00aa edici\u00f3n)"},"content":{"rendered":"\n<p><strong>CURSO ONLINE DE Cooperaci\u00f3n universitaria al desarrollo (9\u00aa edici\u00f3n)<\/strong><\/p>\n\n\n\n<p>Dirigido al Alumnado de grado de la UPV\/EHU que desee iniciarse en la Cooperaci\u00f3n Universitaria al Desarrollo<\/p>\n\n\n\n<p><strong>Duraci\u00f3n<\/strong>: 6 semanas. 37.5 h (convalidable por 1.5 cr\u00e9ditos optativos)<\/p>\n\n\n\n<p><strong>Fechas de impartici\u00f3n:<\/strong> desde el 10 de octubre al 18 de noviembre de 2022.<\/p>\n\n\n\n<p><strong>Plazo de inscripci\u00f3n<\/strong>: desde el 19 al 30 de septiembre 2022.<\/p>\n\n\n\n<p><strong>Modalidad:<\/strong> Online.&nbsp; A trav\u00e9s de la plataforma virtual eGelapi (<a href=\"https:\/\/egelapi.ehu.eus\/\" target=\"_blank\" rel=\"noreferrer noopener\">https:\/\/egelapi.ehu.eus\/<\/a>)<\/p>\n\n\n\n<p>Las plazas son limitadas (50 personas).<\/p>\n\n\n\n<p>inscripci\u00f3n GRATUITA EN: <a href=\"https:\/\/www.ehu.eus\/es\/web\/iraunkortasuna\/lankidetza-online-ikastaroa\" target=\"_blank\" rel=\"noreferrer noopener\">https:\/\/www.ehu.eus\/es\/web\/iraunkortasuna\/lankidetza-online-ikastaroa<\/a><\/p>\n","protected":false},"excerpt":{"rendered":"<p>CURSO ONLINE DE Cooperaci\u00f3n universitaria al desarrollo (9\u00aa edici\u00f3n) Dirigido al Alumnado de grado de la UPV\/EHU que desee iniciarse en la Cooperaci\u00f3n Universitaria al Desarrollo Duraci\u00f3n: 6 semanas. 37.5 h (convalidable por 1.5 cr\u00e9ditos optativos) Fechas de impartici\u00f3n: desde el 10 de octubre al 18 de noviembre de 2022. Plazo de inscripci\u00f3n: desde el [&hellip;]<\/p>\n","protected":false},"author":4,"featured_media":0,"parent":0,"menu_order":0,"comment_status":"closed","ping_status":"closed","template":"","meta":{"footnotes":""},"class_list":["post-16141","page","type-page","status-publish","hentry"],"_links":{"self":[{"href":"https:\/\/www.ehu.eus\/cdsea\/web\/index.php\/wp-json\/wp\/v2\/pages\/16141"}],"collection":[{"href":"https:\/\/www.ehu.eus\/cdsea\/web\/index.php\/wp-json\/wp\/v2\/pages"}],"about":[{"href":"https:\/\/www.ehu.eus\/cdsea\/web\/index.php\/wp-json\/wp\/v2\/types\/page"}],"author":[{"embeddable":true,"href":"https:\/\/www.ehu.eus\/cdsea\/web\/index.php\/wp-json\/wp\/v2\/users\/4"}],"replies":[{"embeddable":true,"href":"https:\/\/www.ehu.eus\/cdsea\/web\/index.php\/wp-json\/wp\/v2\/comments?post=16141"}],"version-history":[{"count":1,"href":"https:\/\/www.ehu.eus\/cdsea\/web\/index.php\/wp-json\/wp\/v2\/pages\/16141\/revisions"}],"predecessor-version":[{"id":16143,"href":"https:\/\/www.ehu.eus\/cdsea\/web\/index.php\/wp-json\/wp\/v2\/pages\/16141\/revisions\/16143"}],"wp:attachment":[{"href":"https:\/\/www.ehu.eus\/cdsea\/web\/index.php\/wp-json\/wp\/v2\/media?parent=16141"}],"curies":[{"name":"wp","href":"https:\/\/api.w.org\/{rel}","templated":true}]}}