{"id":16144,"date":"2022-09-20T12:02:05","date_gmt":"2022-09-20T12:02:05","guid":{"rendered":"https:\/\/www.ehu.eus\/cdsea\/web\/?page_id=16144"},"modified":"2022-09-20T12:02:06","modified_gmt":"2022-09-20T12:02:06","slug":"jornadas-internacionales-sobre-alimentacion-saludable-y-sostenible","status":"publish","type":"page","link":"https:\/\/www.ehu.eus\/cdsea\/web\/index.php\/jornadas-internacionales-sobre-alimentacion-saludable-y-sostenible\/","title":{"rendered":"JORNADAS INTERNACIONALES SOBRE ALIMENTACI\u00d3N SALUDABLE Y SOSTENIBLE"},"content":{"rendered":"\n<p>JORNADAS INTERNACIONALES SOBRE ALIMENTACI\u00d3N SALUDABLE Y SOSTENIBLE<\/p>\n\n\n\n<p>&nbsp;Desde la ONG <a href=\"https:\/\/justiciaalimentaria.org\/\" target=\"_blank\" rel=\"noreferrer noopener\">Justicia Alimentaria<\/a> y <a href=\"https:\/\/www.ehige.eus\/es\/\" target=\"_blank\" rel=\"noreferrer noopener\">EHIGE<\/a>, Confederaci\u00f3n de las AMPA<a><\/a><a href=\"https:\/\/mail.google.com\/mail\/u\/0\/#m_5493587575846547277__ftn1\"><sup>[1]<\/sup><\/a> de los centros educativos p\u00fablicos del Pa\u00eds Vasco, se celebraran las <strong><em>II Jornadas Internacionales sobre alimentaci\u00f3n escolar saludable y sostenible GOZO <\/em><\/strong>que celebraremos los d\u00edas 3,4 y 5 de octubre del 2022 en Bilbao en <a href=\"https:\/\/www.google.com\/maps\/place\/Bizkaia+Aretoa+UPV%2FEHU\/@43.2648191,-2.9512886,15z\/data=!3m1!5s0xd4e5020a48d512b:0xef1eb762f773ff00!4m19!1m13!4m12!1m4!2m2!1d-2.9475673!2d43.2626276!4e1!1m6!1m2!1s0xd4e4fdecdf9dee3:0x529de363ac4a9d01!2seuskal+are\" target=\"_blank\" rel=\"noreferrer noopener\">Bilbao<\/a>.<\/p>\n\n\n\n<p>Las primeras jornadas Gozo reunieron m\u00e1s de 200 personas en octubre del 2019. En ellas participaron experiencias <a href=\"https:\/\/www.gureplateragureaukera.eus\/es\/gozo-programa\/%20)\" target=\"_blank\" rel=\"noreferrer noopener\">internacionales y locales<\/a> del \u00e1mbito institucional, educativo y social. Aqu\u00ed encontrareis el enlace a una de las <a href=\"https:\/\/www.ehige.eus\/es\/cronica-de-las-jornadas-gozo\/\" target=\"_blank\" rel=\"noreferrer noopener\">cr\u00f3nicas<\/a> que publicamos y al <a href=\"https:\/\/www.youtube.com\/watch?v=ElOROrpUNAs\" target=\"_blank\" rel=\"noreferrer noopener\">video resumen<\/a> que difundimos posteriormente.<\/p>\n\n\n\n<p>Con el foco puesto en los comedores escolares, el objetivo de esta segunda edici\u00f3n es visibilizar y demostrar que otro modelo alimentario m\u00e1s saludable, sostenible, justo y educativo es posible. Para ello es imprescindible el trabajo e implicaci\u00f3n de diferentes instituciones, agentes sociales y educativos.&nbsp; As\u00ed las jornadas se han estructurado en cuatro bloques: pol\u00edticas p\u00fablicas, agentes sociales, observatorios y experiencias educativas. En cuanto al formato de las jornadas, habr\u00e1 espacios abiertos al p\u00fablico y sesiones de debate y reflexi\u00f3n, con un aforo limitado.<\/p>\n\n\n\n<p><strong>Consideramos que estos espacios pueden completar la oferta formativa que en este caso desarroll\u00e1is en vuestro <em>M\u00e1ster<\/em>, y es por ello que os queremos invitar a que pod\u00e1is participar en estas jornadas junto a vuestro alumnado en donde se abordaran temas muy interesantes vinculados con la alimentaci\u00f3n y la salud en el \u00e1mbito escolar, pero tambi\u00e9n a nivel familiar y social.&nbsp; Tenemos el aforo limitado por ello nos gustar\u00eda saber el inter\u00e9s que ten\u00e9is en poder participar, para poder reservaros las plazas que nos indiqu\u00e9is<em>.<\/em><\/strong><\/p>\n\n\n\n<p>Las jornadas son gratuitas, y en este enlace pod\u00e9is ver el programa y todos los contenidos. <a href=\"https:\/\/gozo.eus\/es\/\" target=\"_blank\" rel=\"noreferrer noopener\">https:\/\/gozo.eus\/es\/<\/a><\/p>\n","protected":false},"excerpt":{"rendered":"<p>JORNADAS INTERNACIONALES SOBRE ALIMENTACI\u00d3N SALUDABLE Y SOSTENIBLE &nbsp;Desde la ONG Justicia Alimentaria y EHIGE, Confederaci\u00f3n de las AMPA[1] de los centros educativos p\u00fablicos del Pa\u00eds Vasco, se celebraran las II Jornadas Internacionales sobre alimentaci\u00f3n escolar saludable y sostenible GOZO que celebraremos los d\u00edas 3,4 y 5 de octubre del 2022 en Bilbao en Bilbao. Las [&hellip;]<\/p>\n","protected":false},"author":4,"featured_media":0,"parent":0,"menu_order":0,"comment_status":"closed","ping_status":"closed","template":"","meta":{"footnotes":""},"class_list":["post-16144","page","type-page","status-publish","hentry"],"_links":{"self":[{"href":"https:\/\/www.ehu.eus\/cdsea\/web\/index.php\/wp-json\/wp\/v2\/pages\/16144"}],"collection":[{"href":"https:\/\/www.ehu.eus\/cdsea\/web\/index.php\/wp-json\/wp\/v2\/pages"}],"about":[{"href":"https:\/\/www.ehu.eus\/cdsea\/web\/index.php\/wp-json\/wp\/v2\/types\/page"}],"author":[{"embeddable":true,"href":"https:\/\/www.ehu.eus\/cdsea\/web\/index.php\/wp-json\/wp\/v2\/users\/4"}],"replies":[{"embeddable":true,"href":"https:\/\/www.ehu.eus\/cdsea\/web\/index.php\/wp-json\/wp\/v2\/comments?post=16144"}],"version-history":[{"count":1,"href":"https:\/\/www.ehu.eus\/cdsea\/web\/index.php\/wp-json\/wp\/v2\/pages\/16144\/revisions"}],"predecessor-version":[{"id":16146,"href":"https:\/\/www.ehu.eus\/cdsea\/web\/index.php\/wp-json\/wp\/v2\/pages\/16144\/revisions\/16146"}],"wp:attachment":[{"href":"https:\/\/www.ehu.eus\/cdsea\/web\/index.php\/wp-json\/wp\/v2\/media?parent=16144"}],"curies":[{"name":"wp","href":"https:\/\/api.w.org\/{rel}","templated":true}]}}