{"id":16193,"date":"2022-10-17T09:12:46","date_gmt":"2022-10-17T09:12:46","guid":{"rendered":"https:\/\/www.ehu.eus\/cdsea\/web\/?page_id=16193"},"modified":"2022-10-17T09:23:04","modified_gmt":"2022-10-17T09:23:04","slug":"congreso-microclimate-ecology-biogeography","status":"publish","type":"page","link":"https:\/\/www.ehu.eus\/cdsea\/web\/index.php\/congreso-microclimate-ecology-biogeography\/","title":{"rendered":"CONGRESO MICROCLIMATE ECOLOGY &#038; BIOGEOGRAPHY"},"content":{"rendered":"[vc_row][vc_column][vc_column_text]<p><\/p>\n<p><strong>CONGRESO MICROCLIMATE ECOLOGY &amp; BIOGEOGRAPHY <\/strong><\/p>\n<p>Dentro del proyecto ATLANTIS en el que trabajan representantes de la C\u00e1tedra se present\u00f3 el p\u00f3ster \u201cDrought resilience in native versus planted species: studying microclimates using a field rain exclusion platform in the ATLANTIS project\u201d al Congreso Microclimate ecology &amp; biogeography celebrado del 29 de agosto al 1 de septiembre en Amberes (B\u00e9lgica).<\/p>\n<p><\/p>[\/vc_column_text][\/vc_column][\/vc_row]","protected":false},"excerpt":{"rendered":"<p>[vc_row][vc_column][vc_column_text] CONGRESO MICROCLIMATE ECOLOGY &amp; BIOGEOGRAPHY Dentro del proyecto ATLANTIS en el que trabajan representantes de la C\u00e1tedra se present\u00f3 el p\u00f3ster \u201cDrought resilience in native versus planted species: studying microclimates using a field rain exclusion platform in the ATLANTIS project\u201d al Congreso Microclimate ecology &amp; biogeography celebrado del 29 de agosto al 1 de [&hellip;]<\/p>\n","protected":false},"author":4,"featured_media":0,"parent":0,"menu_order":0,"comment_status":"closed","ping_status":"closed","template":"","meta":{"footnotes":""},"class_list":["post-16193","page","type-page","status-publish","hentry"],"_links":{"self":[{"href":"https:\/\/www.ehu.eus\/cdsea\/web\/index.php\/wp-json\/wp\/v2\/pages\/16193"}],"collection":[{"href":"https:\/\/www.ehu.eus\/cdsea\/web\/index.php\/wp-json\/wp\/v2\/pages"}],"about":[{"href":"https:\/\/www.ehu.eus\/cdsea\/web\/index.php\/wp-json\/wp\/v2\/types\/page"}],"author":[{"embeddable":true,"href":"https:\/\/www.ehu.eus\/cdsea\/web\/index.php\/wp-json\/wp\/v2\/users\/4"}],"replies":[{"embeddable":true,"href":"https:\/\/www.ehu.eus\/cdsea\/web\/index.php\/wp-json\/wp\/v2\/comments?post=16193"}],"version-history":[{"count":2,"href":"https:\/\/www.ehu.eus\/cdsea\/web\/index.php\/wp-json\/wp\/v2\/pages\/16193\/revisions"}],"predecessor-version":[{"id":16211,"href":"https:\/\/www.ehu.eus\/cdsea\/web\/index.php\/wp-json\/wp\/v2\/pages\/16193\/revisions\/16211"}],"wp:attachment":[{"href":"https:\/\/www.ehu.eus\/cdsea\/web\/index.php\/wp-json\/wp\/v2\/media?parent=16193"}],"curies":[{"name":"wp","href":"https:\/\/api.w.org\/{rel}","templated":true}]}}