{"id":16199,"date":"2022-10-17T09:14:40","date_gmt":"2022-10-17T09:14:40","guid":{"rendered":"https:\/\/www.ehu.eus\/cdsea\/web\/?page_id=16199"},"modified":"2022-10-17T09:24:22","modified_gmt":"2022-10-17T09:24:22","slug":"congreso-esp-europe","status":"publish","type":"page","link":"https:\/\/www.ehu.eus\/cdsea\/web\/index.php\/congreso-esp-europe\/","title":{"rendered":"CONGRESO ESP Europe"},"content":{"rendered":"[vc_row][vc_column][vc_column_text]<p><\/p>\n<p><strong>CONGRESO ESP Europe <\/strong><\/p>\n<p>Lorena Pe\u00f1a de la C\u00e1tedra UNESCO sobre Desarrollo Sostenible y Educaci\u00f3n Ambiental de la UPV\/EHU asisti\u00f3 del 10 al 14 de octubre al ESP Europe Regional Conference 2022 celebrada en Heraklion (Grecia) con la presentaci\u00f3n del poster \u201cIntegration of ecosystem services in the management of the Urdaibai Biosphere Reserve\u201d.<\/p>\n<p><\/p>[\/vc_column_text][\/vc_column][\/vc_row]","protected":false},"excerpt":{"rendered":"<p>[vc_row][vc_column][vc_column_text] CONGRESO ESP Europe Lorena Pe\u00f1a de la C\u00e1tedra UNESCO sobre Desarrollo Sostenible y Educaci\u00f3n Ambiental de la UPV\/EHU asisti\u00f3 del 10 al 14 de octubre al ESP Europe Regional Conference 2022 celebrada en Heraklion (Grecia) con la presentaci\u00f3n del poster \u201cIntegration of ecosystem services in the management of the Urdaibai Biosphere Reserve\u201d. [\/vc_column_text][\/vc_column][\/vc_row]<\/p>\n","protected":false},"author":4,"featured_media":0,"parent":0,"menu_order":0,"comment_status":"closed","ping_status":"closed","template":"","meta":{"footnotes":""},"class_list":["post-16199","page","type-page","status-publish","hentry"],"_links":{"self":[{"href":"https:\/\/www.ehu.eus\/cdsea\/web\/index.php\/wp-json\/wp\/v2\/pages\/16199"}],"collection":[{"href":"https:\/\/www.ehu.eus\/cdsea\/web\/index.php\/wp-json\/wp\/v2\/pages"}],"about":[{"href":"https:\/\/www.ehu.eus\/cdsea\/web\/index.php\/wp-json\/wp\/v2\/types\/page"}],"author":[{"embeddable":true,"href":"https:\/\/www.ehu.eus\/cdsea\/web\/index.php\/wp-json\/wp\/v2\/users\/4"}],"replies":[{"embeddable":true,"href":"https:\/\/www.ehu.eus\/cdsea\/web\/index.php\/wp-json\/wp\/v2\/comments?post=16199"}],"version-history":[{"count":2,"href":"https:\/\/www.ehu.eus\/cdsea\/web\/index.php\/wp-json\/wp\/v2\/pages\/16199\/revisions"}],"predecessor-version":[{"id":16214,"href":"https:\/\/www.ehu.eus\/cdsea\/web\/index.php\/wp-json\/wp\/v2\/pages\/16199\/revisions\/16214"}],"wp:attachment":[{"href":"https:\/\/www.ehu.eus\/cdsea\/web\/index.php\/wp-json\/wp\/v2\/media?parent=16199"}],"curies":[{"name":"wp","href":"https:\/\/api.w.org\/{rel}","templated":true}]}}