{"id":16220,"date":"2022-10-17T09:28:20","date_gmt":"2022-10-17T09:28:20","guid":{"rendered":"https:\/\/www.ehu.eus\/cdsea\/web\/?page_id=16220"},"modified":"2022-10-17T09:29:16","modified_gmt":"2022-10-17T09:29:16","slug":"congreso-13-ser-europe","status":"publish","type":"page","link":"https:\/\/www.ehu.eus\/cdsea\/web\/index.php\/congreso-13-ser-europe\/","title":{"rendered":"Congreso 13 SER Europe"},"content":{"rendered":"[vc_row][vc_column][vc_column_text]<p><\/p>\n<p><strong>Congreso 13 SER Europe<\/strong><\/p>\n<p>Lorena Pe\u00f1a de la C\u00e1tedra UNESCO sobre Desarrollo Sostenible y Educaci\u00f3n Ambiental de la UPV\/EHU asisti\u00f3 del 5 al 9 de septiembre en Alicante al Congreso 13 SER Europe con la presentaci\u00f3n del p\u00f3ster \u201cPrioritizing restoration areas thanks to Green-Blue Infrastructure\u201d.<\/p>\n<p><\/p>[\/vc_column_text][\/vc_column][\/vc_row]","protected":false},"excerpt":{"rendered":"<p>[vc_row][vc_column][vc_column_text] Congreso 13 SER Europe Lorena Pe\u00f1a de la C\u00e1tedra UNESCO sobre Desarrollo Sostenible y Educaci\u00f3n Ambiental de la UPV\/EHU asisti\u00f3 del 5 al 9 de septiembre en Alicante al Congreso 13 SER Europe con la presentaci\u00f3n del p\u00f3ster \u201cPrioritizing restoration areas thanks to Green-Blue Infrastructure\u201d. [\/vc_column_text][\/vc_column][\/vc_row]<\/p>\n","protected":false},"author":4,"featured_media":0,"parent":0,"menu_order":0,"comment_status":"closed","ping_status":"closed","template":"","meta":{"footnotes":""},"class_list":["post-16220","page","type-page","status-publish","hentry"],"_links":{"self":[{"href":"https:\/\/www.ehu.eus\/cdsea\/web\/index.php\/wp-json\/wp\/v2\/pages\/16220"}],"collection":[{"href":"https:\/\/www.ehu.eus\/cdsea\/web\/index.php\/wp-json\/wp\/v2\/pages"}],"about":[{"href":"https:\/\/www.ehu.eus\/cdsea\/web\/index.php\/wp-json\/wp\/v2\/types\/page"}],"author":[{"embeddable":true,"href":"https:\/\/www.ehu.eus\/cdsea\/web\/index.php\/wp-json\/wp\/v2\/users\/4"}],"replies":[{"embeddable":true,"href":"https:\/\/www.ehu.eus\/cdsea\/web\/index.php\/wp-json\/wp\/v2\/comments?post=16220"}],"version-history":[{"count":2,"href":"https:\/\/www.ehu.eus\/cdsea\/web\/index.php\/wp-json\/wp\/v2\/pages\/16220\/revisions"}],"predecessor-version":[{"id":16226,"href":"https:\/\/www.ehu.eus\/cdsea\/web\/index.php\/wp-json\/wp\/v2\/pages\/16220\/revisions\/16226"}],"wp:attachment":[{"href":"https:\/\/www.ehu.eus\/cdsea\/web\/index.php\/wp-json\/wp\/v2\/media?parent=16220"}],"curies":[{"name":"wp","href":"https:\/\/api.w.org\/{rel}","templated":true}]}}