{"id":16278,"date":"2022-10-20T11:18:57","date_gmt":"2022-10-20T11:18:57","guid":{"rendered":"https:\/\/www.ehu.eus\/cdsea\/web\/?page_id=16278"},"modified":"2022-10-20T11:18:58","modified_gmt":"2022-10-20T11:18:58","slug":"encuentro-educacion-climatica-para-el-futuro-que-queremos","status":"publish","type":"page","link":"https:\/\/www.ehu.eus\/cdsea\/web\/index.php\/encuentro-educacion-climatica-para-el-futuro-que-queremos\/","title":{"rendered":"ENCUENTRO EDUCACION CLIMATICA PARA EL FUTURO QUE QUEREMOS"},"content":{"rendered":"\n<p>En el encuentro <em>Educaci\u00f3n clim\u00e1tica para el futuro que queremos<\/em>, celebrado el 28 de octubre en BBK Klima Abentura Bizkaia (Busturia). &nbsp;Entre otras interensant\u00edsimas intervenciones tendremos la oportunidad de oir a Ibone Ametzaga &nbsp;Directora de la C\u00e1tedra.<\/p>\n\n\n\n<p>El ENCUENTRO EDUCACI\u00d3N CLIM\u00c1TICA PARA EL FUTURO QUE QUEREMOS pretende ser un espacio para que los diversos agentes vascos que trabajan en educaci\u00f3n para la sostenibilidad, intercambien conocimientos, experiencias y reflexiones en innovaci\u00f3n y educaci\u00f3n clim\u00e1tica, para el fomento de estilos de vida sostenibles y neutros en carbono.<\/p>\n\n\n\n<p>Promovido por UNESCO Etxea, en colaboraci\u00f3n con el Departamento de Desarrollo Econ\u00f3mico, Sostenibilidad y Medio Ambiente del Gobierno Vasco y BBK Klima, en el marco de Asteklima 2022, el objetivo principal del Encuentro es fomentar la colaboraci\u00f3n, el di\u00e1logo y el intercambio de experiencias multi-actor, multidisciplinares y multinivel, a fin de avanzar en educaci\u00f3n clim\u00e1tica a trav\u00e9s del conocimiento y la educaci\u00f3n transformadora.<\/p>\n\n\n\n<p>Esta jornada se enmarca en el compromiso de UNESCO Etxea y el Gobierno Vasco con la Agenda 2030 de Desarrollo Sostenible (especialmente los ODS 4 y 13) y el Basque Green Deal para lograr una econom\u00eda clim\u00e1ticamente neutra y \u00abESDpara2030\u00bb, el marco mundial de la Educaci\u00f3n para el Desarrollo Sostenible durante los 10 pr\u00f3ximos a\u00f1os. Se desarrollar\u00e1 en el marco de Asteklima 2022.<\/p>\n\n\n\n<p><strong>QU\u00c9 OFRECE EL ENCUENTRO:<\/strong><\/p>\n\n\n\n<ul class=\"wp-block-list\"><li><strong>Ponencias de expertos\/as internacionales<\/strong><\/li><li><strong>Buenas pr\u00e1cticas en educaci\u00f3n clim\u00e1tica<\/strong><\/li><li><strong>Formatos educativos innovadores<\/strong><\/li><\/ul>\n\n\n\n<p><strong>Espacio de intercambio de experiencias en Euskadi<\/strong><\/p>\n\n\n\n<p><a href=\"https:\/\/www.unescoetxea.org\/dokumentuak\/asteklima2022_programa.pdf\">https:\/\/www.unescoetxea.org\/dokumentuak\/asteklima2022_programa.pdf<\/a><\/p>\n\n\n\n<p><a href=\"https:\/\/support.google.com\/drive\/answer\/6283888\">https:\/\/support.google.com\/drive\/answer\/6283888<\/a><\/p>\n","protected":false},"excerpt":{"rendered":"<p>En el encuentro Educaci\u00f3n clim\u00e1tica para el futuro que queremos, celebrado el 28 de octubre en BBK Klima Abentura Bizkaia (Busturia). &nbsp;Entre otras interensant\u00edsimas intervenciones tendremos la oportunidad de oir a Ibone Ametzaga &nbsp;Directora de la C\u00e1tedra. El ENCUENTRO EDUCACI\u00d3N CLIM\u00c1TICA PARA EL FUTURO QUE QUEREMOS pretende ser un espacio para que los diversos agentes [&hellip;]<\/p>\n","protected":false},"author":4,"featured_media":0,"parent":0,"menu_order":0,"comment_status":"closed","ping_status":"closed","template":"","meta":{"footnotes":""},"class_list":["post-16278","page","type-page","status-publish","hentry"],"_links":{"self":[{"href":"https:\/\/www.ehu.eus\/cdsea\/web\/index.php\/wp-json\/wp\/v2\/pages\/16278"}],"collection":[{"href":"https:\/\/www.ehu.eus\/cdsea\/web\/index.php\/wp-json\/wp\/v2\/pages"}],"about":[{"href":"https:\/\/www.ehu.eus\/cdsea\/web\/index.php\/wp-json\/wp\/v2\/types\/page"}],"author":[{"embeddable":true,"href":"https:\/\/www.ehu.eus\/cdsea\/web\/index.php\/wp-json\/wp\/v2\/users\/4"}],"replies":[{"embeddable":true,"href":"https:\/\/www.ehu.eus\/cdsea\/web\/index.php\/wp-json\/wp\/v2\/comments?post=16278"}],"version-history":[{"count":1,"href":"https:\/\/www.ehu.eus\/cdsea\/web\/index.php\/wp-json\/wp\/v2\/pages\/16278\/revisions"}],"predecessor-version":[{"id":16280,"href":"https:\/\/www.ehu.eus\/cdsea\/web\/index.php\/wp-json\/wp\/v2\/pages\/16278\/revisions\/16280"}],"wp:attachment":[{"href":"https:\/\/www.ehu.eus\/cdsea\/web\/index.php\/wp-json\/wp\/v2\/media?parent=16278"}],"curies":[{"name":"wp","href":"https:\/\/api.w.org\/{rel}","templated":true}]}}