{"id":16322,"date":"2022-11-03T13:25:47","date_gmt":"2022-11-03T13:25:47","guid":{"rendered":"https:\/\/www.ehu.eus\/cdsea\/web\/?page_id=16322"},"modified":"2022-11-03T13:25:48","modified_gmt":"2022-11-03T13:25:48","slug":"participacion-en-el-programa-faktoria","status":"publish","type":"page","link":"https:\/\/www.ehu.eus\/cdsea\/web\/index.php\/participacion-en-el-programa-faktoria\/","title":{"rendered":"Participaci\u00f3n en el programa Faktoria"},"content":{"rendered":"\n<p>Ibone Ametzaga directora de la C\u00e1tedra Unesco de Desarrollo Sostenible y Educaci\u00f3n Ambiental (UPV\/EHU) acudi\u00f3 ayer, como cada mi\u00e9rcoles, a EITB para colaborar en el programa FAKTORIA, secci\u00f3n: Munduaren Akabera, en este caso para tratar el tema de los Micropl\u00e1sticos<\/p>\n\n\n\n<p><a href=\"https:\/\/www.eitb.eus\/eu\/irratia\/euskadi-irratia\/programak\/faktoria\/osoa\/9003573\/munduaren-akabera-viii-mikroplastikoez-oihane-cabezaekin\/\">https:\/\/www.eitb.eus\/eu\/irratia\/euskadi-irratia\/programak\/faktoria\/osoa\/9003573\/munduaren-akabera-viii-mikroplastikoez-oihane-cabezaekin\/<\/a><\/p>\n","protected":false},"excerpt":{"rendered":"<p>Ibone Ametzaga directora de la C\u00e1tedra Unesco de Desarrollo Sostenible y Educaci\u00f3n Ambiental (UPV\/EHU) acudi\u00f3 ayer, como cada mi\u00e9rcoles, a EITB para colaborar en el programa FAKTORIA, secci\u00f3n: Munduaren Akabera, en este caso para tratar el tema de los Micropl\u00e1sticos https:\/\/www.eitb.eus\/eu\/irratia\/euskadi-irratia\/programak\/faktoria\/osoa\/9003573\/munduaren-akabera-viii-mikroplastikoez-oihane-cabezaekin\/<\/p>\n","protected":false},"author":4,"featured_media":0,"parent":0,"menu_order":0,"comment_status":"closed","ping_status":"closed","template":"","meta":{"footnotes":""},"class_list":["post-16322","page","type-page","status-publish","hentry"],"_links":{"self":[{"href":"https:\/\/www.ehu.eus\/cdsea\/web\/index.php\/wp-json\/wp\/v2\/pages\/16322"}],"collection":[{"href":"https:\/\/www.ehu.eus\/cdsea\/web\/index.php\/wp-json\/wp\/v2\/pages"}],"about":[{"href":"https:\/\/www.ehu.eus\/cdsea\/web\/index.php\/wp-json\/wp\/v2\/types\/page"}],"author":[{"embeddable":true,"href":"https:\/\/www.ehu.eus\/cdsea\/web\/index.php\/wp-json\/wp\/v2\/users\/4"}],"replies":[{"embeddable":true,"href":"https:\/\/www.ehu.eus\/cdsea\/web\/index.php\/wp-json\/wp\/v2\/comments?post=16322"}],"version-history":[{"count":1,"href":"https:\/\/www.ehu.eus\/cdsea\/web\/index.php\/wp-json\/wp\/v2\/pages\/16322\/revisions"}],"predecessor-version":[{"id":16324,"href":"https:\/\/www.ehu.eus\/cdsea\/web\/index.php\/wp-json\/wp\/v2\/pages\/16322\/revisions\/16324"}],"wp:attachment":[{"href":"https:\/\/www.ehu.eus\/cdsea\/web\/index.php\/wp-json\/wp\/v2\/media?parent=16322"}],"curies":[{"name":"wp","href":"https:\/\/api.w.org\/{rel}","templated":true}]}}