{"id":16390,"date":"2022-11-15T12:50:24","date_gmt":"2022-11-15T12:50:24","guid":{"rendered":"https:\/\/www.ehu.eus\/cdsea\/web\/?page_id=16390"},"modified":"2022-11-15T12:53:50","modified_gmt":"2022-11-15T12:53:50","slug":"16390-2","status":"publish","type":"page","link":"https:\/\/www.ehu.eus\/cdsea\/web\/index.php\/16390-2\/","title":{"rendered":"ZIENTZIA ASTEA 2022"},"content":{"rendered":"[vc_row][vc_column][vc_column_text]<p><\/p>\n<h4 class=\"wp-block-heading\"><strong><span style=\"font-size: 12pt;\">ZIENTZIA ASTEA 2022 \/ Semana de la Ciencia, la Tecnolog\u00eda y la Innovaci\u00f3n<\/span><\/strong><\/h4>\n<h4 id=\"el-9-de-noviembre-beatriz-fernandez-de-manuel-investigadora-de-la-catedra-unesco-sobre-desarrollo-sostenible-y-educacion-ambiental-de-la-upv-ehu-impartio-la-charla-titulada-renaturalizar-la-ciudad-genera-bienestar-y-salud-en-las-personas-en-el-centro-civico-clara-campoamor-auditorium-de-barakaldo-tambien-se-siguio-por-streaming-desde-el-canal-de-youtube-del-ayuntamiento-de-barakaldo-link\"><span style=\"font-size: 12pt;\">El 9 de noviembre Beatriz Fern\u00e1ndez de Manuel, investigadora de la <strong>C\u00e1tedra UNESCO sobre Desarrollo Sostenible y Educaci\u00f3n Ambiental de la UPV\/EHU<\/strong> imparti\u00f3 la charla titulada <strong><em>Renaturalizar la ciudad genera bienestar y salud en las personas<\/em><\/strong> en el Centro C\u00edvico Clara Campoamor. Auditorium de Barakaldo. Tambi\u00e9n se sigui\u00f3 por <em>streaming<\/em> desde el canal de YouTube del Ayuntamiento de Barakaldo.<\/span><\/h4>\n<p><\/p>\n<p><\/p>\n<p>M\u00e1s informaci\u00f3n en:<\/p>\n<p>https:\/\/zientzia-astea.eus\/es\/schedule\/renaturalizar-la-ciudad-genera-bienestar-y-salud-en-las-personas<\/p>\n<p><\/p>\n<p><\/p>\n<p><\/p>[\/vc_column_text][\/vc_column][\/vc_row]","protected":false},"excerpt":{"rendered":"<p>[vc_row][vc_column][vc_column_text] ZIENTZIA ASTEA 2022 \/ Semana de la Ciencia, la Tecnolog\u00eda y la Innovaci\u00f3n El 9 de noviembre Beatriz Fern\u00e1ndez de Manuel, investigadora de la C\u00e1tedra UNESCO sobre Desarrollo Sostenible y Educaci\u00f3n Ambiental de la UPV\/EHU imparti\u00f3 la charla titulada Renaturalizar la ciudad genera bienestar y salud en las personas en el Centro C\u00edvico Clara [&hellip;]<\/p>\n","protected":false},"author":4,"featured_media":0,"parent":0,"menu_order":0,"comment_status":"closed","ping_status":"closed","template":"","meta":{"footnotes":""},"class_list":["post-16390","page","type-page","status-publish","hentry"],"_links":{"self":[{"href":"https:\/\/www.ehu.eus\/cdsea\/web\/index.php\/wp-json\/wp\/v2\/pages\/16390"}],"collection":[{"href":"https:\/\/www.ehu.eus\/cdsea\/web\/index.php\/wp-json\/wp\/v2\/pages"}],"about":[{"href":"https:\/\/www.ehu.eus\/cdsea\/web\/index.php\/wp-json\/wp\/v2\/types\/page"}],"author":[{"embeddable":true,"href":"https:\/\/www.ehu.eus\/cdsea\/web\/index.php\/wp-json\/wp\/v2\/users\/4"}],"replies":[{"embeddable":true,"href":"https:\/\/www.ehu.eus\/cdsea\/web\/index.php\/wp-json\/wp\/v2\/comments?post=16390"}],"version-history":[{"count":3,"href":"https:\/\/www.ehu.eus\/cdsea\/web\/index.php\/wp-json\/wp\/v2\/pages\/16390\/revisions"}],"predecessor-version":[{"id":16397,"href":"https:\/\/www.ehu.eus\/cdsea\/web\/index.php\/wp-json\/wp\/v2\/pages\/16390\/revisions\/16397"}],"wp:attachment":[{"href":"https:\/\/www.ehu.eus\/cdsea\/web\/index.php\/wp-json\/wp\/v2\/media?parent=16390"}],"curies":[{"name":"wp","href":"https:\/\/api.w.org\/{rel}","templated":true}]}}